{"id":50298,"date":"2025-02-13T17:53:25","date_gmt":"2025-02-13T16:53:25","guid":{"rendered":"https:\/\/footballthrift.shop\/?post_type=product&#038;p=50298"},"modified":"2026-03-09T11:32:11","modified_gmt":"2026-03-09T10:32:11","slug":"leeds-united-fc-1996-98-away-xl","status":"publish","type":"product","link":"https:\/\/footballthrift.shop\/de\/leeds-united-fc-1996-98-away-xl\/","title":{"rendered":"Koszulka pi\u0142karska Leeds United FC 1996\/98 Away [XL]"},"content":{"rendered":"<p><strong>Verein:<\/strong> Leeds United FC<\/p>\n<p><strong>Saison:<\/strong> 1996\/98 Ausw\u00e4rts<\/p>\n<p><strong>Gr\u00f6\u00dfe: <\/strong>XL<\/p>\n<p><strong>Zustand:<\/strong> Gut - Mikroloch auf der Vorderseite, ein paar Mikrorisse, leicht besch\u00e4digtes Puma-Logo und abgeriebener Sponsorenaufdruck.<\/p>\n<p><strong>Ma\u00dfe (Achselbreite\/L\u00e4nge) in cm: <\/strong>65\/72<\/p>","protected":false},"excerpt":{"rendered":"<p><strong>Original 1996\/98 Leeds United FC Ausw\u00e4rtstrikot von Puma.\u00a0<\/strong><\/p>\n<p>Ausw\u00e4rtsmodell <strong>Leeds United FC in der Saison 1996\/98<\/strong>hergestellt von <strong>Puma<\/strong> in XL-Gr\u00f6\u00dfe, stammt aus einer Zeit, in der der Verein von der Elland Road in den <strong>Erste Liga<\/strong> in der zweiten H\u00e4lfte der 1990er Jahre. Die Mannschaft, die damals von Howard Wilkinson und sp\u00e4ter von George Graham angef\u00fchrt wurde, k\u00e4mpfte darum, in der englischen Eliteklasse konkurrenzf\u00e4hig zu bleiben, und st\u00fctzte sich auf eine Mischung aus erfahrenen Spielern und talentierten Offensivspielern.<\/p>\n<p>Das T-Shirt wurde hergestellt auf <strong>gelber Sockel<\/strong>, die die Ausw\u00e4rtstrikots auszeichnet <strong>Leeds United FC<\/strong> vor einem Hintergrund aus traditionellen wei\u00dfen Hausfarben. Das Design erg\u00e4nzt die <strong>gekn\u00f6pfter Kragen<\/strong>, beendet in <strong>wei\u00dfe und blaue Farben<\/strong>, identisch mit den Details an den \u00c4rmeln. Auf der Vorderseite steht ein Sponsorenaufdruck im Mittelpunkt. <strong>Packard Bell<\/strong>, ein Wappen <strong>Leeds United FC<\/strong> und Logo <strong>Pumas<\/strong> ist klassisch auf der Brust platziert, wobei die f\u00fcr die Produktionsentw\u00fcrfe charakteristische symmetrische Anordnung beibehalten wird. <strong>Pumas<\/strong> in der zweiten H\u00e4lfte der 1990er Jahre.<\/p>\n<p>In diesem Zeitraum wurden die Farben <strong>Leeds United FC<\/strong> vertreten u.a. durch. <strong>Gary McAllister<\/strong>, <strong>Tony Yeboah<\/strong>, <strong>Rod Wallace<\/strong>, <strong>Lee Sharpe<\/strong> oder <strong>Nigel Martyn<\/strong>, die wichtige Figuren in der Mannschaft waren, die an der <strong>Erste Liga<\/strong> in den sp\u00e4ten 1990er Jahren.<\/p>\n<p>Das T-Shirt ist aus leichtem und atmungsaktivem Material gefertigt und der Schnitt in Gr\u00f6\u00dfe XL entspricht den Standards der <strong>Pumas<\/strong>, mit klassischer Passform, die f\u00fcr das Produktionsdesign charakteristisch ist <strong>Pumas<\/strong>.<\/p>\n<p>Dies ist f\u00fcr Sammler und Fans, die ein originales Ausw\u00e4rtstrikot suchen <strong>Leeds United FC<\/strong> z <strong>1996\/98<\/strong>, die die Zeit der Auftritte des Vereins in der Elland Road in den letzten Jahren deutlich dokumentiert. <strong>Erste Liga<\/strong> in der zweiten H\u00e4lfte der 1990er Jahre.<\/p>","protected":false},"featured_media":50428,"template":"","meta":{"_kad_blocks_custom_css":"","_kad_blocks_head_custom_js":"","_kad_blocks_body_custom_js":"","_kad_blocks_footer_custom_js":"","_kad_post_transparent":"default","_kad_post_title":"","_kad_post_layout":"default","_kad_post_sidebar_id":"","_kad_post_content_style":"default","_kad_post_vertical_padding":"default","_kad_post_feature":"","_kad_post_feature_position":"","_kad_post_header":false,"_kad_post_footer":false,"_kad_post_classname":""},"product_brand":[1287],"product_cat":[1485,2032],"product_tag":[],"class_list":{"0":"post-50298","1":"product","2":"type-product","3":"status-publish","4":"has-post-thumbnail","6":"product_brand-puma","7":"product_cat-pozostale-kluby-angielskie","8":"product_cat-leeds-united-fc","9":"pa_homeawaythird-away","10":"pa_rozmiar-xl","12":"first","13":"instock","14":"taxable","15":"shipping-taxable","16":"purchasable","17":"product-type-simple","18":"entry","19":"content-bg","20":"loop-entry"},"taxonomy_info":{"product_brand":[{"value":1287,"label":"Puma"}],"product_cat":[{"value":1485,"label":"Pozosta\u0142e kluby angielskie"},{"value":2032,"label":"Leeds United FC"}],"pa_homeawaythird":[{"value":1598,"label":"Away"}],"pa_rozmiar":[{"value":1818,"label":"XL"}]},"featured_image_src_large":["https:\/\/footballthrift.shop\/wp-content\/uploads\/2024\/09\/Photoroom_016_20240907_120244-1024x1024.png",1024,1024,true],"author_info":[],"comment_info":"","_links":{"self":[{"href":"https:\/\/footballthrift.shop\/de\/wp-json\/wp\/v2\/product\/50298","targetHints":{"allow":["GET"]}}],"collection":[{"href":"https:\/\/footballthrift.shop\/de\/wp-json\/wp\/v2\/product"}],"about":[{"href":"https:\/\/footballthrift.shop\/de\/wp-json\/wp\/v2\/types\/product"}],"wp:featuredmedia":[{"embeddable":true,"href":"https:\/\/footballthrift.shop\/de\/wp-json\/wp\/v2\/media\/50428"}],"wp:attachment":[{"href":"https:\/\/footballthrift.shop\/de\/wp-json\/wp\/v2\/media?parent=50298"}],"wp:term":[{"taxonomy":"product_brand","embeddable":true,"href":"https:\/\/footballthrift.shop\/de\/wp-json\/wp\/v2\/product_brand?post=50298"},{"taxonomy":"product_cat","embeddable":true,"href":"https:\/\/footballthrift.shop\/de\/wp-json\/wp\/v2\/product_cat?post=50298"},{"taxonomy":"product_tag","embeddable":true,"href":"https:\/\/footballthrift.shop\/de\/wp-json\/wp\/v2\/product_tag?post=50298"}],"curies":[{"name":"wp","href":"https:\/\/api.w.org\/{rel}","templated":true}]}}