{"id":50297,"date":"2025-02-13T17:53:26","date_gmt":"2025-02-13T16:53:26","guid":{"rendered":"https:\/\/footballthrift.shop\/?post_type=product&#038;p=50297"},"modified":"2026-03-09T11:32:11","modified_gmt":"2026-03-09T10:32:11","slug":"polar-fc-bayern-monachium-2013-14-l","status":"publish","type":"product","link":"https:\/\/footballthrift.shop\/de\/polar-fc-bayern-monachium-2013-14-l\/","title":{"rendered":"Polar klubowy FC Bayern Monachium 2013\/14 [L]"},"content":{"rendered":"<p><strong>Verein:<\/strong> FC Bayern M\u00fcnchen<\/p>\n<p><strong>Saison:<\/strong> 2013\/14<\/p>\n<p><strong>Gr\u00f6\u00dfe: <\/strong>L<\/p>\n<p><strong>Zustand:<\/strong> Sehr gut - ein Mikrofleck auf dem \u00c4rmelband.<\/p>\n<p><strong>Ma\u00dfe (Achselbreite\/L\u00e4nge) in cm: <\/strong>58\/70<\/p>","protected":false},"excerpt":{"rendered":"<p><strong>Original Bayern M\u00fcnchen Vereinsfleece aus der Saison 2013\/14 von Adidas.\u00a0<\/strong><\/p>\n<p>Club Vlies <strong>Bayern M\u00fcnchen ab der Saison 2013\/14<\/strong>hergestellt von <strong>Adidas<\/strong> in Gr\u00f6\u00dfe L, stammt aus einer der denkw\u00fcrdigsten Perioden in der modernen Geschichte des bayerischen Vereins. Es war die erste Saison, in der Pep Guardiola das Ruder in der <strong>Bayern M\u00fcnchen<\/strong>, der die Mannschaft nach dem historischen Champions-League-Triumph \u00fcbernahm und die Dominanz des Teams in der heimischen Arena fortsetzte.<\/p>\n<p>Das Modell wird gepflegt in <strong>rote Farbgebung<\/strong>, Merkmal der visuellen Identit\u00e4t <strong>Bayern M\u00fcnchen<\/strong>. Der Polar hat folgende Eigenschaften <strong>unvollst\u00e4ndiger Rei\u00dfverschluss<\/strong>, was dem Ganzen einen sportlich-trainierenden Charakter verleiht. Der \u00c4rmel bietet <strong>wei\u00dfe Streifen, typisch f\u00fcr Adidas-Designs<\/strong>, der eines der erkennbarsten Stilelemente der Kleidungsst\u00fccke der Produktion ist <strong>Adidas<\/strong>.<\/p>\n<p>Saison <strong>2013\/14<\/strong> war f\u00fcr <strong>Bayern M\u00fcnchen<\/strong> \u00e4u\u00dferst erfolgreich - das Team dominierte den Wettbewerb <strong>Bundesliga<\/strong>, Das Team gewann die deutsche Meisterschaft mit gro\u00dfem Vorsprung vor seinen Konkurrenten. Die Mannschaft bestand damals aus. <strong>Philipp Lahm<\/strong>, <strong>Bastian Schweinsteiger<\/strong>, <strong>Arjen Robben<\/strong>, <strong>Franck Rib\u00e9ry<\/strong>, <strong>Thomas M\u00fcller<\/strong> oder <strong>Manuel Neuer<\/strong>, die damals den Kern einer der st\u00e4rksten Mannschaften Europas bildeten.<\/p>\n<p>Das Fleece ist aus warmem Material und der Schnitt in Gr\u00f6\u00dfe L entspricht den Normen der <strong>Adidas<\/strong>, und bietet den f\u00fcr Clubwear typischen Tragekomfort. <strong>Adidas<\/strong>.<\/p>\n<p>F\u00fcr Sammler und Fans, die ein originales Vereinsfleece suchen <strong>Bayern M\u00fcnchen<\/strong> z <strong>Saison 2013\/14<\/strong>, ein deutliches Zeugnis der Dominanz des bayerischen Vereins im deutschen Fu\u00dfball.<\/p>","protected":false},"featured_media":50420,"template":"","meta":{"_kad_blocks_custom_css":"","_kad_blocks_head_custom_js":"","_kad_blocks_body_custom_js":"","_kad_blocks_footer_custom_js":"","_kad_post_transparent":"default","_kad_post_title":"","_kad_post_layout":"default","_kad_post_sidebar_id":"","_kad_post_content_style":"default","_kad_post_vertical_padding":"default","_kad_post_feature":"","_kad_post_feature_position":"","_kad_post_header":false,"_kad_post_footer":false,"_kad_post_classname":""},"product_brand":[1283],"product_cat":[1455,1423],"product_tag":[],"class_list":{"0":"post-50297","1":"product","2":"type-product","3":"status-publish","4":"has-post-thumbnail","6":"product_brand-adidas","7":"product_cat-kluby-niemieckie-fcbayernmonachium","8":"product_cat-kurtkibluzytrening","9":"pa_rozmiar-l","11":"first","12":"instock","13":"taxable","14":"shipping-taxable","15":"purchasable","16":"product-type-simple","17":"entry","18":"content-bg","19":"loop-entry"},"taxonomy_info":{"product_brand":[{"value":1283,"label":"Adidas"}],"product_cat":[{"value":1455,"label":"FC Bayern Monachium"},{"value":1423,"label":"Kurtki\/bluzy\/trening"}],"pa_rozmiar":[{"value":1817,"label":"L"}]},"featured_image_src_large":["https:\/\/footballthrift.shop\/wp-content\/uploads\/2024\/09\/Photoroom_029_20240907_120244-1024x1024.png",1024,1024,true],"author_info":[],"comment_info":"","_links":{"self":[{"href":"https:\/\/footballthrift.shop\/de\/wp-json\/wp\/v2\/product\/50297","targetHints":{"allow":["GET"]}}],"collection":[{"href":"https:\/\/footballthrift.shop\/de\/wp-json\/wp\/v2\/product"}],"about":[{"href":"https:\/\/footballthrift.shop\/de\/wp-json\/wp\/v2\/types\/product"}],"wp:featuredmedia":[{"embeddable":true,"href":"https:\/\/footballthrift.shop\/de\/wp-json\/wp\/v2\/media\/50420"}],"wp:attachment":[{"href":"https:\/\/footballthrift.shop\/de\/wp-json\/wp\/v2\/media?parent=50297"}],"wp:term":[{"taxonomy":"product_brand","embeddable":true,"href":"https:\/\/footballthrift.shop\/de\/wp-json\/wp\/v2\/product_brand?post=50297"},{"taxonomy":"product_cat","embeddable":true,"href":"https:\/\/footballthrift.shop\/de\/wp-json\/wp\/v2\/product_cat?post=50297"},{"taxonomy":"product_tag","embeddable":true,"href":"https:\/\/footballthrift.shop\/de\/wp-json\/wp\/v2\/product_tag?post=50297"}],"curies":[{"name":"wp","href":"https:\/\/api.w.org\/{rel}","templated":true}]}}