{"id":49759,"date":"2025-02-13T17:53:09","date_gmt":"2025-02-13T16:53:09","guid":{"rendered":"https:\/\/footballthrift.shop\/?post_type=product&#038;p=49759"},"modified":"2026-03-09T11:32:14","modified_gmt":"2026-03-09T10:32:14","slug":"polen-2007-09-heim-xxl","status":"publish","type":"product","link":"https:\/\/footballthrift.shop\/de\/polska-2007-09-home-xxl\/","title":{"rendered":"Koszulka pi\u0142karska Polska 2007\/09 Home [XXL]"},"content":{"rendered":"<p><strong>Verein:<\/strong> Polen<\/p>\n<p><strong>Saison:<\/strong> 2007\/09 Startseite<\/p>\n<p><strong>Gr\u00f6\u00dfe: <\/strong>XXL<\/p>\n<p><strong>Zustand: <\/strong>Gut - Verschmutzung auf dem R\u00fccken und ein abgenutzter Fleck am Hals.<\/p>\n<p><strong>Ma\u00dfe (Achselbreite\/L\u00e4nge) in cm: <\/strong>58\/78<\/p>","protected":false},"excerpt":{"rendered":"<p><strong>Original 2007\/09 Heimtrikot der polnischen Nationalmannschaft von Puma.\u00a0<\/strong><\/p>\n<p>Heimmodell <strong>der polnischen Nationalmannschaft 2007\/09<\/strong>hergestellt von <strong>Puma<\/strong> in XXL-Gr\u00f6\u00dfe, geht auf einen der wichtigsten Momente in der Geschichte der polnischen Mannschaft zu Beginn des 21. Jahrhunderts zur\u00fcck. <strong>Polnische Nationalmannschaft<\/strong> in diesem Outfit w\u00e4hrend <strong>Europameisterschaft 2008<\/strong>, Es war die erste Teilnahme der Rot-Wei\u00dfen an einem Endturnier dieser Gr\u00f6\u00dfenordnung \u00fcberhaupt.<\/p>\n<p>Das T-Shirt wurde hergestellt auf <strong>wei\u00dfer Sockel<\/strong>, die die traditionellen Farben untermauern <strong>die polnische Nationalmannschaft<\/strong>. Das Projekt wird erg\u00e4nzt durch <strong>rote \u00c4rmelabschl\u00fcsse<\/strong>, die mit den leuchtenden Farben des T-Shirts kontrastiert. Auf der Brust, Seite an Seite <strong>PZPN-Logo<\/strong>, <strong>Wappen von Polen<\/strong> und Logo <strong>Pumas<\/strong>, Schaffung einer unverwechselbaren und wiedererkennbaren Komposition, die in Produktionsprojekten verwendet wird <strong>Pumas<\/strong> f\u00fcr diese Darstellung.<\/p>\n<p>W\u00e4hrend <strong>Euro 2008<\/strong> Farben <strong>die polnische Nationalmannschaft<\/strong> vertreten u.a. durch. <strong>Jakub Blaszczykowski<\/strong>, <strong>Eusebiusz Smolarek<\/strong>, <strong>Jacek Krzyn\u00f3wek<\/strong>, <strong>Dariusz Dudka<\/strong>, <strong>Michal \u017bew\u0142akow<\/strong> und <strong>Artur Boruc<\/strong>, die bei der ersten Teilnahme Polens an der Europameisterschaft den Kern der von Leo Beenhakker angef\u00fchrten Mannschaft bildeten.<\/p>\n<p>Das T-Shirt ist hergestellt aus <strong>atmungsaktives Netzmaterial<\/strong>, und der Schnitt in Gr\u00f6\u00dfe XXL entspricht den Normen <strong>Pumas<\/strong>, mit klassischer Passform, die f\u00fcr das Produktionsdesign charakteristisch ist <strong>Pumas<\/strong> aus dem Ende des ersten Jahrzehnts des 21. Jahrhunderts.<\/p>\n<p>F\u00fcr Sammler und Fans, die ein originales Heimtrikot suchen <strong>die polnische Nationalmannschaft<\/strong> z <strong>Jahre 2007\/09<\/strong>, der die erste Teilnahme der Mannschaft an der Weltmeisterschaft dokumentiert. <strong>Europameisterschaften 2008<\/strong>.<\/p>","protected":false},"featured_media":49948,"template":"","meta":{"_kad_blocks_custom_css":"","_kad_blocks_head_custom_js":"","_kad_blocks_body_custom_js":"","_kad_blocks_footer_custom_js":"","_kad_post_transparent":"default","_kad_post_title":"","_kad_post_layout":"default","_kad_post_sidebar_id":"","_kad_post_content_style":"default","_kad_post_vertical_padding":"default","_kad_post_feature":"","_kad_post_feature_position":"","_kad_post_header":false,"_kad_post_footer":false,"_kad_post_classname":""},"product_brand":[1287],"product_cat":[1436],"product_tag":[],"class_list":{"0":"post-49759","1":"product","2":"type-product","3":"status-publish","4":"has-post-thumbnail","6":"product_brand-puma","7":"product_cat-reprezentacja-polski","8":"pa_homeawaythird-home","9":"pa_rozmiar-xxl","11":"first","12":"instock","13":"taxable","14":"shipping-taxable","15":"purchasable","16":"product-type-simple","17":"entry","18":"content-bg","19":"loop-entry"},"taxonomy_info":{"product_brand":[{"value":1287,"label":"Puma"}],"product_cat":[{"value":1436,"label":"Polska"}],"pa_homeawaythird":[{"value":1597,"label":"Home"}],"pa_rozmiar":[{"value":1819,"label":"XXL"}]},"featured_image_src_large":["https:\/\/footballthrift.shop\/wp-content\/uploads\/2024\/09\/Photoroom_000_20240902_131856-1024x1024.png",1024,1024,true],"author_info":[],"comment_info":"","_links":{"self":[{"href":"https:\/\/footballthrift.shop\/de\/wp-json\/wp\/v2\/product\/49759","targetHints":{"allow":["GET"]}}],"collection":[{"href":"https:\/\/footballthrift.shop\/de\/wp-json\/wp\/v2\/product"}],"about":[{"href":"https:\/\/footballthrift.shop\/de\/wp-json\/wp\/v2\/types\/product"}],"wp:featuredmedia":[{"embeddable":true,"href":"https:\/\/footballthrift.shop\/de\/wp-json\/wp\/v2\/media\/49948"}],"wp:attachment":[{"href":"https:\/\/footballthrift.shop\/de\/wp-json\/wp\/v2\/media?parent=49759"}],"wp:term":[{"taxonomy":"product_brand","embeddable":true,"href":"https:\/\/footballthrift.shop\/de\/wp-json\/wp\/v2\/product_brand?post=49759"},{"taxonomy":"product_cat","embeddable":true,"href":"https:\/\/footballthrift.shop\/de\/wp-json\/wp\/v2\/product_cat?post=49759"},{"taxonomy":"product_tag","embeddable":true,"href":"https:\/\/footballthrift.shop\/de\/wp-json\/wp\/v2\/product_tag?post=49759"}],"curies":[{"name":"wp","href":"https:\/\/api.w.org\/{rel}","templated":true}]}}