{"id":49757,"date":"2025-02-13T17:53:11","date_gmt":"2025-02-13T16:53:11","guid":{"rendered":"https:\/\/footballthrift.shop\/?post_type=product&#038;p=49757"},"modified":"2026-03-09T11:32:14","modified_gmt":"2026-03-09T10:32:14","slug":"niemcy-2008-10-away-xl","status":"publish","type":"product","link":"https:\/\/footballthrift.shop\/de\/niemcy-2008-10-away-xl\/","title":{"rendered":"Koszulka pi\u0142karska Niemcy 2008\/10 Away [XL]"},"content":{"rendered":"<p><strong>Verein:<\/strong> Deutschland<\/p>\n<p><strong>Saison:<\/strong> 2008\/10 Ausw\u00e4rts<\/p>\n<p><strong>Gr\u00f6\u00dfe: <\/strong>XL<\/p>\n<p><strong>Zustand:<\/strong> Sehr gut - kein climacool-Aufkleber auf der Vorderseite.<\/p>\n<p><strong>Ma\u00dfe (Achselbreite\/L\u00e4nge) in cm: <\/strong>59\/77<\/p>","protected":false},"excerpt":{"rendered":"<p><strong>Das Original 2008\/10 Ausw\u00e4rtstrikot der deutschen Nationalmannschaft von Adidas.\u00a0<\/strong><\/p>\n<p>Ausw\u00e4rtsmodell <strong>der deutschen Nationalmannschaft 2008\/10<\/strong>hergestellt von <strong>Adidas<\/strong> in XL-Gr\u00f6\u00dfe, stammt aus einer Zeit, in der die deutsche Nationalmannschaft unter Joachim L\u00f6w zu den gef\u00e4hrlichsten Teams auf der internationalen B\u00fchne geh\u00f6rte. <strong>Deutsche Nationalmannschaft<\/strong> war damals im Wettbewerb in <strong>Europameisterschaften 2008<\/strong> und w\u00e4hrend <strong>Weltmeisterschaften 2010<\/strong>, und pr\u00e4sentiert einen offensiven und dynamischen Spielstil, der auf Jahre hinaus Erfolg verspricht.<\/p>\n<p>Das T-Shirt wurde hergestellt auf <strong>roter Sockel<\/strong>, und sein markantestes Merkmal ist <strong>schwarzer vertikaler Streifen, der in der Mitte der Vorderseite von oben nach unten verl\u00e4uft<\/strong>. In seiner Mitte befindet sich das Wappen <strong>die deutsche Nationalmannschaft<\/strong>, \u00fcber die es <strong>drei Sterne<\/strong> die gewonnenen Weltmeistertitel symbolisieren. Das Design wird vervollst\u00e4ndigt durch <strong>goldene Streifen, charakteristisch f\u00fcr Adidas-Designs<\/strong> an den \u00c4rmeln, die das kontrastreiche und elegante Design des T-Shirts unterstreichen.<\/p>\n<p>In diesem Zeitraum wurden die Farben <strong>die deutsche Nationalmannschaft<\/strong> vertreten u.a. durch. <strong>Miroslav Klose<\/strong>, <strong>Philipp Lahm<\/strong>, <strong>Bastian Schweinsteiger<\/strong>, <strong>Mesut \u00d6zil<\/strong>, <strong>Thomas M\u00fcller<\/strong> und <strong>Manuel Neuer<\/strong>, die den Kern der Mannschaft bildeten, die die Endrunde erreichte <strong>Euro 2008<\/strong> und Halbfinale <strong>Weltmeisterschaften 2010<\/strong>.<\/p>\n<p>Das T-Shirt ist aus leichtem und atmungsaktivem Material gefertigt und der Schnitt in Gr\u00f6\u00dfe XL entspricht den Standards der <strong>Adidas<\/strong>, mit klassischer Passform, die f\u00fcr das Produktionsdesign charakteristisch ist <strong>Adidas<\/strong> aus dem Ende des ersten Jahrzehnts des 21. Jahrhunderts.<\/p>\n<p>Dies ist f\u00fcr Sammler und Fans, die ein originales Ausw\u00e4rtstrikot suchen <strong>die deutsche Nationalmannschaft<\/strong> z <strong>2008\/10<\/strong>, Eine klare Bilanz einer Zeit, in der die Mannschaft von Joachim L\u00f6w zur Weltspitze geh\u00f6rte.<\/p>","protected":false},"featured_media":49887,"template":"","meta":{"_kad_blocks_custom_css":"","_kad_blocks_head_custom_js":"","_kad_blocks_body_custom_js":"","_kad_blocks_footer_custom_js":"","_kad_post_transparent":"default","_kad_post_title":"","_kad_post_layout":"default","_kad_post_sidebar_id":"","_kad_post_content_style":"default","_kad_post_vertical_padding":"default","_kad_post_feature":"","_kad_post_feature_position":"","_kad_post_header":false,"_kad_post_footer":false,"_kad_post_classname":""},"product_brand":[1283],"product_cat":[1477],"product_tag":[],"class_list":{"0":"post-49757","1":"product","2":"type-product","3":"status-publish","4":"has-post-thumbnail","6":"product_brand-adidas","7":"product_cat-reprezentacja-niemiec","8":"pa_homeawaythird-away","9":"pa_rozmiar-xl","11":"first","12":"instock","13":"taxable","14":"shipping-taxable","15":"purchasable","16":"product-type-simple","17":"entry","18":"content-bg","19":"loop-entry"},"taxonomy_info":{"product_brand":[{"value":1283,"label":"Adidas"}],"product_cat":[{"value":1477,"label":"Niemcy"}],"pa_homeawaythird":[{"value":1598,"label":"Away"}],"pa_rozmiar":[{"value":1818,"label":"XL"}]},"featured_image_src_large":["https:\/\/footballthrift.shop\/wp-content\/uploads\/2024\/09\/Photoroom_036_20240901_115355-1024x1024.png",1024,1024,true],"author_info":[],"comment_info":"","_links":{"self":[{"href":"https:\/\/footballthrift.shop\/de\/wp-json\/wp\/v2\/product\/49757","targetHints":{"allow":["GET"]}}],"collection":[{"href":"https:\/\/footballthrift.shop\/de\/wp-json\/wp\/v2\/product"}],"about":[{"href":"https:\/\/footballthrift.shop\/de\/wp-json\/wp\/v2\/types\/product"}],"wp:featuredmedia":[{"embeddable":true,"href":"https:\/\/footballthrift.shop\/de\/wp-json\/wp\/v2\/media\/49887"}],"wp:attachment":[{"href":"https:\/\/footballthrift.shop\/de\/wp-json\/wp\/v2\/media?parent=49757"}],"wp:term":[{"taxonomy":"product_brand","embeddable":true,"href":"https:\/\/footballthrift.shop\/de\/wp-json\/wp\/v2\/product_brand?post=49757"},{"taxonomy":"product_cat","embeddable":true,"href":"https:\/\/footballthrift.shop\/de\/wp-json\/wp\/v2\/product_cat?post=49757"},{"taxonomy":"product_tag","embeddable":true,"href":"https:\/\/footballthrift.shop\/de\/wp-json\/wp\/v2\/product_tag?post=49757"}],"curies":[{"name":"wp","href":"https:\/\/api.w.org\/{rel}","templated":true}]}}