{"id":49750,"date":"2025-02-13T17:53:13","date_gmt":"2025-02-13T16:53:13","guid":{"rendered":"https:\/\/footballthrift.shop\/?post_type=product&#038;p=49750"},"modified":"2026-03-09T11:32:14","modified_gmt":"2026-03-09T10:32:14","slug":"fc-bayern-monachium-1995-97-heim-xl","status":"publish","type":"product","link":"https:\/\/footballthrift.shop\/de\/fc-bayern-monachium-1995-97-home-xl\/","title":{"rendered":"Koszulka pi\u0142karska FC Bayern Monachium 1995\/97 Home [XL]"},"content":{"rendered":"<p><strong>Verein:<\/strong> FC Bayern M\u00fcnchen<\/p>\n<p><strong>Saison:<\/strong> 1995\/97 Heimat<\/p>\n<p><strong>Gr\u00f6\u00dfe: <\/strong>XL<\/p>\n<p><strong>Zustand:<\/strong> Gut - ein paar Mikrodehnungen auf der Vorderseite sowie auf der R\u00fcckseite des Trikots und ein leicht gerissener Sponsorenaufdruck auf der Vorderseite.<\/p>\n<p><strong>Ma\u00dfe (Achselbreite\/L\u00e4nge) in cm: <\/strong>61\/78<\/p>","protected":false},"excerpt":{"rendered":"<p><strong>Original Bayern M\u00fcnchen Heim-Fu\u00dfballtrikot von 1995\/97 von Adidas.\u00a0<\/strong><\/p>\n<p>Heimmodell <strong>Bayern M\u00fcnchen in der Saison 1995\/97<\/strong>hergestellt von <strong>Adidas<\/strong> im XL-Format, stammt aus einer der wichtigsten Perioden in der Geschichte des bayerischen Vereins in der zweiten H\u00e4lfte der 1990er Jahre. <strong>Bayern M\u00fcnchen<\/strong> Damals war sie eine der besten Mannschaften im europ\u00e4ischen Fu\u00dfball und erzielte regelm\u00e4\u00dfig die meisten Tore in der <strong>Bundesliga<\/strong> und bei internationalen Wettbewerben.<\/p>\n<p>Das T-Shirt wurde in einem unverwechselbaren Layout produziert <strong>vertikal rot und blau gestreift<\/strong>, die die Projekte auszeichneten <strong>Bayern M\u00fcnchen<\/strong> Mitte der 1990er Jahre. Erg\u00e4nzt wird das Ganze durch <strong>Polokragen mit wei\u00dfen Akzenten<\/strong>, Das Design verleiht dem T-Shirt einen eleganten und klassischen Charakter. Auf der Vorderseite steht ein Sponsorenaufdruck im Mittelpunkt. <strong>Opel<\/strong>, w\u00e4hrend das Wappen <strong>Bayern M\u00fcnchen<\/strong> und Logo <strong>Adidas<\/strong> ist traditionell auf der Brust positioniert, wobei die f\u00fcr das Produktionsdesign charakteristische symmetrische Komposition beibehalten wird. <strong>Adidas<\/strong> aus dieser Zeit.<\/p>\n<p>Jahre <strong>1995-1997<\/strong> waren f\u00fcr <strong>Bayern M\u00fcnchen<\/strong> sehr erfolgreich. Der Club griff nach <strong>UEFA-Pokal 1996<\/strong>, und w\u00e4hrend der Saison <strong>1996\/97<\/strong> die Meisterschaft gewonnen <strong>Bundesliga<\/strong> unter Giovanni Trapattoni. Zum Team geh\u00f6rten damals unter anderem. <strong>J\u00fcrgen Klinsmann<\/strong>, <strong>Mehmet Scholl<\/strong>, <strong>Lothar Matth\u00e4us<\/strong>, <strong>Oliver Kahn<\/strong>, <strong>Thomas Helmer<\/strong> und <strong>Markus Babbel<\/strong>, die den Kern einer der st\u00e4rksten Mannschaften Europas in dieser Zeit bildeten.<\/p>\n<p>Das T-Shirt ist aus leichtem und atmungsaktivem Material gefertigt und der Schnitt in Gr\u00f6\u00dfe XL entspricht den Standards der <strong>Adidas<\/strong>, mit klassischer Passform, die f\u00fcr das Produktionsdesign charakteristisch ist <strong>Adidas<\/strong> in der zweiten H\u00e4lfte der 1990er Jahre.<\/p>\n<p>F\u00fcr Sammler und Fans, die ein originales Heimtrikot suchen <strong>Bayern M\u00fcnchen<\/strong> z <strong>1995\/97<\/strong>, Eine der erfolgreichsten Perioden des Vereins im europ\u00e4ischen Wettbewerb ist damit eindeutig dokumentiert.<\/p>","protected":false},"featured_media":49825,"template":"","meta":{"_kad_blocks_custom_css":"","_kad_blocks_head_custom_js":"","_kad_blocks_body_custom_js":"","_kad_blocks_footer_custom_js":"","_kad_post_transparent":"default","_kad_post_title":"","_kad_post_layout":"default","_kad_post_sidebar_id":"","_kad_post_content_style":"default","_kad_post_vertical_padding":"default","_kad_post_feature":"","_kad_post_feature_position":"","_kad_post_header":false,"_kad_post_footer":false,"_kad_post_classname":""},"product_brand":[1283],"product_cat":[1455],"product_tag":[],"class_list":{"0":"post-49750","1":"product","2":"type-product","3":"status-publish","4":"has-post-thumbnail","6":"product_brand-adidas","7":"product_cat-kluby-niemieckie-fcbayernmonachium","8":"pa_homeawaythird-home","9":"pa_rozmiar-xl","11":"first","12":"instock","13":"taxable","14":"shipping-taxable","15":"purchasable","16":"product-type-simple","17":"entry","18":"content-bg","19":"loop-entry"},"taxonomy_info":{"product_brand":[{"value":1283,"label":"Adidas"}],"product_cat":[{"value":1455,"label":"FC Bayern Monachium"}],"pa_homeawaythird":[{"value":1597,"label":"Home"}],"pa_rozmiar":[{"value":1818,"label":"XL"}]},"featured_image_src_large":["https:\/\/footballthrift.shop\/wp-content\/uploads\/2024\/09\/Photoroom_018_20240901_115355-1024x1024.png",1024,1024,true],"author_info":[],"comment_info":"","_links":{"self":[{"href":"https:\/\/footballthrift.shop\/de\/wp-json\/wp\/v2\/product\/49750","targetHints":{"allow":["GET"]}}],"collection":[{"href":"https:\/\/footballthrift.shop\/de\/wp-json\/wp\/v2\/product"}],"about":[{"href":"https:\/\/footballthrift.shop\/de\/wp-json\/wp\/v2\/types\/product"}],"wp:featuredmedia":[{"embeddable":true,"href":"https:\/\/footballthrift.shop\/de\/wp-json\/wp\/v2\/media\/49825"}],"wp:attachment":[{"href":"https:\/\/footballthrift.shop\/de\/wp-json\/wp\/v2\/media?parent=49750"}],"wp:term":[{"taxonomy":"product_brand","embeddable":true,"href":"https:\/\/footballthrift.shop\/de\/wp-json\/wp\/v2\/product_brand?post=49750"},{"taxonomy":"product_cat","embeddable":true,"href":"https:\/\/footballthrift.shop\/de\/wp-json\/wp\/v2\/product_cat?post=49750"},{"taxonomy":"product_tag","embeddable":true,"href":"https:\/\/footballthrift.shop\/de\/wp-json\/wp\/v2\/product_tag?post=49750"}],"curies":[{"name":"wp","href":"https:\/\/api.w.org\/{rel}","templated":true}]}}