{"id":49744,"date":"2025-02-13T17:53:17","date_gmt":"2025-02-13T16:53:17","guid":{"rendered":"https:\/\/footballthrift.shop\/?post_type=product&#038;p=49744"},"modified":"2026-03-09T11:32:13","modified_gmt":"2026-03-09T10:32:13","slug":"borussia-monchengladbach-2016-17-dritte-17-wendt-xl","status":"publish","type":"product","link":"https:\/\/footballthrift.shop\/de\/borussia-monchengladbach-2016-17-third-17-wendt-xl\/","title":{"rendered":"Koszulka pi\u0142karska Borussia Monchengladbach 2016\/17 Third 17 Wendt [XL]"},"content":{"rendered":"<p><strong>Verein:<\/strong> Borussia M\u00f6nchengladbach<\/p>\n<p><strong>Saison:<\/strong> 2016\/17 Dritter<\/p>\n<p><strong>Gr\u00f6\u00dfe: <\/strong>XL<\/p>\n<p><strong>Zustand:<\/strong> Ausgezeichnet<\/p>\n<p><strong>Ma\u00dfe (Achselbreite\/L\u00e4nge) in cm: <\/strong>57\/75<\/p>","protected":false},"excerpt":{"rendered":"<p><strong>Original drittes Borussia M\u00f6nchengladbach Fu\u00dfballtrikot aus der Saison 2016\/17 von Kappa, bedruckt von Oscar Wendt.\u00a0<\/strong><\/p>\n<p>Das dritte Modell <strong>Borussia M\u00f6nchengladbach ab der Saison 2016\/17<\/strong>hergestellt von <strong>Kappa<\/strong> in XL-Gr\u00f6\u00dfe, stammt aus der Zeit, als der deutsche Verein regelm\u00e4\u00dfig an europ\u00e4ischen Wettbewerben teilnahm. <strong>Borussia M\u00f6nchengladbach<\/strong> konkurrierten damals in beiden <strong>Bundesliga<\/strong>, sowie international, indem sie an Wettbewerben teilnehmen <strong>UEFA Europa League<\/strong>.<\/p>\n<p>Das T-Shirt wurde hergestellt auf <strong>schwarzer Sockel<\/strong>, die sie an der Front brechen <strong>gr\u00fcne Querstreifen<\/strong>, mit Verweisen auf traditionelle Farben <strong>Borussia M\u00f6nchengladbach<\/strong>. Das Impressum des Sponsors steht im Mittelpunkt <strong>Postbank<\/strong>, w\u00e4hrend das Wappen <strong>Borussia M\u00f6nchengladbach<\/strong> und Logo <strong>Kappy<\/strong> ist klassisch auf der Brust angeordnet. An den \u00c4rmeln befinden sich <strong>UEFA Europa League-Embleme<\/strong>, Hervorhebung der Teilnahme der Mannschaft an europ\u00e4ischen Wettbewerben w\u00e4hrend der Saison <strong>2016\/17<\/strong>.<\/p>\n<p>Auf der R\u00fcckseite befindet sich ein origineller Aufdruck. <strong>Oscar Wendt<\/strong>, ein schwedischer Verteidiger, der seit vielen Jahren eine wichtige Rolle in der Abwehr spielt <strong>Borussia M\u00f6nchengladbach<\/strong>. Der Linksverteidiger zeichnete sich durch seine solide Defensivarbeit und seine regelm\u00e4\u00dfige Unterst\u00fctzung der Offensivaktionen aus und war in dieser Phase einer der stabilsten Spieler der Mannschaft.<\/p>\n<p>W\u00e4hrend der Saison <strong>2016\/17<\/strong> Farben <strong>Borussia M\u00f6nchengladbach<\/strong> ebenfalls vertreten, unter anderem. <strong>Lars Stindl<\/strong>, <strong>Raffael<\/strong>, <strong>Thorgan Hazard<\/strong>, <strong>Yann Sommer<\/strong> und <strong>Mahmoud Dahoud<\/strong>, die den Kern der Mannschaft bildeten, die an der <strong>Bundesliga<\/strong> und <strong>UEFA Europa League<\/strong>.<\/p>\n<p>Das T-Shirt ist aus leichtem und atmungsaktivem Material gefertigt und der Schnitt in Gr\u00f6\u00dfe XL entspricht den Standards der <strong>Kappy<\/strong>, die eine spezifische Anpassung an Produktionsprojekte bieten <strong>Kappy<\/strong>.<\/p>\n<p>Dies ist f\u00fcr Sammler und Fans, die das originale dritte Fu\u00dfballtrikot suchen <strong>Borussia M\u00f6nchengladbach<\/strong> z <strong>Saison 2016\/17<\/strong>, der die Leistungen des Clubs in den letzten Jahren deutlich aufzeigt. <strong>UEFA Europa League<\/strong>.<\/p>","protected":false},"featured_media":49779,"template":"","meta":{"_kad_blocks_custom_css":"","_kad_blocks_head_custom_js":"","_kad_blocks_body_custom_js":"","_kad_blocks_footer_custom_js":"","_kad_post_transparent":"default","_kad_post_title":"","_kad_post_layout":"default","_kad_post_sidebar_id":"","_kad_post_content_style":"default","_kad_post_vertical_padding":"default","_kad_post_feature":"","_kad_post_feature_position":"","_kad_post_header":false,"_kad_post_footer":false,"_kad_post_classname":""},"product_brand":[1290],"product_cat":[1449],"product_tag":[],"class_list":{"0":"post-49744","1":"product","2":"type-product","3":"status-publish","4":"has-post-thumbnail","6":"product_brand-kappa","7":"product_cat-kluby-niemieckie-borussiamonchengladbach","8":"pa_homeawaythird-third","9":"pa_rozmiar-xl","11":"first","12":"instock","13":"taxable","14":"shipping-taxable","15":"purchasable","16":"product-type-simple","17":"entry","18":"content-bg","19":"loop-entry"},"taxonomy_info":{"product_brand":[{"value":1290,"label":"Kappa"}],"product_cat":[{"value":1449,"label":"Borussia M\u00f6nchengladbach"}],"pa_homeawaythird":[{"value":1599,"label":"Third"}],"pa_rozmiar":[{"value":1818,"label":"XL"}]},"featured_image_src_large":["https:\/\/footballthrift.shop\/wp-content\/uploads\/2024\/09\/Photoroom_001_20240901_115355-1024x1024.png",1024,1024,true],"author_info":[],"comment_info":"","_links":{"self":[{"href":"https:\/\/footballthrift.shop\/de\/wp-json\/wp\/v2\/product\/49744","targetHints":{"allow":["GET"]}}],"collection":[{"href":"https:\/\/footballthrift.shop\/de\/wp-json\/wp\/v2\/product"}],"about":[{"href":"https:\/\/footballthrift.shop\/de\/wp-json\/wp\/v2\/types\/product"}],"wp:featuredmedia":[{"embeddable":true,"href":"https:\/\/footballthrift.shop\/de\/wp-json\/wp\/v2\/media\/49779"}],"wp:attachment":[{"href":"https:\/\/footballthrift.shop\/de\/wp-json\/wp\/v2\/media?parent=49744"}],"wp:term":[{"taxonomy":"product_brand","embeddable":true,"href":"https:\/\/footballthrift.shop\/de\/wp-json\/wp\/v2\/product_brand?post=49744"},{"taxonomy":"product_cat","embeddable":true,"href":"https:\/\/footballthrift.shop\/de\/wp-json\/wp\/v2\/product_cat?post=49744"},{"taxonomy":"product_tag","embeddable":true,"href":"https:\/\/footballthrift.shop\/de\/wp-json\/wp\/v2\/product_tag?post=49744"}],"curies":[{"name":"wp","href":"https:\/\/api.w.org\/{rel}","templated":true}]}}