{"id":49742,"date":"2025-02-13T17:53:17","date_gmt":"2025-02-13T16:53:17","guid":{"rendered":"https:\/\/footballthrift.shop\/?post_type=product&#038;p=49742"},"modified":"2026-03-09T11:32:13","modified_gmt":"2026-03-09T10:32:13","slug":"as-roma-2007-08-home-m","status":"publish","type":"product","link":"https:\/\/footballthrift.shop\/de\/as-roma-2007-08-home-m\/","title":{"rendered":"Koszulka pi\u0142karska AS Roma 2007\/08 Home [M]"},"content":{"rendered":"<p><strong>Verein:<\/strong> AS Roma<\/p>\n<p><strong>Saison:<\/strong> 2007\/08 Startseite<\/p>\n<p><strong>Gr\u00f6\u00dfe: <\/strong>M<\/p>\n<p><strong>Zustand:<\/strong> Ausgezeichnet<\/p>\n<p><strong>Ma\u00dfe (Achselbreite\/L\u00e4nge) in cm: <\/strong>53\/68 von - XL Etikett, f\u00e4llt aber von den Ma\u00dfen her auf eine M, wobei das Material sehr dehnbar ist.<\/p>","protected":false},"excerpt":{"rendered":"<p><strong>Original AS Roma Heimtrikot aus der Saison 2007\/08 von Kappa.\u00a0<\/strong><\/p>\n<p>Heimmodell <strong>AS Roma ab der Saison 2007\/08<\/strong>hergestellt von <strong>Kappa<\/strong> in Gr\u00f6\u00dfe M, stammt aus der Zeit einer sehr starken sportlichen Mannschaft unter der Leitung von Luciano Spalletti. <strong>AS Roma<\/strong> war zu dieser Zeit einer der gef\u00e4hrlichsten Rivalen <strong>Inter Mailand<\/strong> im Kampf um die Spitzenpl\u00e4tze in der <strong>Serie A<\/strong>, und nimmt auch regelm\u00e4\u00dfig an Europapokalen teil.<\/p>\n<p>Das T-Shirt wurde hergestellt auf <strong>burgunderrote Basis<\/strong>, die die traditionelle Grundlage der Farbe ist <strong>AS Rom<\/strong>. Das Projekt wird erg\u00e4nzt durch <strong>orangefarbene Bes\u00e4tze an \u00c4rmeln und Kragen<\/strong>, der sich von der dunkleren Farbe des Trikots abhebt und auf das Farbschema des Vereins verweist. Auf der Vorderseite steht ein Sponsorenaufdruck im Mittelpunkt. <strong>Wind<\/strong>, w\u00e4hrend das Hemd au\u00dferdem folgende Merkmale aufweist <strong>Emblem f\u00fcr den Sieg im italienischen Pokal<\/strong>, und unterstreicht den Erfolg von <strong>AS Rom<\/strong> in nationalen Pokalwettbewerben.<\/p>\n<p>Saison <strong>2007\/08<\/strong> war f\u00fcr <strong>AS Rom<\/strong> sehr erfolgreich - das Team belegte einen Spitzenplatz im <strong>Serie A<\/strong> und hat erneut gewonnen <strong>Coppa Italia<\/strong>. Die Besetzung der Band bestand damals aus. <strong>Francesco Totti<\/strong>, <strong>Daniele De Rossi<\/strong>, <strong>Alberto Aquilani<\/strong>, <strong>Philippe Mex\u00e8s<\/strong> oder <strong>Mancini<\/strong>, die im ersten Jahrzehnt des 21. Jahrhunderts den Kern einer der st\u00e4rksten Mannschaften des r\u00f6mischen Vereins bildeten.<\/p>\n<p>Das T-Shirt ist aus einem leichten und luftigen Material gefertigt und der Schnitt in Gr\u00f6\u00dfe M entspricht den Standards der <strong>Kappy<\/strong>, die eine spezifische Anpassung an Produktionsprojekte bieten <strong>Kappy<\/strong> in der zweiten H\u00e4lfte der 2000er Jahre.<\/p>\n<p>F\u00fcr Sammler und Fans, die ein originales Heimtrikot suchen <strong>AS Rom<\/strong> z <strong>Saison 2007\/08<\/strong>, eine klare Bilanz einer der wettbewerbsintensivsten Perioden des Vereins in diesem Wettbewerb <strong>Serie A<\/strong>.<\/p>","protected":false},"featured_media":49764,"template":"","meta":{"_kad_blocks_custom_css":"","_kad_blocks_head_custom_js":"","_kad_blocks_body_custom_js":"","_kad_blocks_footer_custom_js":"","_kad_post_transparent":"default","_kad_post_title":"","_kad_post_layout":"default","_kad_post_sidebar_id":"","_kad_post_content_style":"default","_kad_post_vertical_padding":"default","_kad_post_feature":"","_kad_post_feature_position":"","_kad_post_header":false,"_kad_post_footer":false,"_kad_post_classname":""},"product_brand":[1290],"product_cat":[1451],"product_tag":[],"class_list":{"0":"post-49742","1":"product","2":"type-product","3":"status-publish","4":"has-post-thumbnail","6":"product_brand-kappa","7":"product_cat-kluby-wloskie-asroma","8":"pa_homeawaythird-home","9":"pa_rozmiar-m","11":"first","12":"instock","13":"taxable","14":"shipping-taxable","15":"purchasable","16":"product-type-simple","17":"entry","18":"content-bg","19":"loop-entry"},"taxonomy_info":{"product_brand":[{"value":1290,"label":"Kappa"}],"product_cat":[{"value":1451,"label":"AS Roma"}],"pa_homeawaythird":[{"value":1597,"label":"Home"}],"pa_rozmiar":[{"value":1816,"label":"M"}]},"featured_image_src_large":["https:\/\/footballthrift.shop\/wp-content\/uploads\/2024\/09\/Photoroom_020_20240901_115355-1024x1024.png",1024,1024,true],"author_info":[],"comment_info":"","_links":{"self":[{"href":"https:\/\/footballthrift.shop\/de\/wp-json\/wp\/v2\/product\/49742","targetHints":{"allow":["GET"]}}],"collection":[{"href":"https:\/\/footballthrift.shop\/de\/wp-json\/wp\/v2\/product"}],"about":[{"href":"https:\/\/footballthrift.shop\/de\/wp-json\/wp\/v2\/types\/product"}],"wp:featuredmedia":[{"embeddable":true,"href":"https:\/\/footballthrift.shop\/de\/wp-json\/wp\/v2\/media\/49764"}],"wp:attachment":[{"href":"https:\/\/footballthrift.shop\/de\/wp-json\/wp\/v2\/media?parent=49742"}],"wp:term":[{"taxonomy":"product_brand","embeddable":true,"href":"https:\/\/footballthrift.shop\/de\/wp-json\/wp\/v2\/product_brand?post=49742"},{"taxonomy":"product_cat","embeddable":true,"href":"https:\/\/footballthrift.shop\/de\/wp-json\/wp\/v2\/product_cat?post=49742"},{"taxonomy":"product_tag","embeddable":true,"href":"https:\/\/footballthrift.shop\/de\/wp-json\/wp\/v2\/product_tag?post=49742"}],"curies":[{"name":"wp","href":"https:\/\/api.w.org\/{rel}","templated":true}]}}