{"id":49187,"date":"2025-02-13T17:53:07","date_gmt":"2025-02-13T16:53:07","guid":{"rendered":"https:\/\/footballthrift.shop\/?post_type=product&#038;p=49187"},"modified":"2026-03-11T15:45:00","modified_gmt":"2026-03-11T14:45:00","slug":"spiel-ausgabe-hertha-bsc-2013-14-heim-34-mukhtar-m","status":"publish","type":"product","link":"https:\/\/footballthrift.shop\/de\/match-issue-hertha-bsc-2013-14-home-34-mukhtar-m\/","title":{"rendered":"Koszulka pi\u0142karska MATCH ISSUE Hertha BSC 2013\/14 Home 34 Mukhtar [M]"},"content":{"rendered":"<p><strong>Verein:<\/strong> Hertha BSC<\/p>\n<p><strong>Saison:<\/strong> 2013\/14 Startseite<\/p>\n<p><strong>Gr\u00f6\u00dfe: <\/strong>M<\/p>\n<p><strong>Zustand:<\/strong> Sehr gut - leichte Verf\u00e4rbung des Stoffes auf der Vorderseite und \u00f6rtlich gerissene N\u00e4hte.<\/p>\n<p><strong>Ma\u00dfe (Achselbreite\/L\u00e4nge) in cm: <\/strong>47\/72<\/p>","protected":false},"excerpt":{"rendered":"<p><strong>Original Hertha BSC Heimtrikot aus der Saison 2013\/14 von Nike, bedruckt von Hany Mukhtar.\u00a0<\/strong><\/p>\n<p>Heimmodell <strong>Hertha BSC aus der Saison 2013\/14<\/strong>hergestellt von <strong>Nike<\/strong> in der Gr\u00f6\u00dfe M, stammt aus den Spielen, in denen der Berliner Club wieder in die <strong>Bundesliga<\/strong> nach dem vorzeitigen Aufstieg aus der zweiten Reihe der ersten Liga. <strong>Hertha BSC<\/strong> pr\u00e4sentierte sich f\u00fcr einen Neuling in solider Form und beendete die Saison im Mittelfeld der Tabelle, womit er seinen Platz in der deutschen Eliteklasse behauptete.<\/p>\n<p>Das T-Shirt wurde in einem unverwechselbaren Layout produziert <strong>wei\u00dfe und blaue vertikale Streifen<\/strong>, die ein traditionelles Markenzeichen von <strong>Hertha BSC<\/strong>. Das Projekt wird erg\u00e4nzt durch <strong>schwarzer Kragenbesatz<\/strong>, w\u00e4hrend der Aufdruck des Sponsors auf der Vorderseite im Mittelpunkt steht <strong>Deutsche Bank<\/strong>. Die \u00c4rmel verf\u00fcgen \u00fcber <strong>Bundesliga-Patches<\/strong>, und unterstreicht den Liga-Charakter des Trikots. Wappen <strong>Hertha BSC<\/strong> und Logo <strong>Nike<\/strong> ist klassisch auf der Brust angeordnet, wobei die symmetrische Komposition des Designs erhalten bleibt.<\/p>\n<p>Die Kopie stellt <strong>MATCH ISSUE Version<\/strong>, vorbereitet von <strong>Nike<\/strong> f\u00fcr Spieler der ersten Mannschaft. Das Trikot hat <strong>gepresste Embleme<\/strong>, <strong>Bel\u00fcftungs\u00f6ffnungen an den Seitenw\u00e4nden<\/strong> und <strong>gepresstes Innenetikett<\/strong>, die sie von den Standardversionen der Gesch\u00e4fte unterscheiden. Bezeichnung <strong>MATCH-AUSGABE<\/strong> deutet auf ein Modell f\u00fcr Fu\u00dfballer hin, obwohl es keine Best\u00e4tigung daf\u00fcr gibt, dass es sich dabei um das exakte Exemplar handelt, in dem der Spieler erschien.<\/p>\n<p>Auf der R\u00fcckseite befindet sich ein origineller Aufdruck. <strong>Hany Mukhtar<\/strong>, ein offensiver Mittelfeldspieler, der in der Akademie ausgebildet wurde <strong>Hertha BSC<\/strong>. Der deutsche Fu\u00dfballer mit sudanesischen Wurzeln galt als eines der gr\u00f6\u00dften Talente der j\u00fcngeren Generation bei dem Berliner Verein und entwickelte in sp\u00e4teren Jahren seine Karriere unter anderem in der europ\u00e4ischen und amerikanischen Liga <strong>MLS<\/strong>.<\/p>\n<p>W\u00e4hrend der Saison <strong>2013\/14<\/strong> Farben <strong>Hertha BSC<\/strong> ebenfalls vertreten, unter anderem. <strong>Adrian Ramos<\/strong>, <strong>Sami Allagui<\/strong>, <strong>Ronny<\/strong>, <strong>Peter Niemeyer<\/strong> und <strong>Thomas Kraft<\/strong>, die den Kern der Mannschaft bildeten, die an der <strong>Bundesliga<\/strong>.<\/p>\n<p>Das T-Shirt ist aus einem leichten und luftigen Material gefertigt und der Schnitt in Gr\u00f6\u00dfe M entspricht den Standards der <strong>Nike<\/strong>, und bietet eine Passform, die dem Design der Versionen des <strong>MATCH-AUSGABE<\/strong>.<\/p>\n<p>F\u00fcr Sammler und Fans, die ein originales Heimtrikot suchen <strong>Hertha BSC<\/strong> z <strong>Saison 2013\/14<\/strong>, eine klare Bilanz der R\u00fcckkehr des Berliner Vereins in den Wettbewerb <strong>Bundesliga<\/strong>.<\/p>","protected":false},"featured_media":49240,"template":"","meta":{"_kad_blocks_custom_css":"","_kad_blocks_head_custom_js":"","_kad_blocks_body_custom_js":"","_kad_blocks_footer_custom_js":"","_kad_post_transparent":"default","_kad_post_title":"","_kad_post_layout":"default","_kad_post_sidebar_id":"","_kad_post_content_style":"default","_kad_post_vertical_padding":"default","_kad_post_feature":"","_kad_post_feature_position":"","_kad_post_header":false,"_kad_post_footer":false,"_kad_post_classname":""},"product_brand":[1284],"product_cat":[1476,1409],"product_tag":[],"class_list":{"0":"post-49187","1":"product","2":"type-product","3":"status-publish","4":"has-post-thumbnail","6":"product_brand-nike","7":"product_cat-hertha-bsc","8":"product_cat-match-worn-issue","9":"pa_homeawaythird-home","10":"pa_rozmiar-m","12":"first","13":"instock","14":"taxable","15":"shipping-taxable","16":"purchasable","17":"product-type-simple","18":"entry","19":"content-bg","20":"loop-entry"},"taxonomy_info":{"product_brand":[{"value":1284,"label":"Nike"}],"product_cat":[{"value":1476,"label":"Hertha BSC"},{"value":1409,"label":"MATCH WORN &amp; ISSUE"}],"pa_homeawaythird":[{"value":1597,"label":"Home"}],"pa_rozmiar":[{"value":1816,"label":"M"}]},"featured_image_src_large":["https:\/\/footballthrift.shop\/wp-content\/uploads\/2024\/08\/Photoroom_050_20240822_165119-1024x1024.png",1024,1024,true],"author_info":[],"comment_info":"","_links":{"self":[{"href":"https:\/\/footballthrift.shop\/de\/wp-json\/wp\/v2\/product\/49187","targetHints":{"allow":["GET"]}}],"collection":[{"href":"https:\/\/footballthrift.shop\/de\/wp-json\/wp\/v2\/product"}],"about":[{"href":"https:\/\/footballthrift.shop\/de\/wp-json\/wp\/v2\/types\/product"}],"wp:featuredmedia":[{"embeddable":true,"href":"https:\/\/footballthrift.shop\/de\/wp-json\/wp\/v2\/media\/49240"}],"wp:attachment":[{"href":"https:\/\/footballthrift.shop\/de\/wp-json\/wp\/v2\/media?parent=49187"}],"wp:term":[{"taxonomy":"product_brand","embeddable":true,"href":"https:\/\/footballthrift.shop\/de\/wp-json\/wp\/v2\/product_brand?post=49187"},{"taxonomy":"product_cat","embeddable":true,"href":"https:\/\/footballthrift.shop\/de\/wp-json\/wp\/v2\/product_cat?post=49187"},{"taxonomy":"product_tag","embeddable":true,"href":"https:\/\/footballthrift.shop\/de\/wp-json\/wp\/v2\/product_tag?post=49187"}],"curies":[{"name":"wp","href":"https:\/\/api.w.org\/{rel}","templated":true}]}}