{"id":49164,"date":"2025-02-13T17:53:03","date_gmt":"2025-02-13T16:53:03","guid":{"rendered":"https:\/\/footballthrift.shop\/?post_type=product&#038;p=49164"},"modified":"2026-03-11T16:22:19","modified_gmt":"2026-03-11T15:22:19","slug":"spiel-ausgabe-sc-paderborn-07-2007-08-heim-strohdiek-l","status":"publish","type":"product","link":"https:\/\/footballthrift.shop\/de\/match-issue-sc-paderborn-07-2007-08-home-strohdiek-l\/","title":{"rendered":"Koszulka pi\u0142karska MATCH ISSUE SC Paderborn 07 2007\/08 Home Strohdiek [L]"},"content":{"rendered":"<p><strong>Verein:<\/strong> SC Paderborn 07<\/p>\n<p><strong>Saison:<\/strong> 2007\/08 Startseite<\/p>\n<p><strong>Gr\u00f6\u00dfe: <\/strong>L<\/p>\n<p><strong>Zustand:<\/strong> Befriedigend - besch\u00e4digte Drucke und damit verbundene wei\u00dfe Flecken auf dem gesamten T-Shirt.<\/p>\n<p><strong>Ma\u00dfe (Achselbreite\/L\u00e4nge) in cm: <\/strong>51\/74<\/p>","protected":false},"excerpt":{"rendered":"<p><strong>Original SC Paderborn 07 Heim-Fu\u00dfballtrikot aus der Saison 2007\/08 von Puma, bedruckt von Christian Strohdiek.\u00a0<\/strong><\/p>\n<p>Heimmodell <strong>SC Paderborn 07 aus der Saison 2007\/08<\/strong>hergestellt von <strong>Puma<\/strong> in Gr\u00f6\u00dfe L, stammt aus der Zeit, als der Verein in der zweiten H\u00e4lfte des ersten Jahrzehnts des 21. <strong>SC Paderborn 07<\/strong> war damals eine Mannschaft, die ihre Position innerhalb der Strukturen des deutschen Fu\u00dfballs konsequent ausbaute und eine Mannschaft entwickelte, die in der Lage war, in der Profiliga mitzuhalten.<\/p>\n<p>Das T-Shirt wurde in klassischer Passform hergestellt. <strong>blau-schwarze L\u00e4ngsstreifen<\/strong>, Charakteristisch f\u00fcr die Farben <strong>SC Paderborn 07<\/strong>. Dies ist die Version mit <strong>Langarm<\/strong>, auf der Vorderseite steht der Aufdruck des Sponsors im Mittelpunkt. <strong>Warsteiner<\/strong>. Auf den \u00c4rmeln befinden sich <strong>Bundesliga-Patches<\/strong>sowie <strong>Gedenkemblem anl\u00e4sslich des 100-j\u00e4hrigen Bestehens des Clubs<\/strong>, auf dem rechten \u00c4rmel. Wappen <strong>SC Paderborn 07<\/strong> und Logo <strong>Pumas<\/strong> ist klassisch auf der Brust angeordnet, wobei die f\u00fcr die Produktionsentw\u00fcrfe charakteristische symmetrische Anordnung beibehalten wird. <strong>Pumas<\/strong>.<\/p>\n<p>Die Kopie stellt <strong>MATCH ISSUE Version<\/strong>, vorbereitet von <strong>Puma<\/strong> mit Spielern der ersten Mannschaft im Hinterkopf. Auf der R\u00fcckseite befindet sich ein Originaldruck <strong>Christian Strohdieka<\/strong>, ein deutscher Verteidiger, der seit vielen Jahren mit der <strong>SC Paderborn 07<\/strong>, Er geh\u00f6rte zu den Spielern, die in den folgenden Spielzeiten die Identit\u00e4t des Vereins pr\u00e4gten. Benennung <strong>MATCH-AUSGABE<\/strong> weist auf ein T-Shirt hin, das f\u00fcr Spieler bestimmt ist, aber es gibt keine Best\u00e4tigung, dass er genau dieses T-Shirt getragen hat. <strong>Christian Strohdiek<\/strong>.<\/p>\n<p>Das T-Shirt ist aus einem leichten und luftigen Material gefertigt und der Schnitt in Gr\u00f6\u00dfe L entspricht den Standards der <strong>Pumas<\/strong>, und bietet eine f\u00fcr die Streichholzdesigns dieses Herstellers charakteristische Passform.<\/p>\n<p>F\u00fcr Sammler und Fans, die ein originales Heimtrikot suchen <strong>SC Paderborn 07<\/strong> z <strong>Saison 2007\/08<\/strong>, eine klare Aufzeichnung einer der wichtigsten Phasen der Vereinsgeschichte.<\/p>","protected":false},"featured_media":49335,"template":"","meta":{"_kad_blocks_custom_css":"","_kad_blocks_head_custom_js":"","_kad_blocks_body_custom_js":"","_kad_blocks_footer_custom_js":"","_kad_post_transparent":"default","_kad_post_title":"","_kad_post_layout":"default","_kad_post_sidebar_id":"","_kad_post_content_style":"default","_kad_post_vertical_padding":"default","_kad_post_feature":"","_kad_post_feature_position":"","_kad_post_header":false,"_kad_post_footer":false,"_kad_post_classname":""},"product_brand":[1287],"product_cat":[1490,1409],"product_tag":[],"class_list":{"0":"post-49164","1":"product","2":"type-product","3":"status-publish","4":"has-post-thumbnail","6":"product_brand-puma","7":"product_cat-pozostale-kluby-niemieckie","8":"product_cat-match-worn-issue","9":"pa_homeawaythird-home","10":"pa_rozmiar-l","12":"first","13":"instock","14":"taxable","15":"shipping-taxable","16":"purchasable","17":"product-type-simple","18":"entry","19":"content-bg","20":"loop-entry"},"taxonomy_info":{"product_brand":[{"value":1287,"label":"Puma"}],"product_cat":[{"value":1490,"label":"Pozosta\u0142e kluby niemieckie"},{"value":1409,"label":"MATCH WORN &amp; ISSUE"}],"pa_homeawaythird":[{"value":1597,"label":"Home"}],"pa_rozmiar":[{"value":1817,"label":"L"}]},"featured_image_src_large":["https:\/\/footballthrift.shop\/wp-content\/uploads\/2024\/08\/Photoroom_005_20240822_165119-1024x1024.png",1024,1024,true],"author_info":[],"comment_info":"","_links":{"self":[{"href":"https:\/\/footballthrift.shop\/de\/wp-json\/wp\/v2\/product\/49164","targetHints":{"allow":["GET"]}}],"collection":[{"href":"https:\/\/footballthrift.shop\/de\/wp-json\/wp\/v2\/product"}],"about":[{"href":"https:\/\/footballthrift.shop\/de\/wp-json\/wp\/v2\/types\/product"}],"wp:featuredmedia":[{"embeddable":true,"href":"https:\/\/footballthrift.shop\/de\/wp-json\/wp\/v2\/media\/49335"}],"wp:attachment":[{"href":"https:\/\/footballthrift.shop\/de\/wp-json\/wp\/v2\/media?parent=49164"}],"wp:term":[{"taxonomy":"product_brand","embeddable":true,"href":"https:\/\/footballthrift.shop\/de\/wp-json\/wp\/v2\/product_brand?post=49164"},{"taxonomy":"product_cat","embeddable":true,"href":"https:\/\/footballthrift.shop\/de\/wp-json\/wp\/v2\/product_cat?post=49164"},{"taxonomy":"product_tag","embeddable":true,"href":"https:\/\/footballthrift.shop\/de\/wp-json\/wp\/v2\/product_tag?post=49164"}],"curies":[{"name":"wp","href":"https:\/\/api.w.org\/{rel}","templated":true}]}}