{"id":48822,"date":"2025-02-13T17:52:54","date_gmt":"2025-02-13T16:52:54","guid":{"rendered":"https:\/\/footballthrift.shop\/?post_type=product&#038;p=48822"},"modified":"2026-03-13T13:41:44","modified_gmt":"2026-03-13T12:41:44","slug":"afc-ajax-2021-22-third-xs","status":"publish","type":"product","link":"https:\/\/footballthrift.shop\/de\/afc-ajax-2021-22-third-xs\/","title":{"rendered":"Koszulka pi\u0142karska AFC Ajax 2021\/22 Third [XS]"},"content":{"rendered":"<p><strong>Verein:<\/strong> AFC Ajax<\/p>\n<p><strong>Saison:<\/strong> 2021\/22 Dritter<\/p>\n<p><strong>Gr\u00f6\u00dfe: <\/strong>XS<\/p>\n<p><strong>Zustand:<\/strong> Gut - ein deutlicher Zug auf der Vorderseite.<\/p>\n<p><strong>Ma\u00dfe (Achselbreite\/L\u00e4nge) in cm: <\/strong>45\/69<\/p>","protected":false},"excerpt":{"rendered":"<p><strong>Das originale dritte AFC Ajax Fu\u00dfballtrikot aus der Saison 2021\/22 von Adidas.\u00a0<\/strong><\/p>\n<p>Modell vorbereitet f\u00fcr <strong>AFC Ajax<\/strong> f\u00fcr die Saison <strong>2021\/22<\/strong>hergestellt von <strong>Adidas<\/strong> in Gr\u00f6\u00dfe XS, zeichnet sich durch seine einzigartige Symbolik aus, die auf die jamaikanische Kultur anspielt. Das Design wurde als Hommage an die Legende der Reggae-Musik entworfen <strong>Bob Marley<\/strong>, sowie f\u00fcr die enge Verbundenheit des K\u00fcnstlers mit Amsterdam und seine Zuneigung zu diesem Club.<\/p>\n<p>Das T-Shirt wurde auf einer schwarzen Basis gefertigt, die den Hintergrund f\u00fcr die auff\u00e4lligen Details in Gelb, Rot und Gr\u00fcn bildet. Diese Farben finden sich auch an den \u00c4rmelb\u00fcndchen wieder, die sich direkt auf die Farben Jamaikas beziehen. Auf den \u00c4rmeln befindet sich auch die Signatur des Designs <strong>Adidas<\/strong> die drei Streifen des Herstellers, die in diesem Design mit der jamaikanischen Farbpalette harmonieren und dem Gesamtdesign einen dynamischen, wiedererkennbaren Charakter verleihen.<\/p>\n<p>Das Design dieses T-Shirts ist zu einer der bekanntesten Kollaborationen der Geschichte geworden. <strong>AFC Ajax<\/strong> z <strong>Adidasem<\/strong>, die Verbindung der Fu\u00dfballtradition des Vereins mit der Inspiration durch die Reggae-Kultur und den Reggae-Charakter <strong>Bob Marley<\/strong>, dessen Werk seit Jahren bei den Amsterdamer Fans besonders beliebt ist.<\/p>\n<p>Das T-Shirt ist aus einem leichten und luftigen Material gefertigt und der Schnitt in Gr\u00f6\u00dfe XS entspricht den Standards der <strong>Adidas<\/strong>, und bieten eine klassische Passform.<\/p>\n<p>Dies ist ein Angebot f\u00fcr Sammler und Fans, die auf der Suche sind nach <strong>das originale dritte AFC Ajax Fu\u00dfballtrikot der Saison 2021\/22 von Adidas<\/strong>, eine klare Aufzeichnung eines der symboltr\u00e4chtigsten Projekte in der Geschichte des Klubs.<\/p>","protected":false},"featured_media":48910,"template":"","meta":{"_kad_blocks_custom_css":"","_kad_blocks_head_custom_js":"","_kad_blocks_body_custom_js":"","_kad_blocks_footer_custom_js":"","_kad_post_transparent":"default","_kad_post_title":"","_kad_post_layout":"default","_kad_post_sidebar_id":"","_kad_post_content_style":"default","_kad_post_vertical_padding":"default","_kad_post_feature":"","_kad_post_feature_position":"","_kad_post_header":false,"_kad_post_footer":false,"_kad_post_classname":""},"product_brand":[1283],"product_cat":[1466,2017],"product_tag":[],"class_list":{"0":"post-48822","1":"product","2":"type-product","3":"status-publish","4":"has-post-thumbnail","6":"product_brand-adidas","7":"product_cat-belgia-holandia","8":"product_cat-koszulki-mlodziezowe","9":"pa_homeawaythird-third","10":"pa_rozmiar-xs","12":"first","13":"instock","14":"taxable","15":"shipping-taxable","16":"purchasable","17":"product-type-simple","18":"entry","19":"content-bg","20":"loop-entry"},"taxonomy_info":{"product_brand":[{"value":1283,"label":"Adidas"}],"product_cat":[{"value":1466,"label":"Belgia i Holandia"},{"value":2017,"label":"KOSZULKI M\u0141ODZIE\u017bOWE"}],"pa_homeawaythird":[{"value":1599,"label":"Third"}],"pa_rozmiar":[{"value":1821,"label":"XS"}]},"featured_image_src_large":["https:\/\/footballthrift.shop\/wp-content\/uploads\/2024\/08\/Photoroom_000_20240818_112807-1024x1024.png",1024,1024,true],"author_info":[],"comment_info":"","_links":{"self":[{"href":"https:\/\/footballthrift.shop\/de\/wp-json\/wp\/v2\/product\/48822","targetHints":{"allow":["GET"]}}],"collection":[{"href":"https:\/\/footballthrift.shop\/de\/wp-json\/wp\/v2\/product"}],"about":[{"href":"https:\/\/footballthrift.shop\/de\/wp-json\/wp\/v2\/types\/product"}],"wp:featuredmedia":[{"embeddable":true,"href":"https:\/\/footballthrift.shop\/de\/wp-json\/wp\/v2\/media\/48910"}],"wp:attachment":[{"href":"https:\/\/footballthrift.shop\/de\/wp-json\/wp\/v2\/media?parent=48822"}],"wp:term":[{"taxonomy":"product_brand","embeddable":true,"href":"https:\/\/footballthrift.shop\/de\/wp-json\/wp\/v2\/product_brand?post=48822"},{"taxonomy":"product_cat","embeddable":true,"href":"https:\/\/footballthrift.shop\/de\/wp-json\/wp\/v2\/product_cat?post=48822"},{"taxonomy":"product_tag","embeddable":true,"href":"https:\/\/footballthrift.shop\/de\/wp-json\/wp\/v2\/product_tag?post=48822"}],"curies":[{"name":"wp","href":"https:\/\/api.w.org\/{rel}","templated":true}]}}