{"id":48821,"date":"2025-02-13T17:52:55","date_gmt":"2025-02-13T16:52:55","guid":{"rendered":"https:\/\/footballthrift.shop\/?post_type=product&#038;p=48821"},"modified":"2026-03-13T13:02:02","modified_gmt":"2026-03-13T12:02:02","slug":"koszulka-okolicznosciowa-chelsea-fc-2019-20-home-xs","status":"publish","type":"product","link":"https:\/\/footballthrift.shop\/de\/koszulka-okolicznosciowa-chelsea-fc-2019-20-home-xs\/","title":{"rendered":"Koszulka okoliczno\u015bciowa Chelsea FC 2019\/20 Home [XS]"},"content":{"rendered":"<p><strong>Verein:<\/strong> Chelsea FC<\/p>\n<p><strong>Saison:<\/strong> 2019\/20 Heim<\/p>\n<p><strong>Gr\u00f6\u00dfe: <\/strong>XS<\/p>\n<p><strong>Zustand:<\/strong> Sehr gut - ein paar Mikrozerrungen am \u00c4rmel.<\/p>\n<p><strong>Ma\u00dfe (Achselbreite\/L\u00e4nge) in cm: <\/strong>45\/70<\/p>","protected":false},"excerpt":{"rendered":"<p data-start=\"0\" data-end=\"114\"><strong data-start=\"0\" data-end=\"114\">Original Chelsea FC Heimtrikot aus der Saison 2019\/20 - Gedenkedition, hergestellt von Nike.\u00a0<\/strong><\/p>\n<p data-start=\"116\" data-end=\"627\">Diese <strong data-start=\"119\" data-end=\"163\">Original Chelsea FC Fu\u00dfballtrikot<\/strong> aus der Saison <strong data-start=\"173\" data-end=\"184\">2019\/20<\/strong> ist eine eindeutige <strong data-start=\"197\" data-end=\"223\">Gedenkausgabe<\/strong>hergestellt von <strong data-start=\"245\" data-end=\"253\">Nike<\/strong>das speziell f\u00fcr ein besonderes Spiel entworfen wurde. Ein Trikot, das anl\u00e4sslich des 50. Jahrestages des Chelsea-Sieges im <strong data-start=\"110\" data-end=\"148\">FA-Cup-Final-R\u00fcckspiel im Jahr 1970. <\/strong>Das T-Shirt wurde verwendet <strong data-start=\"23\" data-end=\"42\">nur einmal<\/strong>, w\u00e4hrend <strong data-start=\"52\" data-end=\"103\">FA-Cup-Spiel der dritten Runde gegen Nottingham Forest<\/strong>gespielt <strong data-start=\"117\" data-end=\"141\">5. Januar 2020<\/strong> an der Stamford Bridge. Im Gegensatz zur Standard-Heimversion sticht dieses Modell hervor <strong data-start=\"400\" data-end=\"430\">monochromes Design<\/strong> -\u00a0<strong data-start=\"465\" data-end=\"478\">Nike-Logo<\/strong> und <strong data-start=\"484\" data-end=\"512\">Sponsor - Yokohama-Reifen<\/strong> - wurden in einem einheitlichen dunklen Farbton pr\u00e4sentiert, der einen eleganten, dunkelblauen optischen Effekt erzeugt.<\/p>\n<p data-start=\"1061\" data-end=\"1361\">Dieses Modell wurde verwendet <strong data-start=\"1084\" data-end=\"1108\">nur in einem Spiel<\/strong> - Das macht es zu einem der seltensten und begehrtesten St\u00fccke in der Chelsea-Kollektion. Das Fehlen von farbigen Akzenten und der minimalistische Ansatz bei den Logos verleihen dem Trikot einen einzigartigen Charakter, der die <strong data-start=\"1323\" data-end=\"1360\">Modernit\u00e4t mit Fu\u00dfballtradition<\/strong>.<\/p>\n<p data-start=\"1363\" data-end=\"1671\">F\u00fcr <strong data-start=\"1367\" data-end=\"1384\">Sammler<\/strong>, <strong data-start=\"1386\" data-end=\"1406\">Fans des FC Chelsea<\/strong> und alle Liebhaber von <strong data-start=\"1434\" data-end=\"1478\">Fu\u00dfballtrikots in limitierter Auflage<\/strong>ist dieses Exemplar ein echter Leckerbissen. Es symbolisiert <strong data-start=\"1528\" data-end=\"1563\">Besonderer Moment der Saison 2019\/20<\/strong>in der der Verein unter Frank Lampard mit jungen Spielern und einer offensiven Spielweise antrat.<\/p>\n<p data-start=\"1673\" data-end=\"1933\" data-is-last-node=\"\" data-is-only-node=\"\"><strong data-start=\"1673\" data-end=\"1724\">Exklusiv, modern und voller Clubgeist<\/strong> - Dieses T-Shirt zum Gedenken an den FC Chelsea ist nicht nur ein Kleidungsst\u00fcck, sondern auch ein <strong data-start=\"1807\" data-end=\"1850\">ein einzigartiges St\u00fcck Geschichte f\u00fcr \"The Blues\"<\/strong>Ideal f\u00fcr jede Sammlung oder als stilvolles St\u00fcck in der Garderobe eines echten Fu\u00dfballfans.<\/p>","protected":false},"featured_media":48900,"template":"","meta":{"_kad_blocks_custom_css":"","_kad_blocks_head_custom_js":"","_kad_blocks_body_custom_js":"","_kad_blocks_footer_custom_js":"","_kad_post_transparent":"default","_kad_post_title":"","_kad_post_layout":"default","_kad_post_sidebar_id":"","_kad_post_content_style":"default","_kad_post_vertical_padding":"default","_kad_post_feature":"","_kad_post_feature_position":"","_kad_post_header":false,"_kad_post_footer":false,"_kad_post_classname":""},"product_brand":[1284],"product_cat":[1444,2017],"product_tag":[],"class_list":{"0":"post-48821","1":"product","2":"type-product","3":"status-publish","4":"has-post-thumbnail","6":"product_brand-nike","7":"product_cat-chelsea","8":"product_cat-koszulki-mlodziezowe","9":"pa_homeawaythird-home","10":"pa_rozmiar-xs","12":"first","13":"instock","14":"taxable","15":"shipping-taxable","16":"purchasable","17":"product-type-simple","18":"entry","19":"content-bg","20":"loop-entry"},"taxonomy_info":{"product_brand":[{"value":1284,"label":"Nike"}],"product_cat":[{"value":1444,"label":"Chelsea FC"},{"value":2017,"label":"KOSZULKI M\u0141ODZIE\u017bOWE"}],"pa_homeawaythird":[{"value":1597,"label":"Home"}],"pa_rozmiar":[{"value":1821,"label":"XS"}]},"featured_image_src_large":["https:\/\/footballthrift.shop\/wp-content\/uploads\/2024\/08\/Photoroom_032_20240818_112807-1024x1024.png",1024,1024,true],"author_info":[],"comment_info":"","_links":{"self":[{"href":"https:\/\/footballthrift.shop\/de\/wp-json\/wp\/v2\/product\/48821","targetHints":{"allow":["GET"]}}],"collection":[{"href":"https:\/\/footballthrift.shop\/de\/wp-json\/wp\/v2\/product"}],"about":[{"href":"https:\/\/footballthrift.shop\/de\/wp-json\/wp\/v2\/types\/product"}],"wp:featuredmedia":[{"embeddable":true,"href":"https:\/\/footballthrift.shop\/de\/wp-json\/wp\/v2\/media\/48900"}],"wp:attachment":[{"href":"https:\/\/footballthrift.shop\/de\/wp-json\/wp\/v2\/media?parent=48821"}],"wp:term":[{"taxonomy":"product_brand","embeddable":true,"href":"https:\/\/footballthrift.shop\/de\/wp-json\/wp\/v2\/product_brand?post=48821"},{"taxonomy":"product_cat","embeddable":true,"href":"https:\/\/footballthrift.shop\/de\/wp-json\/wp\/v2\/product_cat?post=48821"},{"taxonomy":"product_tag","embeddable":true,"href":"https:\/\/footballthrift.shop\/de\/wp-json\/wp\/v2\/product_tag?post=48821"}],"curies":[{"name":"wp","href":"https:\/\/api.w.org\/{rel}","templated":true}]}}