{"id":48820,"date":"2025-02-13T17:52:50","date_gmt":"2025-02-13T16:52:50","guid":{"rendered":"https:\/\/footballthrift.shop\/?post_type=product&#038;p=48820"},"modified":"2026-03-13T16:11:16","modified_gmt":"2026-03-13T15:11:16","slug":"tottenham-hotspur-fc-2002-03-third-m","status":"publish","type":"product","link":"https:\/\/footballthrift.shop\/de\/tottenham-hotspur-fc-2002-03-third-m\/","title":{"rendered":"Koszulka pi\u0142karska Tottenham Hotspur FC 2002\/03 Third [M]"},"content":{"rendered":"<p><strong>Verein:<\/strong> Tottenham Hotspur FC<\/p>\n<p><strong>Saison:<\/strong> 2002\/03 Heim<\/p>\n<p><strong>Gr\u00f6\u00dfe: <\/strong>M<\/p>\n<p><strong>Zustand:\u00a0<\/strong>Gut - Mikroriss am \u00c4rmel, leicht gerissener Sponsoraufdruck und ein paar kaum sichtbare Flecken auf dem Stoff.<\/p>\n<p><strong>Ma\u00dfe (Achselbreite\/L\u00e4nge) in cm: <\/strong>53\/64, das Material ist jedoch recht dehnbar.<\/p>","protected":false},"excerpt":{"rendered":"<p><strong>Originales drittes Tottenham Hotspur FC Fu\u00dfballtrikot aus der Saison 2002\/03 von Kappa.\u00a0<\/strong><\/p>\n<p>Dritter Satz <strong>Tottenham Hotspur FC<\/strong> aus der Saison <strong>2002\/03<\/strong>hergestellt von <strong>Kappa<\/strong> in der Gr\u00f6\u00dfe M geht auf die stetige Pr\u00e4senz des Londoner Vereins in der Premier League in den fr\u00fchen 2000er Jahren zur\u00fcck. Die Mannschaft beendete die Saison im Tabellenmittelfeld, und im Kader standen Spieler, die damals ein wichtiger Bestandteil des Spurs-Kaders waren.<\/p>\n<p>Das Hemd wurde auf einem intensiv gelben Untergrund hergestellt, der die dritte Reihe von <strong>Tottenham Hotspur FC<\/strong> in den traditionellen Vereinsfarben. Auf der Vorderseite ist ein Sponsorenaufdruck zu sehen. <strong>Thomson<\/strong>, und kontrastierende marineblaue Elemente an Kragen, \u00c4rmeln und Seitenteilen verleihen dem Design einen klaren und dynamischen Charakter.<\/p>\n<p>Saison <strong>2002\/03<\/strong> in der Ausf\u00fchrung <strong>Tottenham Hotspur FC<\/strong> war gepr\u00e4gt von einer Teambildung, die auf einer Mischung aus Erfahrung und Jugend beruhte. Das Team bestand zu dieser Zeit unter anderem aus. <strong>Teddy Sheringham<\/strong>, Der dynamische Fl\u00fcgelst\u00fcrmer ist der R\u00fcckkehrer des Vereins und einer der bekanntesten Spieler in der Geschichte der Spurs. <strong>Darren Anderton<\/strong>, Irischer St\u00fcrmer <strong>Robbie Keane<\/strong> und die damals junge <strong>Ledley K\u00f6nig<\/strong>, der in den folgenden Jahren zu einem der Wahrzeichen des Nordlondoner Klubs wurde.<\/p>\n<p>Das T-Shirt ist aus leichtem und atmungsaktivem Stoff mit dehnbarer Struktur gefertigt und der Schnitt in Gr\u00f6\u00dfe M entspricht den Standards der <strong>Kappy<\/strong>, und bietet eine Passform, die f\u00fcr die Modelle dieses Herstellers aus den fr\u00fchen 2000er Jahren charakteristisch ist.<\/p>\n<p>Dies ist ein Angebot f\u00fcr Sammler und Fans, die auf der Suche sind nach <strong>das originale dritte Tottenham Hotspur FC Fu\u00dfballtrikot aus der Saison 2002\/03 von Kappa<\/strong>, Damit ist eine Phase in der Geschichte des Londoner Clubs eindeutig dokumentiert.<\/p>","protected":false},"featured_media":49007,"template":"","meta":{"_kad_blocks_custom_css":"","_kad_blocks_head_custom_js":"","_kad_blocks_body_custom_js":"","_kad_blocks_footer_custom_js":"","_kad_post_transparent":"default","_kad_post_title":"","_kad_post_layout":"default","_kad_post_sidebar_id":"","_kad_post_content_style":"default","_kad_post_vertical_padding":"default","_kad_post_feature":"","_kad_post_feature_position":"","_kad_post_header":false,"_kad_post_footer":false,"_kad_post_classname":""},"product_brand":[1290],"product_cat":[1481],"product_tag":[],"class_list":{"0":"post-48820","1":"product","2":"type-product","3":"status-publish","4":"has-post-thumbnail","6":"product_brand-kappa","7":"product_cat-tottenham","8":"pa_homeawaythird-home","9":"pa_rozmiar-m","11":"first","12":"instock","13":"taxable","14":"shipping-taxable","15":"purchasable","16":"product-type-simple","17":"entry","18":"content-bg","19":"loop-entry"},"taxonomy_info":{"product_brand":[{"value":1290,"label":"Kappa"}],"product_cat":[{"value":1481,"label":"Tottenham Hotspur FC"}],"pa_homeawaythird":[{"value":1597,"label":"Home"}],"pa_rozmiar":[{"value":1816,"label":"M"}]},"featured_image_src_large":["https:\/\/footballthrift.shop\/wp-content\/uploads\/2024\/08\/Photoroom_002_20240818_161501-1024x1024.png",1024,1024,true],"author_info":[],"comment_info":"","_links":{"self":[{"href":"https:\/\/footballthrift.shop\/de\/wp-json\/wp\/v2\/product\/48820","targetHints":{"allow":["GET"]}}],"collection":[{"href":"https:\/\/footballthrift.shop\/de\/wp-json\/wp\/v2\/product"}],"about":[{"href":"https:\/\/footballthrift.shop\/de\/wp-json\/wp\/v2\/types\/product"}],"wp:featuredmedia":[{"embeddable":true,"href":"https:\/\/footballthrift.shop\/de\/wp-json\/wp\/v2\/media\/49007"}],"wp:attachment":[{"href":"https:\/\/footballthrift.shop\/de\/wp-json\/wp\/v2\/media?parent=48820"}],"wp:term":[{"taxonomy":"product_brand","embeddable":true,"href":"https:\/\/footballthrift.shop\/de\/wp-json\/wp\/v2\/product_brand?post=48820"},{"taxonomy":"product_cat","embeddable":true,"href":"https:\/\/footballthrift.shop\/de\/wp-json\/wp\/v2\/product_cat?post=48820"},{"taxonomy":"product_tag","embeddable":true,"href":"https:\/\/footballthrift.shop\/de\/wp-json\/wp\/v2\/product_tag?post=48820"}],"curies":[{"name":"wp","href":"https:\/\/api.w.org\/{rel}","templated":true}]}}