{"id":48814,"date":"2025-02-13T17:52:56","date_gmt":"2025-02-13T16:52:56","guid":{"rendered":"https:\/\/footballthrift.shop\/?post_type=product&#038;p=48814"},"modified":"2026-03-13T12:40:43","modified_gmt":"2026-03-13T11:40:43","slug":"ferencvarosi-ts-2019-20-auswarts-xl","status":"publish","type":"product","link":"https:\/\/footballthrift.shop\/de\/ferencvarosi-ts-2019-20-away-xl\/","title":{"rendered":"Koszulka pi\u0142karska Ferencvarosi TS 2019\/20 Away [XL]"},"content":{"rendered":"<p><strong>Verein:<\/strong> Ferencvarosi TS<\/p>\n<p><strong>Saison:<\/strong> 2019\/20 Ausw\u00e4rts<\/p>\n<p><strong>Gr\u00f6\u00dfe: <\/strong>XL<\/p>\n<p><strong>Zustand:<\/strong> Sehr gut - ein Mikrozug.<\/p>\n<p><strong>Ma\u00dfe (Achselbreite\/L\u00e4nge) in cm: <\/strong>56\/75<\/p>","protected":false},"excerpt":{"rendered":"<p><strong>Original Ferencv\u00e1rosi TC Ausw\u00e4rtstrikot der Saison 2019\/20 von Nike.\u00a0<\/strong><\/p>\n<p>Ausw\u00e4rtsmodell <strong>Ferencv\u00e1rosi TC<\/strong> aus der Saison <strong>2019\/20<\/strong>hergestellt von <strong>Nike<\/strong> in XL-Gr\u00f6\u00dfe stammt aus einer Zeit, in der der Budapester Verein seine Position als eine der wichtigsten Mannschaften Ungarns festigte. <strong>Ferencv\u00e1ros<\/strong> ist seit Jahrzehnten eine der erfolgreichsten und bekanntesten Mannschaften des Landes, die unter anderem zahlreiche ungarische Meisterschaften und 1965 den Triumph im Messest\u00e4dte-Pokal feiern konnte. In der modernen \u00c4ra des Vereins k\u00e4mpfte man auch regelm\u00e4\u00dfig um nationale Troph\u00e4en und war in europ\u00e4ischen Wettbewerben vertreten.<\/p>\n<p>Das T-Shirt wurde auf der Grundlage <strong>wei\u00dfer Sockel<\/strong>, was dem Design einen minimalistischen und eleganten Charakter verleiht. Auf der Vorderseite steht ein Sponsorenaufdruck im Mittelpunkt. <strong>T-Mobile<\/strong>, und sowohl das Wappen <strong>Ferencv\u00e1rosi TC<\/strong>, sowie das Logo <strong>Nike<\/strong> wurden in Gold ausgef\u00fchrt und bilden eine koh\u00e4rente und unverwechselbare Komposition, die sich von dem hellen Hintergrund abhebt.<\/p>\n<p>Das T-Shirt ist aus leichtem und atmungsaktivem Material gefertigt und der Schnitt in Gr\u00f6\u00dfe XL entspricht den Standards der <strong>Nike<\/strong>, und bietet die klassische Passform, die f\u00fcr die Designs dieses Herstellers typisch ist.<\/p>\n<p>Dies ist f\u00fcr Sammler und Fans, die ein originales Ausw\u00e4rtstrikot suchen <strong>Ferencv\u00e1rosi TC<\/strong> aus der Saison <strong>2019\/20<\/strong>, und ist ein deutlicher Beleg f\u00fcr die heutige Dominanz des Vereins im ungarischen Fu\u00dfball.<\/p>","protected":false},"featured_media":48857,"template":"","meta":{"_kad_blocks_custom_css":"","_kad_blocks_head_custom_js":"","_kad_blocks_body_custom_js":"","_kad_blocks_footer_custom_js":"","_kad_post_transparent":"default","_kad_post_title":"","_kad_post_layout":"default","_kad_post_sidebar_id":"","_kad_post_content_style":"default","_kad_post_vertical_padding":"default","_kad_post_feature":"","_kad_post_feature_position":"","_kad_post_header":false,"_kad_post_footer":false,"_kad_post_classname":""},"product_brand":[1284],"product_cat":[1493],"product_tag":[],"class_list":{"0":"post-48814","1":"product","2":"type-product","3":"status-publish","4":"has-post-thumbnail","6":"product_brand-nike","7":"product_cat-kluby-europejskie-europa","8":"pa_homeawaythird-away","9":"pa_rozmiar-xl","11":"first","12":"instock","13":"taxable","14":"shipping-taxable","15":"purchasable","16":"product-type-simple","17":"entry","18":"content-bg","19":"loop-entry"},"taxonomy_info":{"product_brand":[{"value":1284,"label":"Nike"}],"product_cat":[{"value":1493,"label":"Pozosta\u0142e kluby europejskie"}],"pa_homeawaythird":[{"value":1598,"label":"Away"}],"pa_rozmiar":[{"value":1818,"label":"XL"}]},"featured_image_src_large":["https:\/\/footballthrift.shop\/wp-content\/uploads\/2024\/08\/Photoroom_018_20240818_112807-1024x1024.png",1024,1024,true],"author_info":[],"comment_info":"","_links":{"self":[{"href":"https:\/\/footballthrift.shop\/de\/wp-json\/wp\/v2\/product\/48814","targetHints":{"allow":["GET"]}}],"collection":[{"href":"https:\/\/footballthrift.shop\/de\/wp-json\/wp\/v2\/product"}],"about":[{"href":"https:\/\/footballthrift.shop\/de\/wp-json\/wp\/v2\/types\/product"}],"wp:featuredmedia":[{"embeddable":true,"href":"https:\/\/footballthrift.shop\/de\/wp-json\/wp\/v2\/media\/48857"}],"wp:attachment":[{"href":"https:\/\/footballthrift.shop\/de\/wp-json\/wp\/v2\/media?parent=48814"}],"wp:term":[{"taxonomy":"product_brand","embeddable":true,"href":"https:\/\/footballthrift.shop\/de\/wp-json\/wp\/v2\/product_brand?post=48814"},{"taxonomy":"product_cat","embeddable":true,"href":"https:\/\/footballthrift.shop\/de\/wp-json\/wp\/v2\/product_cat?post=48814"},{"taxonomy":"product_tag","embeddable":true,"href":"https:\/\/footballthrift.shop\/de\/wp-json\/wp\/v2\/product_tag?post=48814"}],"curies":[{"name":"wp","href":"https:\/\/api.w.org\/{rel}","templated":true}]}}