{"id":48810,"date":"2025-02-13T17:52:53","date_gmt":"2025-02-13T16:52:53","guid":{"rendered":"https:\/\/footballthrift.shop\/?post_type=product&#038;p=48810"},"modified":"2026-03-13T14:07:56","modified_gmt":"2026-03-13T13:07:56","slug":"piast-gliwice-2021-22-third-29-stojilkovic-s","status":"publish","type":"product","link":"https:\/\/footballthrift.shop\/de\/piast-gliwice-2021-22-third-29-stojilkovic-s\/","title":{"rendered":"Koszulka pi\u0142karska Piast Gliwice 2021\/22 Third 29 Stojilkovi\u0107 [S]"},"content":{"rendered":"<p><strong>Verein:<\/strong> Piast Gliwice<\/p>\n<p><strong>Saison:<\/strong> 2021\/22 Dritter<\/p>\n<p><strong>Gr\u00f6\u00dfe: <\/strong>S<\/p>\n<p><strong>Zustand:<\/strong> Ausgezeichnet<\/p>\n<p><strong>Ma\u00dfe (Achselbreite\/L\u00e4nge) in cm: <\/strong>47\/72<\/p>","protected":false},"excerpt":{"rendered":"<p><strong>Das originale dritte Fu\u00dfballtrikot von Piast Gliwice aus der Saison 2021\/22 von Adidas, bedruckt von Nikola Stojilkovic.\u00a0<\/strong><\/p>\n<p>Das dritte Modell, das f\u00fcr <strong>Piasta Gliwice<\/strong> f\u00fcr die Saison <strong>2021\/22<\/strong>hergestellt von <strong>Adidas<\/strong> in der Gr\u00f6\u00dfe S, verweist auf die unverwechselbaren Farben des oberschlesischen Vereins. Damals war das Team eine der stabilen Mannschaften <strong>Ekstraklasa<\/strong>, Der Verein hat einige Jahre zuvor den gr\u00f6\u00dften Erfolg seiner Geschichte errungen - die polnische Meisterschaft in der Saison 2018\/19 - und bleibt ein wichtiger Akteur im nationalen Wettbewerb.<\/p>\n<p>Das T-Shirt wurde auf einem blauen Untergrund hergestellt, der eines der erkennbarsten Elemente der Identit\u00e4t ist. <strong>Piasta Gliwice<\/strong>. Am Kragen und an den \u00c4rmeln sind kontrastierende wei\u00dfe Bes\u00e4tze zu sehen, wobei das charakteristische Top des Designs <strong>Adidas<\/strong> drei Streifen des Herstellers. An den \u00c4rmeln befinden sich au\u00dferdem Embleme <strong>Ekstraklasa<\/strong>, und unterstreicht damit die Teilnahme des Vereins an der h\u00f6chsten Wettbewerbsklasse in Polen.<\/p>\n<p>Auf der R\u00fcckseite befindet sich ein origineller Aufdruck. <strong>Nikola Stojilkovi\u0107<\/strong>, der serbische St\u00fcrmer, der in der Saison <strong>2021\/22<\/strong> played for <strong>Piasta Gliwice<\/strong>. Sein Aufenthalt im Verein war kurz - er bestritt acht Spiele, in denen er ein Tor erzielte. Andere Spieler im Team zu dieser Zeit waren. <strong>Jakub \u015awierczok<\/strong>, <strong>Patryk Dziczek<\/strong> oder <strong>Tomasz Jod\u0142owiec<\/strong>, und der Verein setzte seine stabile Pr\u00e4senz an der Spitze der polnischen Liga fort.<\/p>\n<p>Das T-Shirt ist aus einem leichten und luftigen Material gefertigt und der Schnitt in Gr\u00f6\u00dfe S entspricht den Standards der <strong>Adidas<\/strong>, und bieten eine klassische Passform.<\/p>\n<p>Dies ist ein Angebot f\u00fcr Sammler und Fans, die auf der Suche sind nach <strong>das original dritte Piast Gliwice Fu\u00dfballtrikot der Saison 2021\/22 von Adidas<\/strong>, die ein deutliches Zeugnis einer zeitgen\u00f6ssischen Phase der Vereinsgeschichte darstellt.<\/p>","protected":false},"featured_media":48971,"template":"","meta":{"_kad_blocks_custom_css":"","_kad_blocks_head_custom_js":"","_kad_blocks_body_custom_js":"","_kad_blocks_footer_custom_js":"","_kad_post_transparent":"default","_kad_post_title":"","_kad_post_layout":"default","_kad_post_sidebar_id":"","_kad_post_content_style":"default","_kad_post_vertical_padding":"default","_kad_post_feature":"","_kad_post_feature_position":"","_kad_post_header":false,"_kad_post_footer":false,"_kad_post_classname":""},"product_brand":[1283],"product_cat":[1468],"product_tag":[],"class_list":{"0":"post-48810","1":"product","2":"type-product","3":"status-publish","4":"has-post-thumbnail","6":"product_brand-adidas","7":"product_cat-pozostale-kluby-polskie","8":"pa_homeawaythird-third","9":"pa_rozmiar-s","11":"first","12":"instock","13":"taxable","14":"shipping-taxable","15":"purchasable","16":"product-type-simple","17":"entry","18":"content-bg","19":"loop-entry"},"taxonomy_info":{"product_brand":[{"value":1283,"label":"Adidas"}],"product_cat":[{"value":1468,"label":"Pozosta\u0142e kluby polskie"}],"pa_homeawaythird":[{"value":1599,"label":"Third"}],"pa_rozmiar":[{"value":1815,"label":"S"}]},"featured_image_src_large":["https:\/\/footballthrift.shop\/wp-content\/uploads\/2024\/08\/Photoroom_031_20240818_112807-1024x1024.png",1024,1024,true],"author_info":[],"comment_info":"","_links":{"self":[{"href":"https:\/\/footballthrift.shop\/de\/wp-json\/wp\/v2\/product\/48810","targetHints":{"allow":["GET"]}}],"collection":[{"href":"https:\/\/footballthrift.shop\/de\/wp-json\/wp\/v2\/product"}],"about":[{"href":"https:\/\/footballthrift.shop\/de\/wp-json\/wp\/v2\/types\/product"}],"wp:featuredmedia":[{"embeddable":true,"href":"https:\/\/footballthrift.shop\/de\/wp-json\/wp\/v2\/media\/48971"}],"wp:attachment":[{"href":"https:\/\/footballthrift.shop\/de\/wp-json\/wp\/v2\/media?parent=48810"}],"wp:term":[{"taxonomy":"product_brand","embeddable":true,"href":"https:\/\/footballthrift.shop\/de\/wp-json\/wp\/v2\/product_brand?post=48810"},{"taxonomy":"product_cat","embeddable":true,"href":"https:\/\/footballthrift.shop\/de\/wp-json\/wp\/v2\/product_cat?post=48810"},{"taxonomy":"product_tag","embeddable":true,"href":"https:\/\/footballthrift.shop\/de\/wp-json\/wp\/v2\/product_tag?post=48810"}],"curies":[{"name":"wp","href":"https:\/\/api.w.org\/{rel}","templated":true}]}}