{"id":48806,"date":"2025-02-13T17:52:54","date_gmt":"2025-02-13T16:52:54","guid":{"rendered":"https:\/\/footballthrift.shop\/?post_type=product&#038;p=48806"},"modified":"2026-03-13T13:10:27","modified_gmt":"2026-03-13T12:10:27","slug":"anglia-2018-20-home-9-kane-s","status":"publish","type":"product","link":"https:\/\/footballthrift.shop\/de\/anglia-2018-20-home-9-kane-s\/","title":{"rendered":"Koszulka pi\u0142karska Anglia 2018\/20 Home 9 Kane [S]"},"content":{"rendered":"<p><strong>Verein:<\/strong> England<\/p>\n<p><strong>Saison:<\/strong> 2018\/20 Startseite<\/p>\n<p><strong>Gr\u00f6\u00dfe: <\/strong>S<\/p>\n<p><strong>Zustand:<\/strong> Ausgezeichnet<\/p>\n<p><strong>Ma\u00dfe (Achselbreite\/L\u00e4nge) in cm: <\/strong>46\/71<\/p>","protected":false},"excerpt":{"rendered":"<p><strong>Original 2018\/20 England Fu\u00dfball Nationalmannschaft Heimtrikot von Nike mit Harry Kane Aufdruck.\u00a0<\/strong><\/p>\n<p>Heimmodell <strong>Englische Nationalmannschaft<\/strong> im Laufe der Jahre <strong>2018\/20<\/strong>hergestellt von <strong>Nike<\/strong> in Gr\u00f6\u00dfe S, kommt nach einer der erfolgreichsten Perioden f\u00fcr die Nationalmannschaft der Sons of Albion im 21. Unter Gareth Southgate erreichte das Team das Halbfinale der Weltmeisterschaft 2018 in Russland, und eine j\u00fcngere Generation von Spielern begann, eine zunehmend wichtige Rolle beim Wiederaufbau der Mannschaft zu spielen <strong>Englische Nationalmannschaft<\/strong> auf der internationalen B\u00fchne.<\/p>\n<p>Das T-Shirt wurde auf der Grundlage <strong>wei\u00dfer Sockel<\/strong>, unter Beibehaltung des klassischen und minimalistischen Charakters der Wohnfarben <strong>Englische Nationalmannschaft<\/strong>. Die Vorderseite zeigt das Wappen der F\u00f6deration und das Logo der <strong>Nike<\/strong>, Sie sind symmetrisch auf der Kommode angeordnet und in der f\u00fcr die Entw\u00fcrfe dieses Herstellers typischen einfachen und eleganten Form gehalten.<\/p>\n<p>Auf der R\u00fcckseite befindet sich ein origineller Aufdruck. <strong>Harry Kane<\/strong>, Kapit\u00e4n und Torsch\u00fctzenk\u00f6nig <strong>Englische Nationalmannschaft<\/strong> bei der Weltmeisterschaft 2018, wo er sechs Tore erzielte und den Goldenen Schuh des Turniers erhielt. St\u00fcrmer <strong>Tottenham Hotspur<\/strong> war die zentrale Offensivfigur der Nationalmannschaft, und auch Raheem Sterling, Dele Alli, Jordan Henderson und Harry Maguire standen in dieser Zeit im Kader.<\/p>\n<p>Das T-Shirt ist aus einem leichten und luftigen Material gefertigt und der Schnitt in Gr\u00f6\u00dfe S entspricht den Standards der <strong>Nike<\/strong>, Angebot eines Zuschusses f\u00fcr die Projekte <strong>Englische Nationalmannschaft<\/strong> aus dieser Zeit.<\/p>\n<p>F\u00fcr Sammler und Fans, die ein originales Heimtrikot suchen <strong>Englische Nationalmannschaft<\/strong> im Laufe der Jahre <strong>2018\/20<\/strong>, eine klare Bilanz einer der besten Turnierperioden dieser Mannschaft in den letzten Jahrzehnten.<\/p>","protected":false},"featured_media":48942,"template":"","meta":{"_kad_blocks_custom_css":"","_kad_blocks_head_custom_js":"","_kad_blocks_body_custom_js":"","_kad_blocks_footer_custom_js":"","_kad_post_transparent":"default","_kad_post_title":"","_kad_post_layout":"default","_kad_post_sidebar_id":"","_kad_post_content_style":"default","_kad_post_vertical_padding":"default","_kad_post_feature":"","_kad_post_feature_position":"","_kad_post_header":false,"_kad_post_footer":false,"_kad_post_classname":""},"product_brand":[1284],"product_cat":[1447],"product_tag":[],"class_list":{"0":"post-48806","1":"product","2":"type-product","3":"status-publish","4":"has-post-thumbnail","6":"product_brand-nike","7":"product_cat-reprezentacja-anglia","8":"pa_homeawaythird-home","9":"pa_rozmiar-s","11":"first","12":"instock","13":"taxable","14":"shipping-taxable","15":"purchasable","16":"product-type-simple","17":"entry","18":"content-bg","19":"loop-entry"},"taxonomy_info":{"product_brand":[{"value":1284,"label":"Nike"}],"product_cat":[{"value":1447,"label":"Anglia"}],"pa_homeawaythird":[{"value":1597,"label":"Home"}],"pa_rozmiar":[{"value":1815,"label":"S"}]},"featured_image_src_large":["https:\/\/footballthrift.shop\/wp-content\/uploads\/2024\/08\/Photoroom_039_20240818_112807-1024x1024.png",1024,1024,true],"author_info":[],"comment_info":"","_links":{"self":[{"href":"https:\/\/footballthrift.shop\/de\/wp-json\/wp\/v2\/product\/48806","targetHints":{"allow":["GET"]}}],"collection":[{"href":"https:\/\/footballthrift.shop\/de\/wp-json\/wp\/v2\/product"}],"about":[{"href":"https:\/\/footballthrift.shop\/de\/wp-json\/wp\/v2\/types\/product"}],"wp:featuredmedia":[{"embeddable":true,"href":"https:\/\/footballthrift.shop\/de\/wp-json\/wp\/v2\/media\/48942"}],"wp:attachment":[{"href":"https:\/\/footballthrift.shop\/de\/wp-json\/wp\/v2\/media?parent=48806"}],"wp:term":[{"taxonomy":"product_brand","embeddable":true,"href":"https:\/\/footballthrift.shop\/de\/wp-json\/wp\/v2\/product_brand?post=48806"},{"taxonomy":"product_cat","embeddable":true,"href":"https:\/\/footballthrift.shop\/de\/wp-json\/wp\/v2\/product_cat?post=48806"},{"taxonomy":"product_tag","embeddable":true,"href":"https:\/\/footballthrift.shop\/de\/wp-json\/wp\/v2\/product_tag?post=48806"}],"curies":[{"name":"wp","href":"https:\/\/api.w.org\/{rel}","templated":true}]}}