{"id":48625,"date":"2025-02-13T17:52:46","date_gmt":"2025-02-13T16:52:46","guid":{"rendered":"https:\/\/footballthrift.shop\/?post_type=product&#038;p=48625"},"modified":"2026-03-14T13:50:11","modified_gmt":"2026-03-14T12:50:11","slug":"spiel-ausgabe-novara-calcio-2016-17-auswarts-20-kaufen-l","status":"publish","type":"product","link":"https:\/\/footballthrift.shop\/de\/match-issue-novara-calcio-2016-17-away-20-kupisz-l\/","title":{"rendered":"Koszulka pi\u0142karska MATCH ISSUE Novara Calcio 2016\/17 Away 20 Kupisz [L]"},"content":{"rendered":"<p><strong>Verein:<\/strong> Novara Calcio<\/p>\n<p><strong>Saison:<\/strong> 2016\/17 Ausw\u00e4rts<\/p>\n<p><strong>Gr\u00f6\u00dfe: <\/strong>L<\/p>\n<p><strong>Zustand:<\/strong> Sehr gut - Verschmutzung auf der R\u00fcckseite.<\/p>\n<p><strong>Ma\u00dfe (Achselbreite\/L\u00e4nge) in cm: <\/strong>52\/71(vorne), 76(hinten)<\/p>","protected":false},"excerpt":{"rendered":"<p><strong>Original Novara Calcio Ausw\u00e4rtstrikot aus der Saison 2016\/17 von Joma, gedruckt von Tomasz Kupisz.\u00a0<\/strong><\/p>\n<p>Ausw\u00e4rtsmodell <strong>Novary Calcio<\/strong> aus der Saison <strong>2016\/17<\/strong>hergestellt von <strong>Joma<\/strong> Gr\u00f6\u00dfe L, die auf die Zeit zur\u00fcckgeht, in der der Verein in diesem Wettbewerb spielte <strong>Serie B<\/strong>, der zweith\u00f6chsten Spielklasse in Italien. Die Mannschaft aus der Region Piemont geh\u00f6rt zu den Vereinen mit einer langen Tradition, die im Laufe der Jahre zwischen Auftritten in den unteren Ligen und Episoden in den h\u00f6heren Ligen des italienischen Fu\u00dfballs wechselte.<\/p>\n<p>Das T-Shirt wurde auf wei\u00dfem Grund hergestellt und zeigt zwei Sponsorenaufdrucke auf der Vorderseite, die das Herzst\u00fcck der Komposition bilden. Auf dem \u00c4rmel befindet sich ein Aufn\u00e4her <strong>Serie B<\/strong>, Teilnahmebest\u00e4tigung <strong>Novary Calcio<\/strong> in der zweiten italienischen Liga. Das Gesamtdesign ist im klassischen Ausw\u00e4rtsstil gehalten, der f\u00fcr die Designs <strong>Jomy<\/strong> die damals f\u00fcr italienische Vereine vorbereitet wurden.<\/p>\n<p>Auf der R\u00fcckseite befindet sich ein origineller Aufdruck. <strong>Tomasz Kupisz<\/strong>, ist ein polnischer Fl\u00fcgelspieler, der einen Gro\u00dfteil seiner Karriere in Italien verbracht hat. Nach seinem Wechsel von <strong>Jagiellonia Bia\u0142ystok<\/strong> Im Alter von 23 Jahren fand er sich in <strong>Chievo Verona<\/strong>, und vertrat anschlie\u00dfend die Farben zahlreicher Vereine auf verschiedenen Wettbewerbsebenen, darunter. <strong>Bari<\/strong>, <strong>Novit\u00e4t<\/strong>ob <strong>Livorno Calcio<\/strong>. Sein Werdegang ist eines der interessantesten Beispiele f\u00fcr die Karriere eines polnischen Fu\u00dfballers, die sich fast ausschlie\u00dflich in den Strukturen des italienischen Fu\u00dfballs abspielt.<\/p>\n<p>Das T-Shirt ist aus einem leichten und luftigen Material gefertigt und der Schnitt in Gr\u00f6\u00dfe L entspricht den Standards der <strong>Jomy<\/strong> und steht im Einklang mit der Fassung des Spiels, in der es erschien <strong>Tomasz Kupisz<\/strong>.<\/p>\n<p>Dies ist ein Angebot f\u00fcr Sammler und Fans, die auf der Suche sind nach <strong>Novara Calcio's original Ausw\u00e4rtstrikot aus der Saison 2016\/17 von Joma<\/strong>, der die Zeit der Auftritte des Clubs in der Europ\u00e4ischen Union deutlich dokumentiert. <strong>Serie B<\/strong> und die italienische Etappe seiner Karriere <strong>Tomasz Kupisz<\/strong>.<\/p>","protected":false},"featured_media":48711,"template":"","meta":{"_kad_blocks_custom_css":"","_kad_blocks_head_custom_js":"","_kad_blocks_body_custom_js":"","_kad_blocks_footer_custom_js":"","_kad_post_transparent":"default","_kad_post_title":"","_kad_post_layout":"default","_kad_post_sidebar_id":"","_kad_post_content_style":"default","_kad_post_vertical_padding":"default","_kad_post_feature":"","_kad_post_feature_position":"","_kad_post_header":false,"_kad_post_footer":false,"_kad_post_classname":""},"product_brand":[1304],"product_cat":[1480,1409,1411],"product_tag":[],"class_list":{"0":"post-48625","1":"product","2":"type-product","3":"status-publish","4":"has-post-thumbnail","6":"product_brand-joma","7":"product_cat-pozostale-kluby-wloskie","8":"product_cat-match-worn-issue","9":"product_cat-polscy-pilkarze","10":"pa_homeawaythird-away","11":"pa_rozmiar-l","13":"first","14":"instock","15":"taxable","16":"shipping-taxable","17":"purchasable","18":"product-type-simple","19":"entry","20":"content-bg","21":"loop-entry"},"taxonomy_info":{"product_brand":[{"value":1304,"label":"Joma"}],"product_cat":[{"value":1480,"label":"Pozosta\u0142e kluby w\u0142oskie"},{"value":1409,"label":"MATCH WORN &amp; ISSUE"},{"value":1411,"label":"POLSCY PI\u0141KARZE"}],"pa_homeawaythird":[{"value":1598,"label":"Away"}],"pa_rozmiar":[{"value":1817,"label":"L"}]},"featured_image_src_large":["https:\/\/footballthrift.shop\/wp-content\/uploads\/2024\/08\/Photoroom_015_20240815_110205-1024x1024.png",1024,1024,true],"author_info":[],"comment_info":"","_links":{"self":[{"href":"https:\/\/footballthrift.shop\/de\/wp-json\/wp\/v2\/product\/48625","targetHints":{"allow":["GET"]}}],"collection":[{"href":"https:\/\/footballthrift.shop\/de\/wp-json\/wp\/v2\/product"}],"about":[{"href":"https:\/\/footballthrift.shop\/de\/wp-json\/wp\/v2\/types\/product"}],"wp:featuredmedia":[{"embeddable":true,"href":"https:\/\/footballthrift.shop\/de\/wp-json\/wp\/v2\/media\/48711"}],"wp:attachment":[{"href":"https:\/\/footballthrift.shop\/de\/wp-json\/wp\/v2\/media?parent=48625"}],"wp:term":[{"taxonomy":"product_brand","embeddable":true,"href":"https:\/\/footballthrift.shop\/de\/wp-json\/wp\/v2\/product_brand?post=48625"},{"taxonomy":"product_cat","embeddable":true,"href":"https:\/\/footballthrift.shop\/de\/wp-json\/wp\/v2\/product_cat?post=48625"},{"taxonomy":"product_tag","embeddable":true,"href":"https:\/\/footballthrift.shop\/de\/wp-json\/wp\/v2\/product_tag?post=48625"}],"curies":[{"name":"wp","href":"https:\/\/api.w.org\/{rel}","templated":true}]}}