{"id":48623,"date":"2025-02-13T17:52:44","date_gmt":"2025-02-13T16:52:44","guid":{"rendered":"https:\/\/footballthrift.shop\/?post_type=product&#038;p=48623"},"modified":"2026-03-14T14:43:24","modified_gmt":"2026-03-14T13:43:24","slug":"spiel-ausgabe-vfl-wolfsburg-1999-00-heim-9-juskowiak-l-autogramm","status":"publish","type":"product","link":"https:\/\/footballthrift.shop\/de\/match-issue-vfl-wolfsburg-1999-00-home-9-juskowiak-l-autograf\/","title":{"rendered":"Koszulka pi\u0142karska MATCH ISSUE VFL Wolfsburg 1999\/00 Home 9 Juskowiak [L] + AUTOGRAF"},"content":{"rendered":"<p><strong>Verein:<\/strong> VFL Wolfsburg<\/p>\n<p><strong>Saison:<\/strong> 1999\/00 Startseite<\/p>\n<p><strong>Gr\u00f6\u00dfe: <\/strong>L<\/p>\n<p><strong>Zustand:<\/strong> Gut - einige kleinere Verschmutzungen und Mikroflecken auf der Vorderseite.<\/p>\n<p><strong>Ma\u00dfe (Achselbreite\/L\u00e4nge) in cm: <\/strong>57\/74(vorne), 82(hinten)<\/p>","protected":false},"excerpt":{"rendered":"<p><strong>Original VfL Wolfsburg Heimtrikot aus der Saison 1999\/00 von Puma bedruckt mit Andrzej Juskowiak.\u00a0<\/strong><\/p>\n<p>Heimmodell <strong>VfL Wolfsburg<\/strong> aus der Saison <strong>1999\/00<\/strong>hergestellt von <strong>Puma<\/strong> Gr\u00f6\u00dfe L, stammt aus den ersten Jahren der Pr\u00e4senz des Clubs in der <strong>Bundesliga<\/strong> Nach dem historischen Aufstieg im Jahr 1997. Die Mannschaft, die mit dem Volkswagen-Konzern verbunden ist, baute ihre Position in der h\u00f6chsten deutschen Spielklasse nach und nach aus, indem sie versuchte, ihren Platz in der Liga zu stabilisieren und ein sportliches Projekt zu entwickeln, das auf einer Mischung aus in- und ausl\u00e4ndischen Spielern basiert.<\/p>\n<p>Das Shirt wurde auf wei\u00dfem Grund gefertigt, mit kontrastierenden schwarzen \u00c4rmelabschl\u00fcssen und einem markanten Polokragen in Gr\u00fcn und Schwarz. Auf der Vorderseite ist ein Sponsorenaufdruck zu sehen. <strong>Volkswagen<\/strong>, und hebt die engen Verbindungen hervor <strong>VfL Wolfsburg<\/strong> mit einem deutschen Automobilhersteller. Auf dem \u00c4rmel befindet sich ein Aufn\u00e4her <strong>Bundesliga<\/strong>, und das Design wird durch die Kennzeichnung des Herstellers erg\u00e4nzt <strong>Pumas<\/strong>.<\/p>\n<p>Auf der R\u00fcckseite befindet sich ein origineller Aufdruck. <strong>Andrzej Juskowiak<\/strong> zusammen mit seinem Autogramm. Der polnische St\u00fcrmer vertrat <strong>VfL Wolfsburg<\/strong> Er war zwischen 1998 und 2002 einer der wichtigsten Offensivspieler der Mannschaft zur Jahrtausendwende. Der ehemalige Torsch\u00fctzenk\u00f6nig der Olympischen Spiele 1992 in Barcelona brachte seine zuvor in europ\u00e4ischen Ligen gesammelte Erfahrung in die Mannschaft ein und trug mit seinen Toren dazu bei, dass der Verein eine stabile Position in der <strong>Bundesliga<\/strong>.<\/p>\n<p>Das T-Shirt ist aus einem leichten und luftigen Material gefertigt und der Schnitt in Gr\u00f6\u00dfe L entspricht den Standards der <strong>Pumas<\/strong> und stimmt mit der Spielversion \u00fcberein, die den Entw\u00fcrfen entspricht, in denen die Spieler gespielt haben <strong>VfL Wolfsburg<\/strong>.<\/p>\n<p>Dies ist ein Angebot f\u00fcr Sammler und Fans, die auf der Suche sind nach <strong>das Original VfL Wolfsburg Heimtrikot aus der Saison 1999\/00 von Puma<\/strong>, eine klare Aufzeichnung der fr\u00fchen Jahre des Clubs in der <strong>Bundesliga<\/strong>.<\/p>","protected":false},"featured_media":48687,"template":"","meta":{"_kad_blocks_custom_css":"","_kad_blocks_head_custom_js":"","_kad_blocks_body_custom_js":"","_kad_blocks_footer_custom_js":"","_kad_post_transparent":"default","_kad_post_title":"","_kad_post_layout":"default","_kad_post_sidebar_id":"","_kad_post_content_style":"default","_kad_post_vertical_padding":"default","_kad_post_feature":"","_kad_post_feature_position":"","_kad_post_header":false,"_kad_post_footer":false,"_kad_post_classname":""},"product_brand":[1287],"product_cat":[1482,1409,1411],"product_tag":[],"class_list":{"0":"post-48623","1":"product","2":"type-product","3":"status-publish","4":"has-post-thumbnail","6":"product_brand-puma","7":"product_cat-kluby-niemieckie-vflwolfsburg","8":"product_cat-match-worn-issue","9":"product_cat-polscy-pilkarze","10":"pa_homeawaythird-home","11":"pa_rozmiar-l","13":"first","14":"instock","15":"taxable","16":"shipping-taxable","17":"purchasable","18":"product-type-simple","19":"entry","20":"content-bg","21":"loop-entry"},"taxonomy_info":{"product_brand":[{"value":1287,"label":"Puma"}],"product_cat":[{"value":1482,"label":"VFL Wolfsburg"},{"value":1409,"label":"MATCH WORN &amp; ISSUE"},{"value":1411,"label":"POLSCY PI\u0141KARZE"}],"pa_homeawaythird":[{"value":1597,"label":"Home"}],"pa_rozmiar":[{"value":1817,"label":"L"}]},"featured_image_src_large":["https:\/\/footballthrift.shop\/wp-content\/uploads\/2024\/08\/Photoroom_013_20240815_110205-1024x1024.png",1024,1024,true],"author_info":[],"comment_info":"","_links":{"self":[{"href":"https:\/\/footballthrift.shop\/de\/wp-json\/wp\/v2\/product\/48623","targetHints":{"allow":["GET"]}}],"collection":[{"href":"https:\/\/footballthrift.shop\/de\/wp-json\/wp\/v2\/product"}],"about":[{"href":"https:\/\/footballthrift.shop\/de\/wp-json\/wp\/v2\/types\/product"}],"wp:featuredmedia":[{"embeddable":true,"href":"https:\/\/footballthrift.shop\/de\/wp-json\/wp\/v2\/media\/48687"}],"wp:attachment":[{"href":"https:\/\/footballthrift.shop\/de\/wp-json\/wp\/v2\/media?parent=48623"}],"wp:term":[{"taxonomy":"product_brand","embeddable":true,"href":"https:\/\/footballthrift.shop\/de\/wp-json\/wp\/v2\/product_brand?post=48623"},{"taxonomy":"product_cat","embeddable":true,"href":"https:\/\/footballthrift.shop\/de\/wp-json\/wp\/v2\/product_cat?post=48623"},{"taxonomy":"product_tag","embeddable":true,"href":"https:\/\/footballthrift.shop\/de\/wp-json\/wp\/v2\/product_tag?post=48623"}],"curies":[{"name":"wp","href":"https:\/\/api.w.org\/{rel}","templated":true}]}}