{"id":48619,"date":"2025-02-13T17:52:47","date_gmt":"2025-02-13T16:52:47","guid":{"rendered":"https:\/\/footballthrift.shop\/?post_type=product&#038;p=48619"},"modified":"2026-03-13T16:42:20","modified_gmt":"2026-03-13T15:42:20","slug":"stade-de-reims-2013-14-auswarts-4-krychowiak-m","status":"publish","type":"product","link":"https:\/\/footballthrift.shop\/de\/stade-de-reims-2013-14-away-4-krychowiak-m\/","title":{"rendered":"Koszulka pi\u0142karska Stade De Reims 2013\/14 Away 4 Krychowiak [M]"},"content":{"rendered":"<p><strong>Verein:<\/strong> Stade de Reims<\/p>\n<p><strong>Saison:<\/strong> 2013\/14 Ausw\u00e4rts<\/p>\n<p><strong>Gr\u00f6\u00dfe: <\/strong>M<\/p>\n<p><strong>Zustand:<\/strong> Gut - gerissene Sponsorenaufdrucke und Name und Nummer auf dem R\u00fccken, abgenutzter Gr\u00f6\u00dfenaufn\u00e4her am Hals.<\/p>\n<p><strong>Ma\u00dfe (Achselbreite\/L\u00e4nge) in cm: <\/strong>52\/68 (vorne), 72 (hinten)<\/p>","protected":false},"excerpt":{"rendered":"<p><strong>Original Stade de Reims Ausw\u00e4rtstrikot aus der Saison 2013\/14, produziert von Hummel und gedruckt von Grzegorz Krychowiak.\u00a0<\/strong><\/p>\n<p>Ausw\u00e4rtsmodell <strong>Stade de Reims<\/strong> aus der Saison <strong>2013\/14<\/strong>hergestellt von <strong>Hummel<\/strong> in Gr\u00f6\u00dfe M, stammt aus der Zeit der Stabilit\u00e4t des Vereins in der ersten franz\u00f6sischen Liga nach der R\u00fcckkehr in die <strong>Liga 1<\/strong> zu Beginn des letzten Jahrzehnts. Die Mannschaft aus der Champagne setzte ihren Wiederaufbau in der nationalen Elite fort und kn\u00fcpfte an die reiche Geschichte des Vereins an, der in den 1950er Jahren eine der wichtigsten Mannschaften im europ\u00e4ischen Fu\u00dfball war.<\/p>\n<p>Das T-Shirt ist auf schwarzem Grund mit dezenten grauen Bes\u00e4tzen gefertigt, die dem Design eine dezente und elegante Note verleihen. Die \u00c4rmel sind mit den f\u00fcr die Designs charakteristischen wei\u00dfen Chevrons versehen <strong>Hummel<\/strong>, das eines der erkennbarsten Elemente der Identit\u00e4t dieses Herstellers ist. Au\u00dferdem befindet sich auf dem \u00c4rmel ein Aufn\u00e4her <strong>Liga 1<\/strong>, unter besonderer Ber\u00fccksichtigung der Beteiligung von <strong>Stade de Reims<\/strong> in Frankreichs wichtigstem Wettbewerb.<\/p>\n<p>Auf der R\u00fcckseite befindet sich ein origineller Aufdruck. <strong>Grzegorz Krychowiak<\/strong>, der in der Saison <strong>2013\/14<\/strong> war einer der Hauptakteure <strong>Stade de Reims<\/strong>. Der polnische Mittelfeldspieler war die defensive St\u00fctze der Mannschaft und zeichnete sich durch seine K\u00f6rperlichkeit, seine Arbeit in der Annahme und seine F\u00e4higkeit, das Spiel im Mittelfeld zu organisieren, aus. Seine gute Form in den Farben des Klubs aus der Champagne ebnete den Weg f\u00fcr seinen Wechsel zu <strong>Sevilla<\/strong>, In den folgenden Jahren erreichte er unter anderem zwei Triumphe in der Europa League und dr\u00fcckte auch der polnischen Nationalmannschaft seinen Stempel auf.<\/p>\n<p>Das T-Shirt ist aus einem leichten und luftigen Material gefertigt und der Schnitt in Gr\u00f6\u00dfe M entspricht den Standards der <strong>Hummel<\/strong>, und bieten eine klassische Passform.<\/p>\n<p>Dies ist ein Angebot f\u00fcr Sammler und Fans, die auf der Suche sind nach <strong>das originale Stade de Reims-Ausw\u00e4rtstrikot aus der Saison 2013\/14 von Hummel<\/strong>, die die Zeit der R\u00fcckkehr des Vereins zu einer stabilen Pr\u00e4senz in der Region dokumentieren. <strong>Liga 1<\/strong>.<\/p>","protected":false},"featured_media":48652,"template":"","meta":{"_kad_blocks_custom_css":"","_kad_blocks_head_custom_js":"","_kad_blocks_body_custom_js":"","_kad_blocks_footer_custom_js":"","_kad_post_transparent":"default","_kad_post_title":"","_kad_post_layout":"default","_kad_post_sidebar_id":"","_kad_post_content_style":"default","_kad_post_vertical_padding":"default","_kad_post_feature":"","_kad_post_feature_position":"","_kad_post_header":false,"_kad_post_footer":false,"_kad_post_classname":""},"product_brand":[1288],"product_cat":[1475,1411],"product_tag":[],"class_list":{"0":"post-48619","1":"product","2":"type-product","3":"status-publish","4":"has-post-thumbnail","6":"product_brand-hummel","7":"product_cat-pozostale-kluby-francuskie","8":"product_cat-polscy-pilkarze","9":"pa_homeawaythird-away","10":"pa_rozmiar-m","12":"first","13":"instock","14":"taxable","15":"shipping-taxable","16":"purchasable","17":"product-type-simple","18":"entry","19":"content-bg","20":"loop-entry"},"taxonomy_info":{"product_brand":[{"value":1288,"label":"Hummel"}],"product_cat":[{"value":1475,"label":"Pozosta\u0142e kluby francuskie"},{"value":1411,"label":"POLSCY PI\u0141KARZE"}],"pa_homeawaythird":[{"value":1598,"label":"Away"}],"pa_rozmiar":[{"value":1816,"label":"M"}]},"featured_image_src_large":["https:\/\/footballthrift.shop\/wp-content\/uploads\/2024\/08\/Photoroom_017_20240815_110205-1024x1024.png",1024,1024,true],"author_info":[],"comment_info":"","_links":{"self":[{"href":"https:\/\/footballthrift.shop\/de\/wp-json\/wp\/v2\/product\/48619","targetHints":{"allow":["GET"]}}],"collection":[{"href":"https:\/\/footballthrift.shop\/de\/wp-json\/wp\/v2\/product"}],"about":[{"href":"https:\/\/footballthrift.shop\/de\/wp-json\/wp\/v2\/types\/product"}],"wp:featuredmedia":[{"embeddable":true,"href":"https:\/\/footballthrift.shop\/de\/wp-json\/wp\/v2\/media\/48652"}],"wp:attachment":[{"href":"https:\/\/footballthrift.shop\/de\/wp-json\/wp\/v2\/media?parent=48619"}],"wp:term":[{"taxonomy":"product_brand","embeddable":true,"href":"https:\/\/footballthrift.shop\/de\/wp-json\/wp\/v2\/product_brand?post=48619"},{"taxonomy":"product_cat","embeddable":true,"href":"https:\/\/footballthrift.shop\/de\/wp-json\/wp\/v2\/product_cat?post=48619"},{"taxonomy":"product_tag","embeddable":true,"href":"https:\/\/footballthrift.shop\/de\/wp-json\/wp\/v2\/product_tag?post=48619"}],"curies":[{"name":"wp","href":"https:\/\/api.w.org\/{rel}","templated":true}]}}