{"id":48014,"date":"2024-08-11T17:37:10","date_gmt":"2024-08-11T15:37:10","guid":{"rendered":"https:\/\/footballthrift.shop\/?post_type=product&#038;p=48014"},"modified":"2026-05-01T10:27:12","modified_gmt":"2026-05-01T08:27:12","slug":"liverpool-fc-2009-10-dritte-12-f-aurelio-m","status":"publish","type":"product","link":"https:\/\/footballthrift.shop\/de\/liverpool-fc-2009-10-third-12-f-aurelio-m\/","title":{"rendered":"Koszulka pi\u0142karska Liverpool FC 2009\/10 Third 12 F. Aurelio [M]"},"content":{"rendered":"<p><strong>Verein:<\/strong> Liverpool FC<\/p>\n<p><strong>Saison:<\/strong> 2009\/10 Dritter<\/p>\n<p><strong>Gr\u00f6\u00dfe: <\/strong>M<\/p>\n<p><strong>Zustand:<\/strong> Sehr gut - zwei Mikroflecken.<\/p>\n<p><strong>Ma\u00dfe (Achselbreite\/L\u00e4nge) in cm: <\/strong>52\/73<\/p>","protected":false},"excerpt":{"rendered":"<p><strong>Originales drittes Liverpool FC Fu\u00dfballtrikot aus der Saison 2009\/10 von Adidas, gedruckt von Fabio Aur\u00e9lio.\u00a0<\/strong><\/p>\n<p>Dritter Satz <strong>FC Liverpool<\/strong> aus der Saison <strong>2009\/10<\/strong>hergestellt von <strong>Adidas<\/strong> in Gr\u00f6\u00dfe M, stammt aus einer Zeit, als der Verein noch zu den Spitzenmannschaften der englischen Premier League geh\u00f6rte, auch wenn diese Saison nicht so erfolgreich war wie die vorherige. Das von Rafael Ben\u00edtez gef\u00fchrte Team war an mehreren Fronten im Wettbewerb, und im Kader standen Spieler, die zu den wichtigsten Figuren des Anfield-Teams an der Wende zum 21.<\/p>\n<p>Das Trikot wurde auf wei\u00dfem Grund hergestellt und weist ein einfaches und elegantes Design auf, das f\u00fcr die Ausw\u00e4rts- und Drittligaspieler der <strong>FC Liverpool<\/strong> der damaligen Zeit. Die \u00c4rmel weisen die f\u00fcr die Designs charakteristischen roten drei Streifen auf <strong>Adidas<\/strong>, auf der Vorderseite steht der Aufdruck des Sponsors im Mittelpunkt. <strong>Carlsberg<\/strong>. Bei dem ausgestellten Exemplar handelt es sich um eine seltenere Sammlerversion mit einer langen H\u00fclle.<\/p>\n<p>Auf der R\u00fcckseite befindet sich ein origineller Aufdruck. <strong>Fabio Aur\u00e9lio<\/strong>, eine brasilianische Sportlerin, die bereits die <strong>Liverpool FC<\/strong> Der Spieler spielte meist auf der linken Abwehrseite, konnte aber auch im Mittelfeld spielen. Er zeichnete sich durch eine sehr gute Technik, pr\u00e4zise P\u00e4sse und gef\u00e4hrliche Anspiele aus. W\u00e4hrend seiner Zeit in Anfield war er Teil einer Mannschaft, in der unter anderem folgende Spieler spielten. <strong>Steven Gerrard<\/strong>, <strong>Fernando Torres<\/strong>, <strong>Jamie Carragher<\/strong> und <strong>Pepe Reina<\/strong>.<\/p>\n<p>Das T-Shirt ist aus einem leichten und luftigen Material gefertigt und der Schnitt in Gr\u00f6\u00dfe M entspricht den Standards der <strong>Adidas<\/strong>, und bieten eine klassische Passform.<\/p>\n<p>Dies ist ein Angebot f\u00fcr Sammler und Fans, die auf der Suche sind nach <strong>das originale dritte Fu\u00dfballtrikot des FC Liverpool aus der Saison 2009\/10 von Adidas<\/strong>, die einen Abschnitt in der Geschichte des Anfield-Clubs anschaulich dokumentieren.<\/p>","protected":false},"featured_media":48138,"template":"","meta":{"_kad_blocks_custom_css":"","_kad_blocks_head_custom_js":"","_kad_blocks_body_custom_js":"","_kad_blocks_footer_custom_js":"","_kad_post_transparent":"default","_kad_post_title":"","_kad_post_layout":"default","_kad_post_sidebar_id":"","_kad_post_content_style":"default","_kad_post_vertical_padding":"default","_kad_post_feature":"","_kad_post_feature_position":"","_kad_post_header":false,"_kad_post_footer":false,"_kad_post_classname":""},"product_brand":[1283],"product_cat":[1464],"product_tag":[],"class_list":{"0":"post-48014","1":"product","2":"type-product","3":"status-publish","4":"has-post-thumbnail","6":"product_brand-adidas","7":"product_cat-liverpool","8":"pa_homeawaythird-third","9":"pa_rozmiar-m","11":"first","12":"instock","13":"sale","14":"taxable","15":"shipping-taxable","16":"purchasable","17":"product-type-simple","18":"entry","19":"content-bg","20":"loop-entry"},"taxonomy_info":{"product_brand":[{"value":1283,"label":"Adidas"}],"product_cat":[{"value":1464,"label":"Liverpool FC"}],"pa_homeawaythird":[{"value":1599,"label":"Third"}],"pa_rozmiar":[{"value":1816,"label":"M"}]},"featured_image_src_large":["https:\/\/footballthrift.shop\/wp-content\/uploads\/2024\/08\/Photoroom_007_20240808_175255-1024x1024.png",1024,1024,true],"author_info":[],"comment_info":"","_links":{"self":[{"href":"https:\/\/footballthrift.shop\/de\/wp-json\/wp\/v2\/product\/48014","targetHints":{"allow":["GET"]}}],"collection":[{"href":"https:\/\/footballthrift.shop\/de\/wp-json\/wp\/v2\/product"}],"about":[{"href":"https:\/\/footballthrift.shop\/de\/wp-json\/wp\/v2\/types\/product"}],"wp:featuredmedia":[{"embeddable":true,"href":"https:\/\/footballthrift.shop\/de\/wp-json\/wp\/v2\/media\/48138"}],"wp:attachment":[{"href":"https:\/\/footballthrift.shop\/de\/wp-json\/wp\/v2\/media?parent=48014"}],"wp:term":[{"taxonomy":"product_brand","embeddable":true,"href":"https:\/\/footballthrift.shop\/de\/wp-json\/wp\/v2\/product_brand?post=48014"},{"taxonomy":"product_cat","embeddable":true,"href":"https:\/\/footballthrift.shop\/de\/wp-json\/wp\/v2\/product_cat?post=48014"},{"taxonomy":"product_tag","embeddable":true,"href":"https:\/\/footballthrift.shop\/de\/wp-json\/wp\/v2\/product_tag?post=48014"}],"curies":[{"name":"wp","href":"https:\/\/api.w.org\/{rel}","templated":true}]}}