{"id":48005,"date":"2025-02-13T17:52:41","date_gmt":"2025-02-13T16:52:41","guid":{"rendered":"https:\/\/footballthrift.shop\/?post_type=product&#038;p=48005"},"modified":"2026-03-14T15:18:56","modified_gmt":"2026-03-14T14:18:56","slug":"inter-mediolan-2001-02-away-7-conceicao-xl","status":"publish","type":"product","link":"https:\/\/footballthrift.shop\/de\/inter-mediolan-2001-02-away-7-conceicao-xl\/","title":{"rendered":"Koszulka pi\u0142karska Inter Mediolan 2001\/02 Away 7 Conceicao [XL]"},"content":{"rendered":"<p><strong>Verein:<\/strong> Inter Mailand<\/p>\n<p><strong>Saison:<\/strong> 2001\/02 Ausw\u00e4rts<\/p>\n<p><strong>Gr\u00f6\u00dfe: <\/strong>XL<\/p>\n<p><strong>Zustand:<\/strong> Gut - der einzige Fehler des T-Shirts ist die stark besch\u00e4digte Nummer auf der R\u00fcckseite.<\/p>\n<p><strong>Ma\u00dfe (Achselbreite\/L\u00e4nge) in cm: <\/strong>64\/80<\/p>","protected":false},"excerpt":{"rendered":"<p><strong>Original Inter Mailand Ausw\u00e4rtstrikot aus der Saison 2001\/02 von Nike, bedruckt von Sergio Concei\u00e7\u00e3o.\u00a0<\/strong><\/p>\n<p>Ausw\u00e4rtsmodell <strong>Inter Mailand<\/strong> aus der Saison <strong>2001\/02<\/strong>hergestellt von <strong>Nike<\/strong> im XL-Format, stammt aus einer der dramatischsten Spielzeiten in der Geschichte des Vereins zu Beginn des 21. Die Mail\u00e4nder Mannschaft blieb die meiste Zeit des Wettbewerbs in F\u00fchrung <strong>Serie A<\/strong>, verpasste jedoch in der letzten Runde die italienische Meisterschaft und beendete die Saison schlie\u00dflich auf dem dritten Platz.<\/p>\n<p>Das T-Shirt wurde auf wei\u00dfem Grund mit einem einfachen, eleganten Design hergestellt. Auf der Vorderseite befinden sich graue Paneele, die das einheitliche Farbschema auflockern und dem Design einen unverwechselbaren Look verleihen. In der Mitte befindet sich der Aufdruck des Sponsors <strong>Pirelli<\/strong>, seit Jahren mit T-Shirts verbunden <strong>Inter Mailand<\/strong>, mit einem Aufn\u00e4her auf dem \u00c4rmel <strong>Serie A<\/strong>. Bei dem ausgestellten Exemplar handelt es sich um eine seltenere, lang\u00e4rmelige Sammlerversion.<\/p>\n<p>Auf der R\u00fcckseite befindet sich ein origineller Aufdruck. <strong>Sergio Concei\u00e7\u00e3o<\/strong>, ein portugiesischer Fl\u00fcgelst\u00fcrmer, der schon f\u00fcr <strong>Inter Mailand<\/strong> In den fr\u00fchen 2000er Jahren war der Spieler f\u00fcr sein dynamisches Spiel auf dem rechten Fl\u00fcgel, seine Schnelligkeit und seine pr\u00e4zisen P\u00e4sse in die Mitte bekannt. W\u00e4hrend der Saison <strong>2001\/02<\/strong> Er spielte in der von H\u00e9ctor C\u00faper geleiteten Mannschaft, zu der unter anderem auch folgende Spieler geh\u00f6rten. <strong>Ronaldo<\/strong>, <strong>Christian Vieri<\/strong>, <strong>Javier Zanetti<\/strong> oder <strong>Luigi Di Biagio<\/strong>.<\/p>\n<p>Das T-Shirt ist aus leichtem und atmungsaktivem Material gefertigt und der Schnitt in Gr\u00f6\u00dfe XL entspricht den Standards der <strong>Nike<\/strong>, und bieten eine klassische Passform.<\/p>\n<p>Dies ist ein Angebot f\u00fcr Sammler und Fans, die auf der Suche sind nach <strong>ein originales Inter Mailand Ausw\u00e4rts-Fu\u00dfballtrikot aus der Saison 2001\/02 von Nike<\/strong>, Damit ist eine der denkw\u00fcrdigsten Spielzeiten in der Geschichte des Vereins eindeutig dokumentiert.<\/p>","protected":false},"featured_media":48041,"template":"","meta":{"_kad_blocks_custom_css":"","_kad_blocks_head_custom_js":"","_kad_blocks_body_custom_js":"","_kad_blocks_footer_custom_js":"","_kad_post_transparent":"default","_kad_post_title":"","_kad_post_layout":"default","_kad_post_sidebar_id":"","_kad_post_content_style":"default","_kad_post_vertical_padding":"default","_kad_post_feature":"","_kad_post_feature_position":"","_kad_post_header":false,"_kad_post_footer":false,"_kad_post_classname":""},"product_brand":[1284],"product_cat":[1458],"product_tag":[],"class_list":{"0":"post-48005","1":"product","2":"type-product","3":"status-publish","4":"has-post-thumbnail","6":"product_brand-nike","7":"product_cat-kluby-wloskie-intermediolan","8":"pa_homeawaythird-away","9":"pa_rozmiar-xl","11":"first","12":"instock","13":"taxable","14":"shipping-taxable","15":"purchasable","16":"product-type-simple","17":"entry","18":"content-bg","19":"loop-entry"},"taxonomy_info":{"product_brand":[{"value":1284,"label":"Nike"}],"product_cat":[{"value":1458,"label":"Inter Mediolan"}],"pa_homeawaythird":[{"value":1598,"label":"Away"}],"pa_rozmiar":[{"value":1818,"label":"XL"}]},"featured_image_src_large":["https:\/\/footballthrift.shop\/wp-content\/uploads\/2024\/08\/Photoroom_025_20240808_175255-1024x1024.png",1024,1024,true],"author_info":[],"comment_info":"","_links":{"self":[{"href":"https:\/\/footballthrift.shop\/de\/wp-json\/wp\/v2\/product\/48005","targetHints":{"allow":["GET"]}}],"collection":[{"href":"https:\/\/footballthrift.shop\/de\/wp-json\/wp\/v2\/product"}],"about":[{"href":"https:\/\/footballthrift.shop\/de\/wp-json\/wp\/v2\/types\/product"}],"wp:featuredmedia":[{"embeddable":true,"href":"https:\/\/footballthrift.shop\/de\/wp-json\/wp\/v2\/media\/48041"}],"wp:attachment":[{"href":"https:\/\/footballthrift.shop\/de\/wp-json\/wp\/v2\/media?parent=48005"}],"wp:term":[{"taxonomy":"product_brand","embeddable":true,"href":"https:\/\/footballthrift.shop\/de\/wp-json\/wp\/v2\/product_brand?post=48005"},{"taxonomy":"product_cat","embeddable":true,"href":"https:\/\/footballthrift.shop\/de\/wp-json\/wp\/v2\/product_cat?post=48005"},{"taxonomy":"product_tag","embeddable":true,"href":"https:\/\/footballthrift.shop\/de\/wp-json\/wp\/v2\/product_tag?post=48005"}],"curies":[{"name":"wp","href":"https:\/\/api.w.org\/{rel}","templated":true}]}}