{"id":48000,"date":"2024-08-11T17:36:59","date_gmt":"2024-08-11T15:36:59","guid":{"rendered":"https:\/\/footballthrift.shop\/?post_type=product&#038;p=48000"},"modified":"2026-03-18T13:32:21","modified_gmt":"2026-03-18T12:32:21","slug":"match-issue-fc-luzern-2007-08-home-16-lustrinelli-m-l","status":"publish","type":"product","link":"https:\/\/footballthrift.shop\/de\/match-issue-fc-luzern-2007-08-home-16-lustrinelli-m-l\/","title":{"rendered":"Koszulka pi\u0142karska MATCH ISSUE FC Luzern 2007\/08 Home 16 Lustrinelli + AUTOGRAF [M\/L]"},"content":{"rendered":"<p><strong>Verein:<\/strong> FC Luzern<\/p>\n<p><strong>Saison:<\/strong> 2007\/08 Startseite<\/p>\n<p><strong>Gr\u00f6\u00dfe: <\/strong>M\/L<\/p>\n<p><strong>Zustand:<\/strong> Ausgezeichnet<\/p>\n<p><strong>Ma\u00dfe (Achselbreite\/L\u00e4nge) in cm: <\/strong>52\/70(vorne), 76(hinten)<\/p>","protected":false},"excerpt":{"rendered":"<p><strong>Original FC Luzern Heimspiel Trikot aus der Saison 2007\/08 produziert und gedruckt von Mauro Lustrinelli.\u00a0<\/strong><\/p>\n<p>Heimmodell <strong>FC Luzern<\/strong> aus der Saison <strong>2007\/08<\/strong>hergestellt von <strong>Als<\/strong> in Gr\u00f6\u00dfe M\/L, stammt aus dem Leistungsstall des Clubs in der Schweiz <strong>Super League<\/strong> nach der R\u00fcckkehr in die h\u00f6chste Spielklasse in der Mitte des ersten Jahrzehnts des 21. Damals geh\u00f6rten die Luzerner zu den soliden Ligamannschaften, die sich regelm\u00e4\u00dfig mit den Spitzenklubs des Schweizer Fu\u00dfballs messen konnten. Alle Details und Gr\u00f6\u00dfen stimmen mit der Spielversion \u00fcberein, weshalb wir dieses Exemplar als die Version<strong> MATCH-AUSGABE<\/strong>.<\/p>\n<p>Koszulka zosta\u0142a wyprodukowana na niebieskiej bazie z kontrastuj\u0105cymi bia\u0142ymi elementami, kt\u00f3re prze\u0142amuj\u0105 jednolit\u0105 kolorystyk\u0119 projektu. Na r\u0119kawku znajduje si\u0119 patch ligowy <strong>Super League<\/strong>, unter besonderer Ber\u00fccksichtigung der Beteiligung von <strong>FC Luzern<\/strong> in der h\u00f6chsten Wettkampfklasse der Schweiz. Das Ganze ist gehalten im klassischen Stil der von der <strong>Als<\/strong> dla klubu z Lucerny w tamtym okresie.<\/p>\n<p>Auf der R\u00fcckseite befindet sich ein origineller Aufdruck. <strong>Mauro Lustrinelli<\/strong>, der Schweizer St\u00fcrmer, der in der Saison <strong>2007\/08<\/strong> repr\u00e4sentierten die Farben von <strong>FC Luzern<\/strong>. Der erfahrene Scharfsch\u00fctze absolvierte in diesen Spielen 42 Partien und erzielte 16 Tore, womit er zu den wichtigsten Offensivspielern der Mannschaft geh\u00f6rte. <strong>Mauro Lustrinelli<\/strong> Die meiste Zeit seiner Karriere spielte er f\u00fcr Schweizer Vereine, und in den Jahren <strong>2005-2008<\/strong> Er repr\u00e4sentierte auch die Farben der <strong>Schweiz<\/strong>.<\/p>\n<p>Das T-Shirt ist aus leichtem und luftigem Material gefertigt und der Schnitt in Gr\u00f6\u00dfe M\/L entspricht den Normen der <strong>Als<\/strong>, und bieten eine klassische Passform.<\/p>\n<p>Dies ist ein Angebot f\u00fcr Sammler und Fans, die auf der Suche sind nach <strong>das Original FC Luzern Spieltrikot aus der Saison 2007\/08 von As<\/strong>, die eine Saison des Klubs in der Schweiz deutlich dokumentiert. <strong>Super League<\/strong>.<\/p>","protected":false},"featured_media":48341,"template":"","meta":{"_kad_blocks_custom_css":"","_kad_blocks_head_custom_js":"","_kad_blocks_body_custom_js":"","_kad_blocks_footer_custom_js":"","_kad_post_transparent":"default","_kad_post_title":"","_kad_post_layout":"default","_kad_post_sidebar_id":"","_kad_post_content_style":"default","_kad_post_vertical_padding":"default","_kad_post_feature":"","_kad_post_feature_position":"","_kad_post_header":false,"_kad_post_footer":false,"_kad_post_classname":""},"product_brand":[1298],"product_cat":[1409,1441],"product_tag":[],"class_list":{"0":"post-48000","1":"product","2":"type-product","3":"status-publish","4":"has-post-thumbnail","6":"product_brand-jako","7":"product_cat-match-worn-issue","8":"product_cat-austria-i-szwajcaria","9":"pa_homeawaythird-home","10":"pa_rozmiar-m-l","12":"first","13":"instock","14":"taxable","15":"shipping-taxable","16":"purchasable","17":"product-type-simple","18":"entry","19":"content-bg","20":"loop-entry"},"taxonomy_info":{"product_brand":[{"value":1298,"label":"Jako"}],"product_cat":[{"value":1409,"label":"MATCH WORN &amp; ISSUE"},{"value":1441,"label":"Austria i Szwajcaria"}],"pa_homeawaythird":[{"value":1597,"label":"Home"}],"pa_rozmiar":[{"value":1924,"label":"M\/L"}]},"featured_image_src_large":["https:\/\/footballthrift.shop\/wp-content\/uploads\/2024\/08\/Photoroom_041_20240808_175255-1024x1024.png",1024,1024,true],"author_info":[],"comment_info":"","_links":{"self":[{"href":"https:\/\/footballthrift.shop\/de\/wp-json\/wp\/v2\/product\/48000","targetHints":{"allow":["GET"]}}],"collection":[{"href":"https:\/\/footballthrift.shop\/de\/wp-json\/wp\/v2\/product"}],"about":[{"href":"https:\/\/footballthrift.shop\/de\/wp-json\/wp\/v2\/types\/product"}],"wp:featuredmedia":[{"embeddable":true,"href":"https:\/\/footballthrift.shop\/de\/wp-json\/wp\/v2\/media\/48341"}],"wp:attachment":[{"href":"https:\/\/footballthrift.shop\/de\/wp-json\/wp\/v2\/media?parent=48000"}],"wp:term":[{"taxonomy":"product_brand","embeddable":true,"href":"https:\/\/footballthrift.shop\/de\/wp-json\/wp\/v2\/product_brand?post=48000"},{"taxonomy":"product_cat","embeddable":true,"href":"https:\/\/footballthrift.shop\/de\/wp-json\/wp\/v2\/product_cat?post=48000"},{"taxonomy":"product_tag","embeddable":true,"href":"https:\/\/footballthrift.shop\/de\/wp-json\/wp\/v2\/product_tag?post=48000"}],"curies":[{"name":"wp","href":"https:\/\/api.w.org\/{rel}","templated":true}]}}