{"id":47414,"date":"2024-08-04T18:13:17","date_gmt":"2024-08-04T16:13:17","guid":{"rendered":"https:\/\/footballthrift.shop\/?post_type=product&#038;p=47414"},"modified":"2026-03-19T17:26:42","modified_gmt":"2026-03-19T16:26:42","slug":"feyenoord-rotterdam-2012-13-heim-xxl","status":"publish","type":"product","link":"https:\/\/footballthrift.shop\/de\/feyenoord-rotterdam-2012-13-home-xxl\/","title":{"rendered":"Koszulka pi\u0142karska Feyenoord Rotterdam 2012\/13 Home [XXL]"},"content":{"rendered":"<p><strong>Verein:<\/strong> Feyenoord Rotterdam<\/p>\n<p><strong>Saison:<\/strong> 2012\/13 Startseite<\/p>\n<p><strong>Gr\u00f6\u00dfe: <\/strong>XXL<\/p>\n<p><strong>Zustand:<\/strong> Schlecht - gerissener Sponsoraufdruck auf der Vorderseite, zwei Flecken, leicht besch\u00e4digter Aufkleber am Hals und ein paar kleine Risse.<\/p>\n<p><strong>Ma\u00dfe (Achselbreite\/L\u00e4nge) in cm: <\/strong>59\/79<\/p>","protected":false},"excerpt":{"rendered":"<p><strong>Original Feyenoord Rotterdam Heimtrikot aus der Saison 2012\/13 von Puma.\u00a0<\/strong><\/p>\n<p>Heimmodell <strong>Feyenoord Rotterdam<\/strong> aus der Saison <strong>2012\/13<\/strong>hergestellt von <strong>Puma<\/strong> im XXL-Format, kommt aus einer Zeit des Wiederaufbaus eines der erfolgreichsten Vereine der Niederlande. Das Team aus Rotterdam war damals einer der Top <strong>Eredivisie<\/strong>, Sie k\u00e4mpfen regelm\u00e4\u00dfig um die vorderen Pl\u00e4tze und um die R\u00fcckkehr in den Meisterschaftskampf.<\/p>\n<p>Das T-Shirt wurde in einem Klassiker f\u00fcr die <strong>Feyenoord Rotterdam<\/strong> das Layout - links wei\u00df, rechts rot -, das seit Jahrzehnten das Markenzeichen des Vereins aus De Kuip ist. Auf der Vorderseite steht der Aufdruck des Sponsors im Mittelpunkt <strong>ASR<\/strong>, und die Kennzeichnung des Herstellers <strong>Pumas<\/strong> stehen im Einklang mit dem Stil der Heimsets der Band aus dieser Zeit.<\/p>\n<p><strong>Feyenoord Rotterdam<\/strong> ist einer der gr\u00f6\u00dften Vereine der niederl\u00e4ndischen Fu\u00dfballgeschichte, Europapokalsieger und mehrfacher Landesmeister, bekannt f\u00fcr seine starke Identit\u00e4t und seine treuen Fans. W\u00e4hrend der Saison <strong>2012\/13<\/strong> Die Farben des Teams wurden u.a. vertreten durch. <strong>Graziano Pell\u00e8<\/strong>, einer der besten Torsch\u00fctzen der Mannschaft, Mittelfeldspieler <strong>Jordy Clasie<\/strong>, Fl\u00fcgelspieler <strong>Jean-Paul Bo\u00ebtius<\/strong> und Verteidiger <strong>Bruno Martins Indi<\/strong>, die das R\u00fcckgrat eines jungen, wachsenden Teams bildeten.<\/p>\n<p>Das T-Shirt ist aus einem leichten und luftigen Material gefertigt und der XXL-Schnitt entspricht den Standards der <strong>Pumas<\/strong>, und bieten eine klassische Passform.<\/p>\n<p>Dies ist ein Angebot f\u00fcr Sammler und Fans, die auf der Suche sind nach <strong>das Original Feyenoord Rotterdam Heimtrikot aus der Saison 2012\/13 von Puma<\/strong>, die eine der Etappen des Wiederaufbaus des Klubs in den letzten Jahren dokumentiert. <strong>Eredivisie<\/strong>.<\/p>","protected":false},"featured_media":47708,"template":"","meta":{"_kad_blocks_custom_css":"","_kad_blocks_head_custom_js":"","_kad_blocks_body_custom_js":"","_kad_blocks_footer_custom_js":"","_kad_post_transparent":"default","_kad_post_title":"","_kad_post_layout":"default","_kad_post_sidebar_id":"","_kad_post_content_style":"default","_kad_post_vertical_padding":"default","_kad_post_feature":"","_kad_post_feature_position":"","_kad_post_header":false,"_kad_post_footer":false,"_kad_post_classname":""},"product_brand":[1287],"product_cat":[1466],"product_tag":[],"class_list":{"0":"post-47414","1":"product","2":"type-product","3":"status-publish","4":"has-post-thumbnail","6":"product_brand-puma","7":"product_cat-belgia-holandia","8":"pa_homeawaythird-home","9":"pa_rozmiar-xxl","11":"first","12":"instock","13":"taxable","14":"shipping-taxable","15":"purchasable","16":"product-type-simple","17":"entry","18":"content-bg","19":"loop-entry"},"taxonomy_info":{"product_brand":[{"value":1287,"label":"Puma"}],"product_cat":[{"value":1466,"label":"Belgia i Holandia"}],"pa_homeawaythird":[{"value":1597,"label":"Home"}],"pa_rozmiar":[{"value":1819,"label":"XXL"}]},"featured_image_src_large":["https:\/\/footballthrift.shop\/wp-content\/uploads\/2024\/08\/Photoroom_032_20240802_195147-1024x1024.png",1024,1024,true],"author_info":[],"comment_info":"","_links":{"self":[{"href":"https:\/\/footballthrift.shop\/de\/wp-json\/wp\/v2\/product\/47414","targetHints":{"allow":["GET"]}}],"collection":[{"href":"https:\/\/footballthrift.shop\/de\/wp-json\/wp\/v2\/product"}],"about":[{"href":"https:\/\/footballthrift.shop\/de\/wp-json\/wp\/v2\/types\/product"}],"wp:featuredmedia":[{"embeddable":true,"href":"https:\/\/footballthrift.shop\/de\/wp-json\/wp\/v2\/media\/47708"}],"wp:attachment":[{"href":"https:\/\/footballthrift.shop\/de\/wp-json\/wp\/v2\/media?parent=47414"}],"wp:term":[{"taxonomy":"product_brand","embeddable":true,"href":"https:\/\/footballthrift.shop\/de\/wp-json\/wp\/v2\/product_brand?post=47414"},{"taxonomy":"product_cat","embeddable":true,"href":"https:\/\/footballthrift.shop\/de\/wp-json\/wp\/v2\/product_cat?post=47414"},{"taxonomy":"product_tag","embeddable":true,"href":"https:\/\/footballthrift.shop\/de\/wp-json\/wp\/v2\/product_tag?post=47414"}],"curies":[{"name":"wp","href":"https:\/\/api.w.org\/{rel}","templated":true}]}}