{"id":47409,"date":"2024-08-04T18:13:19","date_gmt":"2024-08-04T16:13:19","guid":{"rendered":"https:\/\/footballthrift.shop\/?post_type=product&#038;p=47409"},"modified":"2026-03-19T17:17:05","modified_gmt":"2026-03-19T16:17:05","slug":"fc-bayern-monachium-2001-02-home-xl","status":"publish","type":"product","link":"https:\/\/footballthrift.shop\/de\/fc-bayern-monachium-2001-02-home-xl\/","title":{"rendered":"Koszulka pi\u0142karska FC Bayern Monachium 2001\/02 Home [XL]"},"content":{"rendered":"<p><strong>Verein:<\/strong> FC Bayern M\u00fcnchen<\/p>\n<p><strong>Saison:<\/strong> 2001\/02 Startseite<\/p>\n<p><strong>Gr\u00f6\u00dfe: <\/strong>XL<\/p>\n<p><strong>Zustand:<\/strong> Gut - leicht verschmutzter Schriftzug auf dem R\u00fccken, ein Riss auf der linken Seite des R\u00fcckens und etwas auf der rechten Seite unten am Hemd.<\/p>\n<p><strong>Ma\u00dfe (Achselbreite\/L\u00e4nge) in cm: <\/strong>63\/76 (vorne), 81 (hinten)<\/p>","protected":false},"excerpt":{"rendered":"<p><strong>Original Bayern M\u00fcnchen Heimspieltrikot aus der Saison 2001\/02 von Adidas.\u00a0<\/strong><\/p>\n<p>Heimmodell <strong>Bayern M\u00fcnchen<\/strong> aus der Saison <strong>2001\/02<\/strong>hergestellt von <strong>Adidas<\/strong> in XL-Gr\u00f6\u00dfe, stammt aus einer Zeit, in der der Verein zu den Spitzenmannschaften im europ\u00e4ischen Fu\u00dfball geh\u00f6rte. Die Mannschaft spielte auf h\u00f6chstem Niveau in <strong>Bundesliga<\/strong> und in der Champions League und setzte damit eine Reihe erfolgreicher Saisons zu Beginn des 21. Jahrhunderts fort.<\/p>\n<p>Das T-Shirt wurde auf einer klassischen roten Basis mit grauen Details hergestellt, die dem Design einen eleganten und unverwechselbaren Look verleihen. Das gesamte Design wird durch die Markierungen des Herstellers und die drei Streifen auf den Schultern vervollst\u00e4ndigt, die charakteristisch f\u00fcr die Designs sind <strong>Adidas<\/strong>, und unterstreicht den traditionellen Stil des T-Shirts.<\/p>\n<p>Saison <strong>2001\/02<\/strong> in der Ausf\u00fchrung <strong>Bayern M\u00fcnchen<\/strong> war eine Zeit der Aufrechterhaltung eines hohen sportlichen Niveaus. In der Mannschaft spielten damals unter anderem mit. <strong>Oliver Kahn<\/strong>, <strong>Stefan Effenberg<\/strong>, <strong>Mehmet Scholl<\/strong>, <strong>Giovane \u00c9lber<\/strong> und <strong>Claudio Pizarro<\/strong>, der damals zur Mannschaft stie\u00df und sich nach und nach zu einem der wichtigsten Offensivspieler entwickelte.<\/p>\n<p>Das T-Shirt ist aus leichtem und atmungsaktivem Material gefertigt und der Schnitt in Gr\u00f6\u00dfe XL entspricht den Standards der <strong>Adidas<\/strong>, und bieten eine klassische Passform.<\/p>\n<p>Dies ist ein Angebot f\u00fcr Sammler und Fans, die auf der Suche sind nach <strong>das Original Bayern M\u00fcnchen Heimtrikot aus der Saison 2001\/02 von Adidas<\/strong>, eine eindeutige Aufzeichnung \u00fcber eine der Perioden des Vereins in der europ\u00e4ischen Spitzenklasse.<\/p>","protected":false},"featured_media":47663,"template":"","meta":{"_kad_blocks_custom_css":"","_kad_blocks_head_custom_js":"","_kad_blocks_body_custom_js":"","_kad_blocks_footer_custom_js":"","_kad_post_transparent":"default","_kad_post_title":"","_kad_post_layout":"default","_kad_post_sidebar_id":"","_kad_post_content_style":"default","_kad_post_vertical_padding":"default","_kad_post_feature":"","_kad_post_feature_position":"","_kad_post_header":false,"_kad_post_footer":false,"_kad_post_classname":""},"product_brand":[1283],"product_cat":[1455],"product_tag":[],"class_list":{"0":"post-47409","1":"product","2":"type-product","3":"status-publish","4":"has-post-thumbnail","6":"product_brand-adidas","7":"product_cat-kluby-niemieckie-fcbayernmonachium","8":"pa_homeawaythird-home","9":"pa_rozmiar-xl","11":"first","12":"instock","13":"taxable","14":"shipping-taxable","15":"purchasable","16":"product-type-simple","17":"entry","18":"content-bg","19":"loop-entry"},"taxonomy_info":{"product_brand":[{"value":1283,"label":"Adidas"}],"product_cat":[{"value":1455,"label":"FC Bayern Monachium"}],"pa_homeawaythird":[{"value":1597,"label":"Home"}],"pa_rozmiar":[{"value":1818,"label":"XL"}]},"featured_image_src_large":["https:\/\/footballthrift.shop\/wp-content\/uploads\/2024\/08\/Photoroom_052_20240802_195147-1024x1024.png",1024,1024,true],"author_info":[],"comment_info":"","_links":{"self":[{"href":"https:\/\/footballthrift.shop\/de\/wp-json\/wp\/v2\/product\/47409","targetHints":{"allow":["GET"]}}],"collection":[{"href":"https:\/\/footballthrift.shop\/de\/wp-json\/wp\/v2\/product"}],"about":[{"href":"https:\/\/footballthrift.shop\/de\/wp-json\/wp\/v2\/types\/product"}],"wp:featuredmedia":[{"embeddable":true,"href":"https:\/\/footballthrift.shop\/de\/wp-json\/wp\/v2\/media\/47663"}],"wp:attachment":[{"href":"https:\/\/footballthrift.shop\/de\/wp-json\/wp\/v2\/media?parent=47409"}],"wp:term":[{"taxonomy":"product_brand","embeddable":true,"href":"https:\/\/footballthrift.shop\/de\/wp-json\/wp\/v2\/product_brand?post=47409"},{"taxonomy":"product_cat","embeddable":true,"href":"https:\/\/footballthrift.shop\/de\/wp-json\/wp\/v2\/product_cat?post=47409"},{"taxonomy":"product_tag","embeddable":true,"href":"https:\/\/footballthrift.shop\/de\/wp-json\/wp\/v2\/product_tag?post=47409"}],"curies":[{"name":"wp","href":"https:\/\/api.w.org\/{rel}","templated":true}]}}