{"id":47406,"date":"2024-08-04T18:13:21","date_gmt":"2024-08-04T16:13:21","guid":{"rendered":"https:\/\/footballthrift.shop\/?post_type=product&#038;p=47406"},"modified":"2026-03-19T16:57:14","modified_gmt":"2026-03-19T15:57:14","slug":"fc-bayern-monachium-1995-97-auswarts-s","status":"publish","type":"product","link":"https:\/\/footballthrift.shop\/de\/fc-bayern-monachium-1995-97-away-s\/","title":{"rendered":"Koszulka pi\u0142karska FC Bayern Monachium 1996\/98 Away [S]"},"content":{"rendered":"<p><strong>Verein:<\/strong> FC Bayern M\u00fcnchen<\/p>\n<p><strong>Saison:<\/strong> 1996\/98 Ausw\u00e4rts<\/p>\n<p><strong>Gr\u00f6\u00dfe: <\/strong>S<\/p>\n<p><strong>Zustand:<\/strong> Schlecht - ein paar kleinere Verschmutzungen und viele Mikroflecken auf dem gesamten Hemd.<\/p>\n<p><strong>Ma\u00dfe (Achselbreite\/L\u00e4nge) in cm: <\/strong>50\/65<\/p>","protected":false},"excerpt":{"rendered":"<p><strong>Original Bayern M\u00fcnchen Ausw\u00e4rtstrikot von 1995\/97 von Adidas.\u00a0<\/strong><\/p>\n<p>Ausw\u00e4rtsmodell <strong>Bayern M\u00fcnchen<\/strong> im Laufe der Jahre <strong>1995\/97<\/strong>hergestellt von <strong>Adidas<\/strong> in der Gr\u00f6\u00dfe S, stammt aus einer Zeit, als der Verein zu den Spitzenmannschaften im deutschen und europ\u00e4ischen Fu\u00dfball geh\u00f6rte. Die Mannschaft erreichte f\u00fcr <strong>UEFA-Pokal<\/strong> im Jahr 1996 und best\u00e4tigte damit seine starke Position auf der internationalen B\u00fchne.<\/p>\n<p>Das T-Shirt wurde auf wei\u00dfem Grund produziert, mit einem markanten vertikalen Streifen in Blau und Rot auf der Vorderseite, der es zu einem der bekanntesten Designs macht. <strong>Bayern M\u00fcnchen<\/strong> In der Mitte des Trikots befindet sich ein Aufdruck des Sponsors <strong>Opel<\/strong>, und das Ganze ist mit der Kennzeichnung des Herstellers versehen <strong>Adidas<\/strong>, was dem Stil der damaligen Zeit entspricht.<\/p>\n<p>In Jahren <strong>1995\/97<\/strong> Farben <strong>Bayern M\u00fcnchen<\/strong> vertreten u.a. durch. <strong>Mehmet Scholl<\/strong>, einer der talentiertesten offensiven Mittelfeldspieler seiner Generation, der viele Jahre lang eine wichtige Rolle in der Mannschaft spielte. Die Mannschaft umfasste auch <strong>J\u00fcrgen Klinsmann<\/strong>, <strong>Lothar Matth\u00e4us<\/strong>, <strong>Thomas Helmer<\/strong> und <strong>Oliver Kahn<\/strong>, und eine Mannschaft zu formen, die um die h\u00f6chsten Troph\u00e4en in Deutschland und Europa mitspielen kann.<\/p>\n<p>Das T-Shirt ist aus einem leichten und luftigen Material gefertigt und der Schnitt in Gr\u00f6\u00dfe S entspricht den Standards der <strong>Adidas<\/strong>, und bieten eine klassische Passform.<\/p>\n<p>Dies ist ein Angebot f\u00fcr Sammler und Fans, die auf der Suche sind nach <strong>ein original Bayern M\u00fcnchen Ausw\u00e4rtstrikot von 1995\/97 von Adidas<\/strong>, ein deutliches Zeugnis f\u00fcr die Zeit der europ\u00e4ischen Erfolge des Vereins.<\/p>","protected":false},"featured_media":47632,"template":"","meta":{"_kad_blocks_custom_css":"","_kad_blocks_head_custom_js":"","_kad_blocks_body_custom_js":"","_kad_blocks_footer_custom_js":"","_kad_post_transparent":"default","_kad_post_title":"","_kad_post_layout":"default","_kad_post_sidebar_id":"","_kad_post_content_style":"default","_kad_post_vertical_padding":"default","_kad_post_feature":"","_kad_post_feature_position":"","_kad_post_header":false,"_kad_post_footer":false,"_kad_post_classname":""},"product_brand":[1283],"product_cat":[1455],"product_tag":[],"class_list":{"0":"post-47406","1":"product","2":"type-product","3":"status-publish","4":"has-post-thumbnail","6":"product_brand-adidas","7":"product_cat-kluby-niemieckie-fcbayernmonachium","8":"pa_homeawaythird-away","9":"pa_rozmiar-s","11":"first","12":"instock","13":"taxable","14":"shipping-taxable","15":"purchasable","16":"product-type-simple","17":"entry","18":"content-bg","19":"loop-entry"},"taxonomy_info":{"product_brand":[{"value":1283,"label":"Adidas"}],"product_cat":[{"value":1455,"label":"FC Bayern Monachium"}],"pa_homeawaythird":[{"value":1598,"label":"Away"}],"pa_rozmiar":[{"value":1815,"label":"S"}]},"featured_image_src_large":["https:\/\/footballthrift.shop\/wp-content\/uploads\/2024\/08\/Photoroom_054_20240802_195147-1024x1024.png",1024,1024,true],"author_info":[],"comment_info":"","_links":{"self":[{"href":"https:\/\/footballthrift.shop\/de\/wp-json\/wp\/v2\/product\/47406","targetHints":{"allow":["GET"]}}],"collection":[{"href":"https:\/\/footballthrift.shop\/de\/wp-json\/wp\/v2\/product"}],"about":[{"href":"https:\/\/footballthrift.shop\/de\/wp-json\/wp\/v2\/types\/product"}],"wp:featuredmedia":[{"embeddable":true,"href":"https:\/\/footballthrift.shop\/de\/wp-json\/wp\/v2\/media\/47632"}],"wp:attachment":[{"href":"https:\/\/footballthrift.shop\/de\/wp-json\/wp\/v2\/media?parent=47406"}],"wp:term":[{"taxonomy":"product_brand","embeddable":true,"href":"https:\/\/footballthrift.shop\/de\/wp-json\/wp\/v2\/product_brand?post=47406"},{"taxonomy":"product_cat","embeddable":true,"href":"https:\/\/footballthrift.shop\/de\/wp-json\/wp\/v2\/product_cat?post=47406"},{"taxonomy":"product_tag","embeddable":true,"href":"https:\/\/footballthrift.shop\/de\/wp-json\/wp\/v2\/product_tag?post=47406"}],"curies":[{"name":"wp","href":"https:\/\/api.w.org\/{rel}","templated":true}]}}