{"id":47402,"date":"2024-08-04T18:13:22","date_gmt":"2024-08-04T16:13:22","guid":{"rendered":"https:\/\/footballthrift.shop\/?post_type=product&#038;p=47402"},"modified":"2026-03-19T16:48:38","modified_gmt":"2026-03-19T15:48:38","slug":"dukla-praga-2023-24-auswarts-xxl","status":"publish","type":"product","link":"https:\/\/footballthrift.shop\/de\/dukla-praga-2023-24-away-xxl\/","title":{"rendered":"Koszulka pi\u0142karska Dukla Praga 2023\/24 Away [XXL]"},"content":{"rendered":"<p><strong>Verein:<\/strong> Dukla Prag<\/p>\n<p><strong>Saison:<\/strong> 2023\/24 Ausw\u00e4rts<\/p>\n<p><strong>Gr\u00f6\u00dfe: <\/strong>XXL<\/p>\n<p><strong>Zustand:<\/strong> Sehr gut - leichte Verschmutzung am \u00c4rmel.<\/p>\n<p><strong>Ma\u00dfe (Achselbreite\/L\u00e4nge) in cm: <\/strong>66\/82<\/p>","protected":false},"excerpt":{"rendered":"<p><strong>Original Dukla Prag Ausw\u00e4rtstrikot aus der Saison 2023\/24 von Adidas.\u00a0<\/strong><\/p>\n<p>Ausw\u00e4rtsmodell <strong>Dukla Prag<\/strong> aus der Saison <strong>2023\/24<\/strong>hergestellt von <strong>Adidas<\/strong> im XXL-Format, kn\u00fcpft an die Tradition eines der erfolgreichsten Vereine der tschechischen Fu\u00dfballgeschichte an. Die Mannschaft aus der tschechischen Hauptstadt ist, auch wenn sie heute auf einer niedrigeren Wettbewerbsebene spielt, immer noch ein wichtiges Symbol f\u00fcr die fr\u00fchere St\u00e4rke des Fu\u00dfballs in der Region.<\/p>\n<p>Das T-Shirt wurde auf einem dunkelgelben Grundgewebe mit kontrastierendem rotem Kragenbesatz und drei f\u00fcr das Design spezifischen Streifen hergestellt <strong>Adidas<\/strong> auf den \u00c4rmeln. Auf der Vorderseite befindet sich ein zentrales Wappen <strong>Dukla Prag<\/strong>, und darunter der Aufdruck des Sponsors <strong>Carbounion<\/strong>, und schafft damit ein unverwechselbares und klassisches Design-Layout.<\/p>\n<p><strong>Dukla Prag<\/strong> spielte eine gro\u00dfe Rolle in der Geschichte des tschechischen und tschechoslowakischen Fu\u00dfballs, vor allem in den 1960er und 1970er Jahren, als er wiederholt die nationale Meisterschaft gewann und zahlreiche Spieler in die Nationalmannschaft berief. Der Verein war f\u00fcr seine hervorragende Ausbildung und seinen Spielstil bekannt, und seine ehemaligen Spieler bildeten das R\u00fcckgrat der tschechoslowakischen Nationalmannschaft. Zu den ber\u00fchmtesten Pers\u00f6nlichkeiten, die mit dem <strong>Dukla Prag<\/strong> umfasst. <strong>Josef Masopust<\/strong>, Gewinner des Goldenen Balls und eine der gr\u00f6\u00dften Legenden des europ\u00e4ischen Fu\u00dfballs.<\/p>\n<p>Das T-Shirt ist aus einem leichten und luftigen Material gefertigt und der XXL-Schnitt entspricht den Standards der <strong>Adidas<\/strong>, und bieten eine klassische Passform.<\/p>\n<p>Dies ist ein Angebot f\u00fcr Sammler und Fans, die auf der Suche sind nach <strong>das Original Dukla Prag Ausw\u00e4rtstrikot der Saison 2023\/24 von Adidas<\/strong>, Das Erbe eines der bedeutendsten Klubs der tschechischen Fu\u00dfballgeschichte wird hier anschaulich dokumentiert.<\/p>","protected":false},"featured_media":47589,"template":"","meta":{"_kad_blocks_custom_css":"","_kad_blocks_head_custom_js":"","_kad_blocks_body_custom_js":"","_kad_blocks_footer_custom_js":"","_kad_post_transparent":"default","_kad_post_title":"","_kad_post_layout":"default","_kad_post_sidebar_id":"","_kad_post_content_style":"default","_kad_post_vertical_padding":"default","_kad_post_feature":"","_kad_post_feature_position":"","_kad_post_header":false,"_kad_post_footer":false,"_kad_post_classname":""},"product_brand":[1283],"product_cat":[1493],"product_tag":[],"class_list":{"0":"post-47402","1":"product","2":"type-product","3":"status-publish","4":"has-post-thumbnail","6":"product_brand-adidas","7":"product_cat-kluby-europejskie-europa","8":"pa_homeawaythird-away","9":"pa_rozmiar-xxl","11":"first","12":"instock","13":"taxable","14":"shipping-taxable","15":"purchasable","16":"product-type-simple","17":"entry","18":"content-bg","19":"loop-entry"},"taxonomy_info":{"product_brand":[{"value":1283,"label":"Adidas"}],"product_cat":[{"value":1493,"label":"Pozosta\u0142e kluby europejskie"}],"pa_homeawaythird":[{"value":1598,"label":"Away"}],"pa_rozmiar":[{"value":1819,"label":"XXL"}]},"featured_image_src_large":["https:\/\/footballthrift.shop\/wp-content\/uploads\/2024\/08\/Photoroom_006_20240802_195147-1024x1024.png",1024,1024,true],"author_info":[],"comment_info":"","_links":{"self":[{"href":"https:\/\/footballthrift.shop\/de\/wp-json\/wp\/v2\/product\/47402","targetHints":{"allow":["GET"]}}],"collection":[{"href":"https:\/\/footballthrift.shop\/de\/wp-json\/wp\/v2\/product"}],"about":[{"href":"https:\/\/footballthrift.shop\/de\/wp-json\/wp\/v2\/types\/product"}],"wp:featuredmedia":[{"embeddable":true,"href":"https:\/\/footballthrift.shop\/de\/wp-json\/wp\/v2\/media\/47589"}],"wp:attachment":[{"href":"https:\/\/footballthrift.shop\/de\/wp-json\/wp\/v2\/media?parent=47402"}],"wp:term":[{"taxonomy":"product_brand","embeddable":true,"href":"https:\/\/footballthrift.shop\/de\/wp-json\/wp\/v2\/product_brand?post=47402"},{"taxonomy":"product_cat","embeddable":true,"href":"https:\/\/footballthrift.shop\/de\/wp-json\/wp\/v2\/product_cat?post=47402"},{"taxonomy":"product_tag","embeddable":true,"href":"https:\/\/footballthrift.shop\/de\/wp-json\/wp\/v2\/product_tag?post=47402"}],"curies":[{"name":"wp","href":"https:\/\/api.w.org\/{rel}","templated":true}]}}