{"id":47401,"date":"2024-08-04T18:13:23","date_gmt":"2024-08-04T16:13:23","guid":{"rendered":"https:\/\/footballthrift.shop\/?post_type=product&#038;p=47401"},"modified":"2026-03-19T16:45:59","modified_gmt":"2026-03-19T15:45:59","slug":"coventry-city-fc-1997-98-away-s","status":"publish","type":"product","link":"https:\/\/footballthrift.shop\/de\/coventry-city-fc-1997-98-away-s\/","title":{"rendered":"Koszulka pi\u0142karska Coventry City FC 1997\/98 Away [S]"},"content":{"rendered":"<p><strong>Verein:<\/strong> Coventry City FC<\/p>\n<p><strong>Saison:<\/strong> 1997\/98 Ausw\u00e4rts<\/p>\n<p><strong>Gr\u00f6\u00dfe: <\/strong>S<\/p>\n<p><strong>Zustand:<\/strong> Schlecht - Mikroloch auf dem \u00c4rmel und leichte Verschmutzungen an einigen Stellen.<\/p>\n<p><strong>Ma\u00dfe (Achselbreite\/L\u00e4nge) in cm: <\/strong>52\/63<\/p>","protected":false},"excerpt":{"rendered":"<p><strong>Original Coventry City FC Ausw\u00e4rtstrikot aus der Saison 1997\/98 von Le Coq Sportif.\u00a0<\/strong><\/p>\n<p>Ausw\u00e4rtsmodell <strong>Coventry City FC<\/strong> aus der Saison <strong>1997\/98<\/strong>hergestellt von <strong>Le Coq Sportif<\/strong> in der Gr\u00f6\u00dfe S, geht auf die langj\u00e4hrige Pr\u00e4senz des Vereins in der h\u00f6chsten englischen Spielklasse zur\u00fcck. Die Mannschaft spielte damals in der <strong>Erste Liga<\/strong>, und setzte damit eine Serie von Spielzeiten auf h\u00f6chstem Niveau fort, die seit den 1960er Jahren ununterbrochen anh\u00e4lt.<\/p>\n<p>Das Hemd wurde auf wei\u00dfem Grund mit einem kontrastierenden marineblauen Polokragen gefertigt, der dem Design einen klassischen Charakter verleiht. Ein Sponsorenaufdruck steht auf der Vorderseite im Mittelpunkt <strong>Isuzu<\/strong>, und die Kennzeichnung des Herstellers <strong>Le Coq Sportif<\/strong> sind im Stil der sp\u00e4ten 1990er Jahre gehalten.<\/p>\n<p>Saison <strong>1997\/98<\/strong> in der Ausf\u00fchrung <strong>Coventry City FC<\/strong> endete in <strong>Erste Liga<\/strong>, und die Mannschaft konnte sich auf mehrere Schl\u00fcsselspieler verlassen. Der Kader umfasste St\u00fcrmer <strong>Dion Dublin<\/strong>, einer der besten Torsch\u00fctzen der Mannschaft, <strong>Darren Huckerby<\/strong>, <strong>Gary McAllister<\/strong>, <strong>Noel Whelan<\/strong> und Verteidiger <strong>Richard Shaw<\/strong>, die seinerzeit den Kern des Teams bildeten.<\/p>\n<p>Das T-Shirt ist aus einem leichten und luftigen Material gefertigt und der Schnitt in Gr\u00f6\u00dfe S entspricht den Standards der <strong>Le Coq Sportif<\/strong>, und bieten eine klassische Passform.<\/p>\n<p>Dies ist ein Angebot f\u00fcr Sammler und Fans, die auf der Suche sind nach <strong>ein originales Coventry City FC Ausw\u00e4rtstrikot aus der Saison 1997\/98 von Le Coq Sportif<\/strong>, eine klare Aufzeichnung einer der Spielzeiten der langen Pr\u00e4senz des Vereins in der <strong>Erste Liga<\/strong>.<\/p>","protected":false},"featured_media":47577,"template":"","meta":{"_kad_blocks_custom_css":"","_kad_blocks_head_custom_js":"","_kad_blocks_body_custom_js":"","_kad_blocks_footer_custom_js":"","_kad_post_transparent":"default","_kad_post_title":"","_kad_post_layout":"default","_kad_post_sidebar_id":"","_kad_post_content_style":"default","_kad_post_vertical_padding":"default","_kad_post_feature":"","_kad_post_feature_position":"","_kad_post_header":false,"_kad_post_footer":false,"_kad_post_classname":""},"product_brand":[1292],"product_cat":[1485],"product_tag":[],"class_list":{"0":"post-47401","1":"product","2":"type-product","3":"status-publish","4":"has-post-thumbnail","6":"product_brand-le-coq-sportif","7":"product_cat-pozostale-kluby-angielskie","8":"pa_homeawaythird-away","9":"pa_rozmiar-s","11":"first","12":"instock","13":"taxable","14":"shipping-taxable","15":"purchasable","16":"product-type-simple","17":"entry","18":"content-bg","19":"loop-entry"},"taxonomy_info":{"product_brand":[{"value":1292,"label":"Le Coq Sportif"}],"product_cat":[{"value":1485,"label":"Pozosta\u0142e kluby angielskie"}],"pa_homeawaythird":[{"value":1598,"label":"Away"}],"pa_rozmiar":[{"value":1815,"label":"S"}]},"featured_image_src_large":["https:\/\/footballthrift.shop\/wp-content\/uploads\/2024\/08\/Photoroom_002_20240802_195147-1024x1024.png",1024,1024,true],"author_info":[],"comment_info":"","_links":{"self":[{"href":"https:\/\/footballthrift.shop\/de\/wp-json\/wp\/v2\/product\/47401","targetHints":{"allow":["GET"]}}],"collection":[{"href":"https:\/\/footballthrift.shop\/de\/wp-json\/wp\/v2\/product"}],"about":[{"href":"https:\/\/footballthrift.shop\/de\/wp-json\/wp\/v2\/types\/product"}],"wp:featuredmedia":[{"embeddable":true,"href":"https:\/\/footballthrift.shop\/de\/wp-json\/wp\/v2\/media\/47577"}],"wp:attachment":[{"href":"https:\/\/footballthrift.shop\/de\/wp-json\/wp\/v2\/media?parent=47401"}],"wp:term":[{"taxonomy":"product_brand","embeddable":true,"href":"https:\/\/footballthrift.shop\/de\/wp-json\/wp\/v2\/product_brand?post=47401"},{"taxonomy":"product_cat","embeddable":true,"href":"https:\/\/footballthrift.shop\/de\/wp-json\/wp\/v2\/product_cat?post=47401"},{"taxonomy":"product_tag","embeddable":true,"href":"https:\/\/footballthrift.shop\/de\/wp-json\/wp\/v2\/product_tag?post=47401"}],"curies":[{"name":"wp","href":"https:\/\/api.w.org\/{rel}","templated":true}]}}