{"id":46866,"date":"2024-07-28T15:51:24","date_gmt":"2024-07-28T13:51:24","guid":{"rendered":"https:\/\/footballthrift.shop\/?post_type=product&#038;p=46866"},"modified":"2026-03-20T12:37:17","modified_gmt":"2026-03-20T11:37:17","slug":"phoenix-suns-alternate-3-diaw-l","status":"publish","type":"product","link":"https:\/\/footballthrift.shop\/de\/phoenix-suns-alternate-3-diaw-l\/","title":{"rendered":"Koszulka koszykarska Phoenix Suns Alternate 3 Diaw [L]"},"content":{"rendered":"<p><strong>Verein:<\/strong> Phoenix-Sonnen<\/p>\n<p><strong>Saison:<\/strong> Alternative<\/p>\n<p><strong>Gr\u00f6\u00dfe: <\/strong>L<\/p>\n<p><strong>Zustand:<\/strong> Ausgezeichnet<\/p>\n<p><strong>Ma\u00dfe (Achselbreite\/L\u00e4nge) in cm: <\/strong>52\/70<\/p>","protected":false},"excerpt":{"rendered":"<p>Original Basketballtrikot <strong>Phoenix-Sonnen<\/strong> Produktion <strong>Meister<\/strong> gedruckt <strong>Boris Diaw<\/strong>.<\/p>\n<p>Das Modell, das von <strong>Meister<\/strong> f\u00fcr <strong>Phoenix-Sonnen<\/strong>, in Gr\u00f6\u00dfe L, ist eine europ\u00e4ische Nachbildung, die an die Jahre <strong>2005-2008<\/strong>, Eine Zeit, in der das Team aus Arizona einen dynamischen und offensiven Spielstil an den Tag legte und eine der spektakul\u00e4rsten Mannschaften der NBA war.<\/p>\n<p>Das T-Shirt wurde auf einem dunkelorangenen Untergrund hergestellt, wobei die grauen Seitenteile das intensive Farbschema auflockern und dem Ganzen ein unverwechselbares Aussehen verleihen, das mit dieser Zeit in Verbindung gebracht wird. <strong>Phoenix-Sonnen<\/strong>. Auf der Vorderseite steht der Name der Mannschaft in einem Stil, der den Designs aus der Mitte des ersten Jahrzehnts des 21.<\/p>\n<p>Auf der R\u00fcckseite befindet sich ein origineller Aufdruck. <strong>Boris Diaw<\/strong>, ein franz\u00f6sischer Basketballspieler, der f\u00fcr seine Vielseitigkeit und seine F\u00e4higkeit bekannt ist, praktisch jede Position spielen zu k\u00f6nnen, und der in den Farben der <strong>Phoenix-Sonnen<\/strong> spielte eine wichtige Rolle in der Rotation des Teams und ist einer der vielseitigsten Spieler der Liga.<\/p>\n<p>Das T-Shirt ist aus einem leichten und luftigen Material gefertigt und der Schnitt in Gr\u00f6\u00dfe L entspricht den Standards der <strong>Meister<\/strong>.<\/p>\n<p>F\u00fcr Sammler und Fans, die ein originales Basketballtrikot suchen <strong>Phoenix-Sonnen<\/strong> im Laufe der Jahre <strong>2005-2008<\/strong>, eine der eindrucksvollsten Perioden in der Geschichte des Vereins.<\/p>","protected":false},"featured_media":46981,"template":"","meta":{"_kad_blocks_custom_css":"","_kad_blocks_head_custom_js":"","_kad_blocks_body_custom_js":"","_kad_blocks_footer_custom_js":"","_kad_post_transparent":"default","_kad_post_title":"","_kad_post_layout":"default","_kad_post_sidebar_id":"","_kad_post_content_style":"default","_kad_post_vertical_padding":"default","_kad_post_feature":"","_kad_post_feature_position":"","_kad_post_header":false,"_kad_post_footer":false,"_kad_post_classname":""},"product_brand":[1302],"product_cat":[15],"product_tag":[],"class_list":{"0":"post-46866","1":"product","2":"type-product","3":"status-publish","4":"has-post-thumbnail","6":"product_brand-champion","7":"product_cat-bez-kategorii","8":"pa_homeawaythird-awaylternate","9":"pa_rozmiar-l","11":"first","12":"instock","13":"taxable","14":"shipping-taxable","15":"purchasable","16":"product-type-simple","17":"entry","18":"content-bg","19":"loop-entry"},"taxonomy_info":{"product_brand":[{"value":1302,"label":"Champion"}],"product_cat":[{"value":15,"label":"Bez kategorii"}],"pa_homeawaythird":[{"value":1960,"label":"Awaylternate"}],"pa_rozmiar":[{"value":1817,"label":"L"}]},"featured_image_src_large":["https:\/\/footballthrift.shop\/wp-content\/uploads\/2024\/07\/Photoroom_005_20240726_111218-1024x1024.png",1024,1024,true],"author_info":[],"comment_info":"","_links":{"self":[{"href":"https:\/\/footballthrift.shop\/de\/wp-json\/wp\/v2\/product\/46866","targetHints":{"allow":["GET"]}}],"collection":[{"href":"https:\/\/footballthrift.shop\/de\/wp-json\/wp\/v2\/product"}],"about":[{"href":"https:\/\/footballthrift.shop\/de\/wp-json\/wp\/v2\/types\/product"}],"wp:featuredmedia":[{"embeddable":true,"href":"https:\/\/footballthrift.shop\/de\/wp-json\/wp\/v2\/media\/46981"}],"wp:attachment":[{"href":"https:\/\/footballthrift.shop\/de\/wp-json\/wp\/v2\/media?parent=46866"}],"wp:term":[{"taxonomy":"product_brand","embeddable":true,"href":"https:\/\/footballthrift.shop\/de\/wp-json\/wp\/v2\/product_brand?post=46866"},{"taxonomy":"product_cat","embeddable":true,"href":"https:\/\/footballthrift.shop\/de\/wp-json\/wp\/v2\/product_cat?post=46866"},{"taxonomy":"product_tag","embeddable":true,"href":"https:\/\/footballthrift.shop\/de\/wp-json\/wp\/v2\/product_tag?post=46866"}],"curies":[{"name":"wp","href":"https:\/\/api.w.org\/{rel}","templated":true}]}}