{"id":46861,"date":"2024-07-28T15:51:26","date_gmt":"2024-07-28T13:51:26","guid":{"rendered":"https:\/\/footballthrift.shop\/?post_type=product&#038;p=46861"},"modified":"2026-03-20T12:30:36","modified_gmt":"2026-03-20T11:30:36","slug":"afc-ajax-1996-97-home-xxl","status":"publish","type":"product","link":"https:\/\/footballthrift.shop\/de\/afc-ajax-1996-97-home-xxl\/","title":{"rendered":"Koszulka pi\u0142karska AFC Ajax 1996\/97 Home [XXL]"},"content":{"rendered":"<p><strong>Verein:<\/strong> AFC Ajax<\/p>\n<p><strong>Saison:<\/strong> 1996\/97 Heimat<\/p>\n<p><strong>Gr\u00f6\u00dfe: <\/strong>XXL<\/p>\n<p><strong>Zustand:<\/strong> Sehr gut - Mikroloch auf der Vorderseite und kleiner Riss am \u00c4rmel.<\/p>\n<p><strong>Ma\u00dfe (Achselbreite\/L\u00e4nge) in cm: <\/strong><\/p>","protected":false},"excerpt":{"rendered":"<p>Original Heim-Fu\u00dfballtrikot <strong>AFC Ajax<\/strong> aus der Saison <strong>1996\/97<\/strong> Produktion <strong>Umbro<\/strong>.<\/p>\n<p>Heimmodell <strong>AFC Ajax<\/strong> aus der Saison <strong>1996\/97<\/strong>hergestellt von <strong>Umbro<\/strong> im XXL-Format stammt aus einer Zeit, als der Amsterdamer Verein noch auf die St\u00e4rke einer von der Philosophie des totalen Fu\u00dfballs gepr\u00e4gten Generation setzte und auch nach dem Champions-League-Finale Mitte der 1990er Jahre zu den europ\u00e4ischen Spitzenmannschaften geh\u00f6rte.<\/p>\n<p>Das Trikot ist mit einem einzigen breiten roten L\u00e4ngsstreifen versehen, der die Mitte der Vorderseite einnimmt und das Markenzeichen der Heimtrikots ist. <strong>AFC Ajax<\/strong>. Die Seiten und \u00c4rmel sind wei\u00df gehalten, was den Kontrast des Gesamtdesigns unterstreicht. Auf der rechten Seite des roten Feldes befindet sich das Logo <strong>Umbro<\/strong>, mit dem Wappen des Vereins in der Mitte und dem Aufdruck des Sponsors <strong>ABN AMRO<\/strong> verl\u00e4uft vertikal auf der linken Seite. Das Ganze wird durch einen Polokragen mit d\u00fcnnen roten und wei\u00dfen Streifen vervollst\u00e4ndigt, und ein sublimiertes Vereinswappen ist auf dem roten Streifen sichtbar.<\/p>\n<p>Saison <strong>1996\/97<\/strong> war f\u00fcr <strong>Ajax Amsterdam<\/strong> Nach dem Triumph in der Champions League 1995 und einem weiteren Finale ein Jahr sp\u00e4ter setzte sich die Erfolgsserie fort, und in der Mannschaft standen noch immer Spieler wie <strong>Edwin van der Sar<\/strong>, <strong>Frank de Boer<\/strong>, <strong>Ronald de Boer<\/strong>, <strong>Edgar Davids<\/strong> oder <strong>Marc Overmars<\/strong>, und repr\u00e4sentiert damit die St\u00e4rke der Mannschaft auf nationaler und europ\u00e4ischer Ebene.<\/p>\n<p>Das T-Shirt ist aus einem leichten und luftigen Material gefertigt und der XXL-Schnitt entspricht den Standards der <strong>Umbro<\/strong> aus der Mitte der 90er Jahre.<\/p>\n<p>F\u00fcr Sammler und Fans, die ein originales Heimtrikot suchen <strong>AFC Ajax<\/strong> aus der Saison <strong>1996\/97<\/strong>, was ein deutlicher Beleg f\u00fcr die Zeit des Vereins in der europ\u00e4ischen Spitzenklasse ist.<\/p>","protected":false},"featured_media":46927,"template":"","meta":{"_kad_blocks_custom_css":"","_kad_blocks_head_custom_js":"","_kad_blocks_body_custom_js":"","_kad_blocks_footer_custom_js":"","_kad_post_transparent":"default","_kad_post_title":"","_kad_post_layout":"default","_kad_post_sidebar_id":"","_kad_post_content_style":"default","_kad_post_vertical_padding":"default","_kad_post_feature":"","_kad_post_feature_position":"","_kad_post_header":false,"_kad_post_footer":false,"_kad_post_classname":""},"product_brand":[1285],"product_cat":[1466],"product_tag":[],"class_list":{"0":"post-46861","1":"product","2":"type-product","3":"status-publish","4":"has-post-thumbnail","6":"product_brand-umbro","7":"product_cat-belgia-holandia","8":"pa_homeawaythird-home","9":"pa_rozmiar-xxl","11":"first","12":"instock","13":"taxable","14":"shipping-taxable","15":"purchasable","16":"product-type-simple","17":"entry","18":"content-bg","19":"loop-entry"},"taxonomy_info":{"product_brand":[{"value":1285,"label":"Umbro"}],"product_cat":[{"value":1466,"label":"Belgia i Holandia"}],"pa_homeawaythird":[{"value":1597,"label":"Home"}],"pa_rozmiar":[{"value":1819,"label":"XXL"}]},"featured_image_src_large":["https:\/\/footballthrift.shop\/wp-content\/uploads\/2024\/07\/Photoroom_014_20240726_111218-1024x1024.png",1024,1024,true],"author_info":[],"comment_info":"","_links":{"self":[{"href":"https:\/\/footballthrift.shop\/de\/wp-json\/wp\/v2\/product\/46861","targetHints":{"allow":["GET"]}}],"collection":[{"href":"https:\/\/footballthrift.shop\/de\/wp-json\/wp\/v2\/product"}],"about":[{"href":"https:\/\/footballthrift.shop\/de\/wp-json\/wp\/v2\/types\/product"}],"wp:featuredmedia":[{"embeddable":true,"href":"https:\/\/footballthrift.shop\/de\/wp-json\/wp\/v2\/media\/46927"}],"wp:attachment":[{"href":"https:\/\/footballthrift.shop\/de\/wp-json\/wp\/v2\/media?parent=46861"}],"wp:term":[{"taxonomy":"product_brand","embeddable":true,"href":"https:\/\/footballthrift.shop\/de\/wp-json\/wp\/v2\/product_brand?post=46861"},{"taxonomy":"product_cat","embeddable":true,"href":"https:\/\/footballthrift.shop\/de\/wp-json\/wp\/v2\/product_cat?post=46861"},{"taxonomy":"product_tag","embeddable":true,"href":"https:\/\/footballthrift.shop\/de\/wp-json\/wp\/v2\/product_tag?post=46861"}],"curies":[{"name":"wp","href":"https:\/\/api.w.org\/{rel}","templated":true}]}}