{"id":46860,"date":"2024-07-28T15:51:26","date_gmt":"2024-07-28T13:51:26","guid":{"rendered":"https:\/\/footballthrift.shop\/?post_type=product&#038;p=46860"},"modified":"2026-03-20T12:26:57","modified_gmt":"2026-03-20T11:26:57","slug":"afc-ajax-1996-97-away-m","status":"publish","type":"product","link":"https:\/\/footballthrift.shop\/de\/afc-ajax-1996-97-away-m\/","title":{"rendered":"Koszulka pi\u0142karska AFC Ajax 1996\/97 Away [M]"},"content":{"rendered":"<p><strong>Verein:<\/strong> AFC Ajax<\/p>\n<p><strong>Saison:<\/strong> 1996\/97 Ausw\u00e4rts<\/p>\n<p><strong>Gr\u00f6\u00dfe: <\/strong>M<\/p>\n<p><strong>Zustand:<\/strong> Zufriedenstellend - einige Mikrodehnungen auf der Oberfl\u00e4che des T-Shirts, ein besch\u00e4digtes \"H\" im Wappen und eine gr\u00f6\u00dfere Naht auf der Vorderseite.<\/p>\n<p><strong>Ma\u00dfe (Achselbreite\/L\u00e4nge) in cm: <\/strong>50\/67<\/p>","protected":false},"excerpt":{"rendered":"<p><strong>Original AFC Ajax Ausw\u00e4rtstrikot aus der Saison 1996\/97 von Umbro.\u00a0<\/strong><\/p>\n<p>Ausw\u00e4rtsmodell <strong>AFC Ajax<\/strong> aus der Saison <strong>1996\/97<\/strong>hergestellt von <strong>Umbro<\/strong> in der Gr\u00f6\u00dfe M, stammt aus einer Zeit, in der der Verein nach dem Champions-League-Triumph von 1995 eine der st\u00e4rksten Mannschaften Europas war. Die Mannschaft spielte weiterhin auf h\u00f6chstem Niveau und k\u00e4mpfte regelm\u00e4\u00dfig um die Spitzenpl\u00e4tze in der <strong>Eredivisie<\/strong> und gute Ergebnisse in europ\u00e4ischen Wettbewerben.<\/p>\n<p>Das T-Shirt wurde auf einem grauen Grundgewebe produziert, auf dem die f\u00fcr die 1990er Jahre typischen sublimierten Grafiken zu sehen sind. Rote Eins\u00e4tze an den \u00c4rmeln sorgen f\u00fcr einen auff\u00e4lligen Kontrast, w\u00e4hrend die Vorderseite einen vertikal ausgerichteten Sponsorenaufdruck zeigt. <strong>ABN AMRO<\/strong>. Das Ganze wird durch die Kennzeichnung des Herstellers erg\u00e4nzt <strong>Umbro<\/strong>, im Stil der damaligen Sets <strong>AFC Ajax<\/strong>.<\/p>\n<p>Saison <strong>1996\/97<\/strong> in der Ausf\u00fchrung<strong>\u00a0Ajax<\/strong> war eine Fortsetzung der starken Position des Vereins in Europa. Die Mannschaft bestand zu dieser Zeit unter anderem aus. <strong>Edwin van der Sar<\/strong>, <strong>Danny Blind<\/strong>, <strong>Jari Litmanen<\/strong>, <strong>Edgar Davids<\/strong>, <strong>Clarence Seedorf<\/strong> und <strong>Patrick Kluivert<\/strong>, und eine Mannschaft zu bilden, die auf Ehemaligen und einem offensiven Spielstil basiert.<\/p>\n<p>Das T-Shirt ist aus einem leichten und luftigen Material gefertigt und der Schnitt in Gr\u00f6\u00dfe M entspricht den Standards der <strong>Umbro<\/strong>, und bieten eine klassische Passform.<\/p>\n<p>Dies ist ein Angebot f\u00fcr Sammler und Fans, die auf der Suche sind nach <strong>das originale AFC Ajax-Ausw\u00e4rtstrikot aus der Saison 1996\/97 von Umbro<\/strong>, Damit ist eine der letzten Spielzeiten der goldenen \u00c4ra des Vereins eindeutig dokumentiert.<\/p>","protected":false},"featured_media":46916,"template":"","meta":{"_kad_blocks_custom_css":"","_kad_blocks_head_custom_js":"","_kad_blocks_body_custom_js":"","_kad_blocks_footer_custom_js":"","_kad_post_transparent":"default","_kad_post_title":"","_kad_post_layout":"default","_kad_post_sidebar_id":"","_kad_post_content_style":"default","_kad_post_vertical_padding":"default","_kad_post_feature":"","_kad_post_feature_position":"","_kad_post_header":false,"_kad_post_footer":false,"_kad_post_classname":""},"product_brand":[1285],"product_cat":[1466],"product_tag":[],"class_list":{"0":"post-46860","1":"product","2":"type-product","3":"status-publish","4":"has-post-thumbnail","6":"product_brand-umbro","7":"product_cat-belgia-holandia","8":"pa_homeawaythird-away","9":"pa_rozmiar-m","11":"first","12":"instock","13":"taxable","14":"shipping-taxable","15":"purchasable","16":"product-type-simple","17":"entry","18":"content-bg","19":"loop-entry"},"taxonomy_info":{"product_brand":[{"value":1285,"label":"Umbro"}],"product_cat":[{"value":1466,"label":"Belgia i Holandia"}],"pa_homeawaythird":[{"value":1598,"label":"Away"}],"pa_rozmiar":[{"value":1816,"label":"M"}]},"featured_image_src_large":["https:\/\/footballthrift.shop\/wp-content\/uploads\/2024\/07\/Photoroom_016_20240726_111218-1024x1024.png",1024,1024,true],"author_info":[],"comment_info":"","_links":{"self":[{"href":"https:\/\/footballthrift.shop\/de\/wp-json\/wp\/v2\/product\/46860","targetHints":{"allow":["GET"]}}],"collection":[{"href":"https:\/\/footballthrift.shop\/de\/wp-json\/wp\/v2\/product"}],"about":[{"href":"https:\/\/footballthrift.shop\/de\/wp-json\/wp\/v2\/types\/product"}],"wp:featuredmedia":[{"embeddable":true,"href":"https:\/\/footballthrift.shop\/de\/wp-json\/wp\/v2\/media\/46916"}],"wp:attachment":[{"href":"https:\/\/footballthrift.shop\/de\/wp-json\/wp\/v2\/media?parent=46860"}],"wp:term":[{"taxonomy":"product_brand","embeddable":true,"href":"https:\/\/footballthrift.shop\/de\/wp-json\/wp\/v2\/product_brand?post=46860"},{"taxonomy":"product_cat","embeddable":true,"href":"https:\/\/footballthrift.shop\/de\/wp-json\/wp\/v2\/product_cat?post=46860"},{"taxonomy":"product_tag","embeddable":true,"href":"https:\/\/footballthrift.shop\/de\/wp-json\/wp\/v2\/product_tag?post=46860"}],"curies":[{"name":"wp","href":"https:\/\/api.w.org\/{rel}","templated":true}]}}