{"id":46857,"date":"2024-07-28T15:51:28","date_gmt":"2024-07-28T13:51:28","guid":{"rendered":"https:\/\/footballthrift.shop\/?post_type=product&#038;p=46857"},"modified":"2026-03-19T17:32:11","modified_gmt":"2026-03-19T16:32:11","slug":"psg-2019-20-away-l","status":"publish","type":"product","link":"https:\/\/footballthrift.shop\/de\/psg-2019-20-away-l\/","title":{"rendered":"Koszulka pi\u0142karska PSG 2019\/20 Away [L]"},"content":{"rendered":"<p><strong>Verein:<\/strong> PSG<\/p>\n<p><strong>Saison:<\/strong> 2019\/20 Ausw\u00e4rts<\/p>\n<p><strong>Gr\u00f6\u00dfe: <\/strong>L<\/p>\n<p><strong>Zustand:<\/strong> Sehr gut - drei Mikroflecken.<\/p>\n<p><strong>Ma\u00dfe (Achselbreite\/L\u00e4nge) in cm: <\/strong>55\/72<\/p>","protected":false},"excerpt":{"rendered":"<p><strong>Original Paris Saint-Germain Ausw\u00e4rtstrikot der Saison 2019\/20 von Jordan Brand.\u00a0<\/strong><\/p>\n<p>Ausw\u00e4rtsmodell <strong>Paris Saint-Germain<\/strong> aus der Saison <strong>2019\/20<\/strong>hergestellt von <strong>Jordanien Marke<\/strong> in Gr\u00f6\u00dfe L, stammt aus einem der wichtigsten Momente in der Geschichte des Vereins. Die Pariser Mannschaft wurde franz\u00f6sischer Meister und erreichte zum ersten Mal das Finale der Champions League und best\u00e4tigte damit ihre wachsende Position auf der europ\u00e4ischen B\u00fchne.<\/p>\n<p>Das T-Shirt wurde in einem leuchtenden Orange produziert, das sich von den klassischen Designs abhebt. <strong>Paris Saint-Germain<\/strong>. Erg\u00e4nzt wird dies durch schwarze Bes\u00e4tze am Kragen und an den \u00c4rmeln, die dem Design einen kontrastreichen und modernen Touch verleihen. Auf der Vorderseite steht ein Sponsorenaufdruck im Mittelpunkt. <strong>Accor Live Grenzenlos<\/strong>, und Bezeichnungen <strong>Jordanien Marke<\/strong> sind Teil des einzigartigen Stils dieser Zusammenarbeit.<\/p>\n<p>Saison <strong>2019\/20<\/strong> in der Ausf\u00fchrung <strong>Paris Saint-Germain<\/strong> war vor allem wegen des Champions-League-Finales historisch. Die damalige Mannschaft bestand unter anderem aus. <strong>Neymar<\/strong>, <strong>Kylian Mbapp\u00e9<\/strong>, <strong>\u00c1ngel Di Mar\u00eda<\/strong>, <strong>Marco Verratti<\/strong>, <strong>Thiago Silva<\/strong> und <strong>Keylor Navas<\/strong>, und schuf damit einen der st\u00e4rksten Kader in Europa.<\/p>\n<p>Das T-Shirt ist aus einem leichten und luftigen Material gefertigt und der Schnitt in Gr\u00f6\u00dfe L entspricht den Standards der <strong>Jordanien Marke<\/strong>, Sie bietet eine f\u00fcr die Linie charakteristische Passform; die lang\u00e4rmelige Version verleiht ihr einen Hauch von Sammlertum.<\/p>\n<p>Dies ist ein Angebot f\u00fcr Sammler und Fans, die auf der Suche sind nach <strong>Original Paris Saint-Germain Ausw\u00e4rtstrikot der Saison 2019\/20 von Jordan Brand<\/strong>, Damit ist der historische Einzug ins Champions-League-Finale klar dokumentiert.<\/p>","protected":false},"featured_media":46891,"template":"","meta":{"_kad_blocks_custom_css":"","_kad_blocks_head_custom_js":"","_kad_blocks_body_custom_js":"","_kad_blocks_footer_custom_js":"","_kad_post_transparent":"default","_kad_post_title":"","_kad_post_layout":"default","_kad_post_sidebar_id":"","_kad_post_content_style":"default","_kad_post_vertical_padding":"default","_kad_post_feature":"","_kad_post_feature_position":"","_kad_post_header":false,"_kad_post_footer":false,"_kad_post_classname":""},"product_brand":[1284],"product_cat":[1467],"product_tag":[],"class_list":{"0":"post-46857","1":"product","2":"type-product","3":"status-publish","4":"has-post-thumbnail","6":"product_brand-nike","7":"product_cat-kluby-francuskie-parissaintgermain","8":"pa_homeawaythird-away","9":"pa_rozmiar-l","11":"first","12":"instock","13":"taxable","14":"shipping-taxable","15":"purchasable","16":"product-type-simple","17":"entry","18":"content-bg","19":"loop-entry"},"taxonomy_info":{"product_brand":[{"value":1284,"label":"Nike"}],"product_cat":[{"value":1467,"label":"Paris Saint Germain"}],"pa_homeawaythird":[{"value":1598,"label":"Away"}],"pa_rozmiar":[{"value":1817,"label":"L"}]},"featured_image_src_large":["https:\/\/footballthrift.shop\/wp-content\/uploads\/2024\/07\/Photoroom_022_20240726_111218-1024x1024.png",1024,1024,true],"author_info":[],"comment_info":"","_links":{"self":[{"href":"https:\/\/footballthrift.shop\/de\/wp-json\/wp\/v2\/product\/46857","targetHints":{"allow":["GET"]}}],"collection":[{"href":"https:\/\/footballthrift.shop\/de\/wp-json\/wp\/v2\/product"}],"about":[{"href":"https:\/\/footballthrift.shop\/de\/wp-json\/wp\/v2\/types\/product"}],"wp:featuredmedia":[{"embeddable":true,"href":"https:\/\/footballthrift.shop\/de\/wp-json\/wp\/v2\/media\/46891"}],"wp:attachment":[{"href":"https:\/\/footballthrift.shop\/de\/wp-json\/wp\/v2\/media?parent=46857"}],"wp:term":[{"taxonomy":"product_brand","embeddable":true,"href":"https:\/\/footballthrift.shop\/de\/wp-json\/wp\/v2\/product_brand?post=46857"},{"taxonomy":"product_cat","embeddable":true,"href":"https:\/\/footballthrift.shop\/de\/wp-json\/wp\/v2\/product_cat?post=46857"},{"taxonomy":"product_tag","embeddable":true,"href":"https:\/\/footballthrift.shop\/de\/wp-json\/wp\/v2\/product_tag?post=46857"}],"curies":[{"name":"wp","href":"https:\/\/api.w.org\/{rel}","templated":true}]}}