{"id":46854,"date":"2024-07-28T15:51:18","date_gmt":"2024-07-28T13:51:18","guid":{"rendered":"https:\/\/footballthrift.shop\/?post_type=product&#038;p=46854"},"modified":"2026-03-20T13:00:56","modified_gmt":"2026-03-20T12:00:56","slug":"inter-mediolan-1999-00-home-xl","status":"publish","type":"product","link":"https:\/\/footballthrift.shop\/de\/inter-mediolan-1999-00-home-xl\/","title":{"rendered":"Koszulka pi\u0142karska Inter Mediolan 1999\/00 Home [XL]"},"content":{"rendered":"<p><strong>Verein:<\/strong> Inter Mailand<\/p>\n<p><strong>Saison:<\/strong> 1999\/00 Startseite<\/p>\n<p><strong>Gr\u00f6\u00dfe: <\/strong>XL<\/p>\n<p><strong>Zustand:<\/strong> Befriedigend - an zwei Stellen geknackt und fleckig Sponsor Druck, ein paar Mikro Stiche auf der R\u00fcckseite.<\/p>\n<p><strong>Ma\u00dfe (Achselbreite\/L\u00e4nge) in cm: <\/strong>62\/74<\/p>","protected":false},"excerpt":{"rendered":"<p>Original Heim-Fu\u00dfballtrikot <strong>Inter Mailand<\/strong> aus der Saison <strong>1999\/00<\/strong> Produktion <strong>Nike<\/strong>.<\/p>\n<p>Heimmodell <strong>Inter Mailand<\/strong> aus der Saison <strong>1999\/00<\/strong>hergestellt von <strong>Nike<\/strong> in XL-Gr\u00f6\u00dfe f\u00e4llt in eine Phase des intensiven Umbaus einer Mannschaft, die trotz hoher Ambitionen und eines starken Kaders ihr Potenzial in der Liga nicht voll aussch\u00f6pfen konnte.<\/p>\n<p>Das T-Shirt wurde im klassischen schwarz-blauen L\u00e4ngsstreifenmuster hergestellt, das die Grundlage der Identit\u00e4t bildet. <strong>Inter Mailand<\/strong>. Der kultige Sponsorenaufdruck steht auf der Vorderseite im Mittelpunkt <strong>Pirelli<\/strong>, das seit Jahren ein fester Bestandteil der Trikots des Vereins ist. Ein charakteristisches Detail des Designs <strong>Nike<\/strong> ist auch der Gr\u00f6\u00dfenaufn\u00e4her auf der Vorderseite, der dieses Modell von anderen Hemden aus dieser Zeit unterscheidet.<\/p>\n<p>Saison <strong>1999\/00<\/strong> war f\u00fcr <strong>Inter Mailand<\/strong> entt\u00e4uschend, aber im Kader standen Weltklassespieler wie <strong>Ronaldo<\/strong>, <strong>Christian Vieri<\/strong>, <strong>Javier Zanetti<\/strong>, <strong>Clarence Seedorf<\/strong> oder <strong>Roberto Baggio<\/strong>, die die St\u00e4rke des Teams waren und die Aufmerksamkeit der Fans in der ganzen Welt auf sich zogen.<\/p>\n<p>Das T-Shirt ist aus leichtem und atmungsaktivem Material gefertigt und der Schnitt in Gr\u00f6\u00dfe XL entspricht den Standards der <strong>Nike<\/strong> aus den sp\u00e4ten 1990er Jahren.<\/p>\n<p>F\u00fcr Sammler und Fans, die ein originales Heimtrikot suchen <strong>Inter Mailand<\/strong> aus der Saison <strong>1999\/00<\/strong>, eine klare Aufzeichnung einer Zeit voller Sterne und unerf\u00fcllter Erwartungen.<\/p>","protected":false},"featured_media":47119,"template":"","meta":{"_kad_blocks_custom_css":"","_kad_blocks_head_custom_js":"","_kad_blocks_body_custom_js":"","_kad_blocks_footer_custom_js":"","_kad_post_transparent":"default","_kad_post_title":"","_kad_post_layout":"default","_kad_post_sidebar_id":"","_kad_post_content_style":"default","_kad_post_vertical_padding":"default","_kad_post_feature":"","_kad_post_feature_position":"","_kad_post_header":false,"_kad_post_footer":false,"_kad_post_classname":""},"product_brand":[1284],"product_cat":[1458],"product_tag":[],"class_list":{"0":"post-46854","1":"product","2":"type-product","3":"status-publish","4":"has-post-thumbnail","6":"product_brand-nike","7":"product_cat-kluby-wloskie-intermediolan","8":"pa_homeawaythird-home","9":"pa_rozmiar-xl","11":"first","12":"instock","13":"taxable","14":"shipping-taxable","15":"purchasable","16":"product-type-simple","17":"entry","18":"content-bg","19":"loop-entry"},"taxonomy_info":{"product_brand":[{"value":1284,"label":"Nike"}],"product_cat":[{"value":1458,"label":"Inter Mediolan"}],"pa_homeawaythird":[{"value":1597,"label":"Home"}],"pa_rozmiar":[{"value":1818,"label":"XL"}]},"featured_image_src_large":["https:\/\/footballthrift.shop\/wp-content\/uploads\/2024\/07\/Photoroom_028_20240726_111218-1024x1024.png",1024,1024,true],"author_info":[],"comment_info":"","_links":{"self":[{"href":"https:\/\/footballthrift.shop\/de\/wp-json\/wp\/v2\/product\/46854","targetHints":{"allow":["GET"]}}],"collection":[{"href":"https:\/\/footballthrift.shop\/de\/wp-json\/wp\/v2\/product"}],"about":[{"href":"https:\/\/footballthrift.shop\/de\/wp-json\/wp\/v2\/types\/product"}],"wp:featuredmedia":[{"embeddable":true,"href":"https:\/\/footballthrift.shop\/de\/wp-json\/wp\/v2\/media\/47119"}],"wp:attachment":[{"href":"https:\/\/footballthrift.shop\/de\/wp-json\/wp\/v2\/media?parent=46854"}],"wp:term":[{"taxonomy":"product_brand","embeddable":true,"href":"https:\/\/footballthrift.shop\/de\/wp-json\/wp\/v2\/product_brand?post=46854"},{"taxonomy":"product_cat","embeddable":true,"href":"https:\/\/footballthrift.shop\/de\/wp-json\/wp\/v2\/product_cat?post=46854"},{"taxonomy":"product_tag","embeddable":true,"href":"https:\/\/footballthrift.shop\/de\/wp-json\/wp\/v2\/product_tag?post=46854"}],"curies":[{"name":"wp","href":"https:\/\/api.w.org\/{rel}","templated":true}]}}