{"id":46455,"date":"2024-07-21T18:21:16","date_gmt":"2024-07-21T16:21:16","guid":{"rendered":"https:\/\/footballthrift.shop\/?post_type=product&#038;p=46455"},"modified":"2026-03-22T15:55:38","modified_gmt":"2026-03-22T14:55:38","slug":"omonia-nikozja-1988-99-away-xl","status":"publish","type":"product","link":"https:\/\/footballthrift.shop\/de\/omonia-nikozja-1988-99-away-xl\/","title":{"rendered":"Koszulka pi\u0142karska Omonia Nikozja 1988\/99 Away [XL]"},"content":{"rendered":"<p><strong>Verein:<\/strong> Omonia Nikosia<\/p>\n<p><strong>Saison:<\/strong> 1988\/99 Ausw\u00e4rts<\/p>\n<p><strong>Gr\u00f6\u00dfe: <\/strong>XL<\/p>\n<p><strong>Zustand:<\/strong> Ausgezeichnet<\/p>\n<p><strong>Ma\u00dfe (Achselbreite\/L\u00e4nge) in cm: <\/strong>61\/76<\/p>","protected":false},"excerpt":{"rendered":"<p><strong>Original 1988\/99 Omonia Nikosia Ausw\u00e4rtstrikot von Puma.\u00a0<\/strong><\/p>\n<p>Ausw\u00e4rtsmodell <strong>Omonia Nikosia<\/strong> im Laufe der Jahre <strong>1988\/99<\/strong>hergestellt von <strong>Puma<\/strong> w rozmiarze XL, pochodzi z okresu dominacji klubu na krajowym podw\u00f3rku, kiedy dru\u017cyna regularnie si\u0119ga\u0142a po mistrzostwa Cypru i by\u0142a jednym z symboli tamtejszej pi\u0142ki. Omonia przez dekady budowa\u0142a swoj\u0105 pozycj\u0119 jako jeden z najbardziej utytu\u0142owanych i rozpoznawalnych klub\u00f3w w kraju.<\/p>\n<p>Koszulka zosta\u0142a wyprodukowana na bia\u0142ej bazie, a jej charakterystycznym elementem s\u0105 zielone r\u0119kawki oraz ko\u0142nierzyk typu polo, nawi\u0105zuj\u0105ce do tradycyjnych barw <strong>Omonia Nikosia<\/strong>. Das Design ist in einer klassischen, kontrastierenden Farbgebung gehalten. Diese Version kommt ohne den Sponsorenaufdruck aus, was den klaren, minimalistischen Charakter noch unterstreicht.<\/p>\n<p><strong>Omonia Nikosia<\/strong> ist einer der erfolgreichsten zyprischen Vereine, mehrfacher nationaler Meister und nationaler Pokalsieger, der Zypern im Laufe der Jahre in europ\u00e4ischen Wettbewerben vertreten hat. Zu den prominenten Spielern in der Geschichte der Mannschaft geh\u00f6ren die folgenden. <strong>Sotiris Kaiafas<\/strong>, legenda klubu i zdobywca europejskiego Z\u0142otego Buta, a tak\u017ce p\u00f3\u017aniejsze pokolenia pi\u0142karzy, kt\u00f3re kontynuowa\u0142y tradycj\u0119 sukces\u00f3w i silnej pozycji dru\u017cyny.<\/p>\n<p>Das T-Shirt ist aus leichtem und atmungsaktivem Material gefertigt und der Schnitt in Gr\u00f6\u00dfe XL entspricht den Standards der <strong>Pumas<\/strong>, und bietet die klassische Passform, die f\u00fcr die Designs der Marke charakteristisch ist.<\/p>\n<p>Dies ist f\u00fcr Sammler und Fans, die ein originales Ausw\u00e4rtstrikot suchen <strong>Omonia Nikosia<\/strong> im Laufe der Jahre <strong>1988\/99<\/strong>, und dokumentieren damit die Zeit der Dominanz des Vereins auf zypriotischen Spielfeldern.<\/p>","protected":false},"featured_media":46608,"template":"","meta":{"_kad_blocks_custom_css":"","_kad_blocks_head_custom_js":"","_kad_blocks_body_custom_js":"","_kad_blocks_footer_custom_js":"","_kad_post_transparent":"default","_kad_post_title":"","_kad_post_layout":"default","_kad_post_sidebar_id":"","_kad_post_content_style":"default","_kad_post_vertical_padding":"default","_kad_post_feature":"","_kad_post_feature_position":"","_kad_post_header":false,"_kad_post_footer":false,"_kad_post_classname":""},"product_brand":[1287],"product_cat":[1493],"product_tag":[],"class_list":{"0":"post-46455","1":"product","2":"type-product","3":"status-publish","4":"has-post-thumbnail","6":"product_brand-puma","7":"product_cat-kluby-europejskie-europa","8":"pa_homeawaythird-away","9":"pa_rozmiar-xl","11":"first","12":"instock","13":"taxable","14":"shipping-taxable","15":"purchasable","16":"product-type-simple","17":"entry","18":"content-bg","19":"loop-entry"},"taxonomy_info":{"product_brand":[{"value":1287,"label":"Puma"}],"product_cat":[{"value":1493,"label":"Pozosta\u0142e kluby europejskie"}],"pa_homeawaythird":[{"value":1598,"label":"Away"}],"pa_rozmiar":[{"value":1818,"label":"XL"}]},"featured_image_src_large":["https:\/\/footballthrift.shop\/wp-content\/uploads\/2024\/07\/Photoroom_020_20240719_134842-1024x1024.png",1024,1024,true],"author_info":[],"comment_info":"","_links":{"self":[{"href":"https:\/\/footballthrift.shop\/de\/wp-json\/wp\/v2\/product\/46455","targetHints":{"allow":["GET"]}}],"collection":[{"href":"https:\/\/footballthrift.shop\/de\/wp-json\/wp\/v2\/product"}],"about":[{"href":"https:\/\/footballthrift.shop\/de\/wp-json\/wp\/v2\/types\/product"}],"wp:featuredmedia":[{"embeddable":true,"href":"https:\/\/footballthrift.shop\/de\/wp-json\/wp\/v2\/media\/46608"}],"wp:attachment":[{"href":"https:\/\/footballthrift.shop\/de\/wp-json\/wp\/v2\/media?parent=46455"}],"wp:term":[{"taxonomy":"product_brand","embeddable":true,"href":"https:\/\/footballthrift.shop\/de\/wp-json\/wp\/v2\/product_brand?post=46455"},{"taxonomy":"product_cat","embeddable":true,"href":"https:\/\/footballthrift.shop\/de\/wp-json\/wp\/v2\/product_cat?post=46455"},{"taxonomy":"product_tag","embeddable":true,"href":"https:\/\/footballthrift.shop\/de\/wp-json\/wp\/v2\/product_tag?post=46455"}],"curies":[{"name":"wp","href":"https:\/\/api.w.org\/{rel}","templated":true}]}}