{"id":46442,"date":"2024-07-21T18:21:12","date_gmt":"2024-07-21T16:21:12","guid":{"rendered":"https:\/\/footballthrift.shop\/?post_type=product&#038;p=46442"},"modified":"2026-03-22T16:15:46","modified_gmt":"2026-03-22T15:15:46","slug":"match-issue-bologna-fc-1996-97-home-9-marocchi-xl","status":"publish","type":"product","link":"https:\/\/footballthrift.shop\/de\/match-issue-bologna-fc-1996-97-home-9-marocchi-xl\/","title":{"rendered":"Koszulka pi\u0142karska MATCH ISSUE Bologna FC 1996\/97 Home 9 Marocchi [XL]"},"content":{"rendered":"<p><strong>Verein:<\/strong> Bologna FC<\/p>\n<p><strong>Saison:<\/strong> 1996\/97 Heimat<\/p>\n<p><strong>Gr\u00f6\u00dfe: <\/strong>XL<\/p>\n<p><strong>Zustand:<\/strong> Sehr gut - ein paar Mikrostiche auf dem linken \u00c4rmel und ein langer Stich auf der linken Seite auf dem R\u00fccken.<\/p>\n<p><strong>Ma\u00dfe (Achselbreite\/L\u00e4nge) in cm: <\/strong>58\/76<\/p>","protected":false},"excerpt":{"rendered":"<p><strong>Original Bologna FC Heimtrikot aus der Saison 1996\/97 von Diadora, gedruckt von Giancarlo Marocchi.\u00a0<\/strong><\/p>\n<p>Heimmodell <strong>Bologna FC<\/strong> aus der Saison <strong>1996\/97<\/strong>hergestellt von <strong>Diadora<\/strong> in XL-Gr\u00f6\u00dfe geht auf die R\u00fcckkehr des Vereins in die Serie A und den Wiederaufbau seiner Position in der h\u00f6chsten italienischen Spielklasse zur\u00fcck. Damals zeigte die Mannschaft einen ehrgeizigen Spielstil, und die Saison war ein wichtiger Schritt, um sich wieder auf der Fu\u00dfballkarte des Landes bemerkbar zu machen.<\/p>\n<p>Das T-Shirt wurde im klassischen Layout mit roten und blauen dicken vertikalen Streifen hergestellt, die seit Jahrzehnten ein Markenzeichen sind. <strong>Bologna FC<\/strong>. Das Design wird durch einen Polokragen erg\u00e4nzt, der den traditionellen Charakter des Trikots unterstreicht, und auf der Vorderseite befindet sich ein Sponsorenaufdruck. Auf dem \u00c4rmel befindet sich ein Liga-Aufn\u00e4her. Die lang\u00e4rmelige Version unterstreicht den einzigartigen und sammelw\u00fcrdigen Charakter des Trikots zus\u00e4tzlich.<\/p>\n<p>Auf der R\u00fcckseite befindet sich ein origineller Aufdruck. <strong>Giancarlo Marocchi<\/strong>, ein erfahrener Mittelfeldspieler und eine der wichtigsten Figuren dieser Zeit in der <strong>Bologna FC<\/strong>, der dem Team Gelassenheit, \u00dcbersicht und wertvolle Erfahrung auf h\u00f6chstem Niveau vermittelte.<\/p>\n<p>Das T-Shirt ist aus leichtem und atmungsaktivem Material gefertigt und der Schnitt in Gr\u00f6\u00dfe XL entspricht den Standards der <strong>Diadory<\/strong>, und bietet eine Passform, die dem Design der Marke entspricht.<\/p>\n<p>F\u00fcr Sammler und Fans, die ein originales Heimtrikot suchen <strong>Bologna FC<\/strong> aus der Saison <strong>1996\/97<\/strong>, Ein deutlicher Beleg f\u00fcr die R\u00fcckkehr des Vereins in die Serie A und den Wiederaufbau seiner Position im italienischen Fu\u00dfball.<\/p>","protected":false},"featured_media":46480,"template":"","meta":{"_kad_blocks_custom_css":"","_kad_blocks_head_custom_js":"","_kad_blocks_body_custom_js":"","_kad_blocks_footer_custom_js":"","_kad_post_transparent":"default","_kad_post_title":"","_kad_post_layout":"default","_kad_post_sidebar_id":"","_kad_post_content_style":"default","_kad_post_vertical_padding":"default","_kad_post_feature":"","_kad_post_feature_position":"","_kad_post_header":false,"_kad_post_footer":false,"_kad_post_classname":""},"product_brand":[1289],"product_cat":[1409,1480],"product_tag":[],"class_list":{"0":"post-46442","1":"product","2":"type-product","3":"status-publish","4":"has-post-thumbnail","6":"product_brand-diadora","7":"product_cat-match-worn-issue","8":"product_cat-pozostale-kluby-wloskie","9":"pa_homeawaythird-home","10":"pa_rozmiar-xl","12":"first","13":"instock","14":"taxable","15":"shipping-taxable","16":"purchasable","17":"product-type-simple","18":"entry","19":"content-bg","20":"loop-entry"},"taxonomy_info":{"product_brand":[{"value":1289,"label":"Diadora"}],"product_cat":[{"value":1409,"label":"MATCH WORN &amp; ISSUE"},{"value":1480,"label":"Pozosta\u0142e kluby w\u0142oskie"}],"pa_homeawaythird":[{"value":1597,"label":"Home"}],"pa_rozmiar":[{"value":1818,"label":"XL"}]},"featured_image_src_large":["https:\/\/footballthrift.shop\/wp-content\/uploads\/2024\/07\/Photoroom_005_20240719_134842-1024x1024.png",1024,1024,true],"author_info":[],"comment_info":"","_links":{"self":[{"href":"https:\/\/footballthrift.shop\/de\/wp-json\/wp\/v2\/product\/46442","targetHints":{"allow":["GET"]}}],"collection":[{"href":"https:\/\/footballthrift.shop\/de\/wp-json\/wp\/v2\/product"}],"about":[{"href":"https:\/\/footballthrift.shop\/de\/wp-json\/wp\/v2\/types\/product"}],"wp:featuredmedia":[{"embeddable":true,"href":"https:\/\/footballthrift.shop\/de\/wp-json\/wp\/v2\/media\/46480"}],"wp:attachment":[{"href":"https:\/\/footballthrift.shop\/de\/wp-json\/wp\/v2\/media?parent=46442"}],"wp:term":[{"taxonomy":"product_brand","embeddable":true,"href":"https:\/\/footballthrift.shop\/de\/wp-json\/wp\/v2\/product_brand?post=46442"},{"taxonomy":"product_cat","embeddable":true,"href":"https:\/\/footballthrift.shop\/de\/wp-json\/wp\/v2\/product_cat?post=46442"},{"taxonomy":"product_tag","embeddable":true,"href":"https:\/\/footballthrift.shop\/de\/wp-json\/wp\/v2\/product_tag?post=46442"}],"curies":[{"name":"wp","href":"https:\/\/api.w.org\/{rel}","templated":true}]}}