{"id":45974,"date":"2024-07-14T15:28:36","date_gmt":"2024-07-14T13:28:36","guid":{"rendered":"https:\/\/footballthrift.shop\/?post_type=product&#038;p=45974"},"modified":"2026-03-26T12:57:21","modified_gmt":"2026-03-26T11:57:21","slug":"uc-sampdoria-2022-23-heim-xl","status":"publish","type":"product","link":"https:\/\/footballthrift.shop\/de\/uc-sampdoria-2022-23-home-xl\/","title":{"rendered":"Koszulka pi\u0142karska UC Sampdoria 2022\/23 Home [XL]"},"content":{"rendered":"<p><strong>Verein:<\/strong> UC Sampdoria<\/p>\n<p><strong>Saison:<\/strong> 2022\/23 Heimat<\/p>\n<p><strong>Gr\u00f6\u00dfe: <\/strong>XL<\/p>\n<p><strong>Zustand:<\/strong> Ausgezeichnet<\/p>\n<p><strong>Ma\u00dfe (Achselbreite\/L\u00e4nge) in cm: <\/strong>55\/75<\/p>","protected":false},"excerpt":{"rendered":"<p><strong>Original UC Sampdoria Heim-Fu\u00dfballtrikot aus der Saison 2022\/23 von Macron.\u00a0<\/strong><\/p>\n<p>Heimmodell <strong>UC Sampdoria<\/strong> aus der Saison <strong>2022\/23<\/strong>hergestellt von <strong>Macrona<\/strong> in XL-Gr\u00f6\u00dfe, stammt aus einer schwierigen Phase der Vereinsgeschichte, die mit dem Abstieg aus der Serie A endete. Die Mannschaft k\u00e4mpfte sowohl mit sportlichen als auch mit organisatorischen Problemen, was sich in den Ergebnissen und der letzten Tabellenposition niederschlug.<\/p>\n<p>Das T-Shirt wurde auf blauem Grund produziert, mit einem horizontalen Streifen in Wei\u00df, Schwarz und Rot als Mittelst\u00fcck, charakteristisch f\u00fcr die Identit\u00e4t der <strong>UC Sampdoria<\/strong>. Das Design beh\u00e4lt das klassische Layout der Vereinsfarben bei und diese Version kommt ohne Sponsorenaufdrucke, was den sauberen und traditionellen Look des Trikots unterstreicht.<\/p>\n<p>F\u00fcr die Saison 2022\/23 werden die Farben <strong>UC Sampdoria<\/strong> vertreten waren unter anderem erfahrene Akteure wie <strong>Fabio Quagliarella<\/strong>, der eine der Ikonen des Clubs ist, sowie <strong>Manolo Gabbiadini<\/strong> oder <strong>Filip \u0110uri\u010di\u0107<\/strong>, die trotz der schwierigen Situation des Teams die Offensivkraft der Mannschaft waren.<\/p>\n<p>Das T-Shirt ist aus leichtem und atmungsaktivem Material gefertigt und der Schnitt in Gr\u00f6\u00dfe XL entspricht den Standards der <strong>Macrona<\/strong>, und bietet die klassische Passform, die f\u00fcr die Designs der Marke charakteristisch ist.<\/p>\n<p>F\u00fcr Sammler und Fans, die ein originales Heimtrikot suchen <strong>UC Sampdoria<\/strong> aus der Saison <strong>2022\/23<\/strong>, eine der schwierigsten Phasen in der j\u00fcngeren Geschichte des Vereins.<\/p>","protected":false},"featured_media":46066,"template":"","meta":{"_kad_blocks_custom_css":"","_kad_blocks_head_custom_js":"","_kad_blocks_body_custom_js":"","_kad_blocks_footer_custom_js":"","_kad_post_transparent":"default","_kad_post_title":"","_kad_post_layout":"default","_kad_post_sidebar_id":"","_kad_post_content_style":"default","_kad_post_vertical_padding":"default","_kad_post_feature":"","_kad_post_feature_position":"","_kad_post_header":false,"_kad_post_footer":false,"_kad_post_classname":""},"product_brand":[1296],"product_cat":[1480],"product_tag":[],"class_list":{"0":"post-45974","1":"product","2":"type-product","3":"status-publish","4":"has-post-thumbnail","6":"product_brand-macron","7":"product_cat-pozostale-kluby-wloskie","8":"pa_homeawaythird-home","9":"pa_rozmiar-xl","11":"first","12":"instock","13":"taxable","14":"shipping-taxable","15":"purchasable","16":"product-type-simple","17":"entry","18":"content-bg","19":"loop-entry"},"taxonomy_info":{"product_brand":[{"value":1296,"label":"macron"}],"product_cat":[{"value":1480,"label":"Pozosta\u0142e kluby w\u0142oskie"}],"pa_homeawaythird":[{"value":1597,"label":"Home"}],"pa_rozmiar":[{"value":1818,"label":"XL"}]},"featured_image_src_large":["https:\/\/footballthrift.shop\/wp-content\/uploads\/2024\/07\/Photoroom_056_20240711_175755-1024x1024.png",1024,1024,true],"author_info":[],"comment_info":"","_links":{"self":[{"href":"https:\/\/footballthrift.shop\/de\/wp-json\/wp\/v2\/product\/45974","targetHints":{"allow":["GET"]}}],"collection":[{"href":"https:\/\/footballthrift.shop\/de\/wp-json\/wp\/v2\/product"}],"about":[{"href":"https:\/\/footballthrift.shop\/de\/wp-json\/wp\/v2\/types\/product"}],"wp:featuredmedia":[{"embeddable":true,"href":"https:\/\/footballthrift.shop\/de\/wp-json\/wp\/v2\/media\/46066"}],"wp:attachment":[{"href":"https:\/\/footballthrift.shop\/de\/wp-json\/wp\/v2\/media?parent=45974"}],"wp:term":[{"taxonomy":"product_brand","embeddable":true,"href":"https:\/\/footballthrift.shop\/de\/wp-json\/wp\/v2\/product_brand?post=45974"},{"taxonomy":"product_cat","embeddable":true,"href":"https:\/\/footballthrift.shop\/de\/wp-json\/wp\/v2\/product_cat?post=45974"},{"taxonomy":"product_tag","embeddable":true,"href":"https:\/\/footballthrift.shop\/de\/wp-json\/wp\/v2\/product_tag?post=45974"}],"curies":[{"name":"wp","href":"https:\/\/api.w.org\/{rel}","templated":true}]}}