{"id":45968,"date":"2024-07-14T15:28:39","date_gmt":"2024-07-14T13:28:39","guid":{"rendered":"https:\/\/footballthrift.shop\/?post_type=product&#038;p=45968"},"modified":"2026-03-25T15:49:23","modified_gmt":"2026-03-25T14:49:23","slug":"turcja-2004-06-home-m","status":"publish","type":"product","link":"https:\/\/footballthrift.shop\/de\/turcja-2004-06-home-m\/","title":{"rendered":"Koszulka pi\u0142karska Turcja 2004\/06 Home [M]"},"content":{"rendered":"<p><strong>Verein:<\/strong> T\u00fcrkei<\/p>\n<p><strong>Saison:<\/strong> 2004\/06 Heim<\/p>\n<p><strong>Gr\u00f6\u00dfe: <\/strong>M<\/p>\n<p><strong>Zustand:<\/strong> Ausgezeichnet<\/p>\n<p><strong>Ma\u00dfe (Achselbreite\/L\u00e4nge) in cm: <\/strong>52\/70<\/p>","protected":false},"excerpt":{"rendered":"<p><strong>Original 2004\/06 Heimtrikot der t\u00fcrkischen Nationalmannschaft von Nike.\u00a0<\/strong><\/p>\n<p>Heimmodell <strong>die t\u00fcrkische Nationalmannschaft<\/strong> im Laufe der Jahre <strong>2004\/06<\/strong>hergestellt von <strong>Nike<\/strong> in Gr\u00f6\u00dfe M, stammt aus der Zeit nach dem historischen Erfolg bei der Weltmeisterschaft 2002, als die Nationalmannschaft versuchte, ein hohes sportliches Niveau zu halten. Die Mannschaft konnte sich nicht f\u00fcr die Euro 2004 qualifizieren und diese Trikots wurden haupts\u00e4chlich bei den Qualifikationsspielen f\u00fcr die WM 2006 verwendet.<\/p>\n<p>Das T-Shirt wurde auf rotem Grund produziert, mit einem d\u00fcnnen wei\u00dfen Streifen auf der Vorderseite als Mittelst\u00fcck, charakteristisch f\u00fcr die Designs <strong>Nike<\/strong> aus der Total 90-Serie, alles in einem dynamischen, modernen Design, das sich von fr\u00fcheren, eher klassischen Designs abhebt.<\/p>\n<p>In diesen Jahren wurde der Kern <strong>die t\u00fcrkische Nationalmannschaft<\/strong> waren erfahrene Spieler, die bereits Erfolge bei Weltmeisterschaften erzielt hatten, wie z. B. <strong>Hakan \u015e\u00fck\u00fcr<\/strong>, einer der wichtigsten St\u00fcrmer in der Geschichte der Nationalmannschaft, <strong>R\u00fc\u015ft\u00fc Re\u00e7ber<\/strong>, ein sicherer Punkt zwischen den Pfosten, ob <strong>Emre Bel\u00f6zo\u011flu<\/strong>, Die Mannschaft kombinierte Erfahrung mit neuen Spielern und versuchte, sich auf der internationalen B\u00fchne wieder zu etablieren. Die Mannschaft kombinierte Erfahrung mit neuen Spielern und versuchte, sich auf der internationalen B\u00fchne wieder zu etablieren.<\/p>\n<p>Das T-Shirt ist aus einem leichten und luftigen Material gefertigt und der Schnitt in Gr\u00f6\u00dfe M entspricht den Standards der <strong>Nike<\/strong>, und bietet die klassische Passform, die f\u00fcr die Designs der Marke charakteristisch ist.<\/p>\n<p>F\u00fcr Sammler und Fans, die ein originales Heimtrikot suchen <strong>die t\u00fcrkische Nationalmannschaft<\/strong> im Laufe der Jahre <strong>2004\/06<\/strong>, Damit wird die \u00dcbergangszeit nach einem der gr\u00f6\u00dften Erfolge in der Geschichte der Mannschaft deutlich dokumentiert.<\/p>","protected":false},"featured_media":46025,"template":"","meta":{"_kad_blocks_custom_css":"","_kad_blocks_head_custom_js":"","_kad_blocks_body_custom_js":"","_kad_blocks_footer_custom_js":"","_kad_post_transparent":"default","_kad_post_title":"","_kad_post_layout":"default","_kad_post_sidebar_id":"","_kad_post_content_style":"default","_kad_post_vertical_padding":"default","_kad_post_feature":"","_kad_post_feature_position":"","_kad_post_header":false,"_kad_post_footer":false,"_kad_post_classname":""},"product_brand":[1284],"product_cat":[1489],"product_tag":[],"class_list":{"0":"post-45968","1":"product","2":"type-product","3":"status-publish","4":"has-post-thumbnail","6":"product_brand-nike","7":"product_cat-pozostale-reprezentacje-europa","8":"pa_homeawaythird-home","9":"pa_rozmiar-m","11":"first","12":"instock","13":"taxable","14":"shipping-taxable","15":"purchasable","16":"product-type-simple","17":"entry","18":"content-bg","19":"loop-entry"},"taxonomy_info":{"product_brand":[{"value":1284,"label":"Nike"}],"product_cat":[{"value":1489,"label":"Pozosta\u0142e"}],"pa_homeawaythird":[{"value":1597,"label":"Home"}],"pa_rozmiar":[{"value":1816,"label":"M"}]},"featured_image_src_large":["https:\/\/footballthrift.shop\/wp-content\/uploads\/2024\/07\/Photoroom_044_20240711_175755-1024x1024.png",1024,1024,true],"author_info":[],"comment_info":"","_links":{"self":[{"href":"https:\/\/footballthrift.shop\/de\/wp-json\/wp\/v2\/product\/45968","targetHints":{"allow":["GET"]}}],"collection":[{"href":"https:\/\/footballthrift.shop\/de\/wp-json\/wp\/v2\/product"}],"about":[{"href":"https:\/\/footballthrift.shop\/de\/wp-json\/wp\/v2\/types\/product"}],"wp:featuredmedia":[{"embeddable":true,"href":"https:\/\/footballthrift.shop\/de\/wp-json\/wp\/v2\/media\/46025"}],"wp:attachment":[{"href":"https:\/\/footballthrift.shop\/de\/wp-json\/wp\/v2\/media?parent=45968"}],"wp:term":[{"taxonomy":"product_brand","embeddable":true,"href":"https:\/\/footballthrift.shop\/de\/wp-json\/wp\/v2\/product_brand?post=45968"},{"taxonomy":"product_cat","embeddable":true,"href":"https:\/\/footballthrift.shop\/de\/wp-json\/wp\/v2\/product_cat?post=45968"},{"taxonomy":"product_tag","embeddable":true,"href":"https:\/\/footballthrift.shop\/de\/wp-json\/wp\/v2\/product_tag?post=45968"}],"curies":[{"name":"wp","href":"https:\/\/api.w.org\/{rel}","templated":true}]}}