{"id":45965,"date":"2024-07-14T15:28:23","date_gmt":"2024-07-14T13:28:23","guid":{"rendered":"https:\/\/footballthrift.shop\/?post_type=product&#038;p=45965"},"modified":"2026-03-29T14:58:10","modified_gmt":"2026-03-29T12:58:10","slug":"venezia-fc-2022-23-third-xl","status":"publish","type":"product","link":"https:\/\/footballthrift.shop\/de\/venezia-fc-2022-23-third-xl\/","title":{"rendered":"Koszulka pi\u0142karska Venezia FC 2022\/23 Third [XL]"},"content":{"rendered":"<p><strong>Verein:<\/strong> Venezia FC<\/p>\n<p><strong>Saison:<\/strong> 2022\/23 Dritter<\/p>\n<p><strong>Gr\u00f6\u00dfe: <\/strong>XL<\/p>\n<p><strong>Zustand:<\/strong> Sehr gut - ein Mikrozug am \u00c4rmel.<\/p>\n<p><strong>Ma\u00dfe (Achselbreite\/L\u00e4nge) in cm: <\/strong>57\/74<\/p>","protected":false},"excerpt":{"rendered":"<p><strong>Oryginalna trzecia koszulka pi\u0142karska Venezia FC z sezonu 2022\/23 produkcji Kappy.\u00a0<\/strong><\/p>\n<p>Das dritte Modell <strong>Venezia FC<\/strong> aus der Saison <strong>2022\/23<\/strong>hergestellt von <strong>Kappa<\/strong> w rozmiarze XL, stanowi kontynuacj\u0119 wyj\u0105tkowej wsp\u00f3\u0142pracy, kt\u00f3ra w ostatnich latach wyznacza\u0142a kierunek w \u015bwiecie designu koszulek. Klub z Wenecji ponownie po\u0142\u0105czy\u0142 estetyk\u0119 mody z pi\u0142karsk\u0105 to\u017csamo\u015bci\u0105, tworz\u0105c jeden z najbardziej charakterystycznych projekt\u00f3w sezonu.<\/p>\n<p>Koszulka zosta\u0142a wyprodukowana w ca\u0142o\u015bci w z\u0142otej kolorystyce, co nadaje jej elegancki i unikalny charakter, a ca\u0142o\u015b\u0107 uzupe\u0142niaj\u0105 czarne wyko\u0144czenia r\u0119kawk\u00f3w oraz ko\u0142nierzyk typu polo. Na froncie centralnie umieszczony zosta\u0142 niewielki, czarny napis <strong>Venezia<\/strong>, a po jego bokach znajduj\u0105 si\u0119 herb <strong>Venezia FC<\/strong> und Logo <strong>Kappy<\/strong>, tworz\u0105c minimalistyczn\u0105 i nowoczesn\u0105 kompozycj\u0119.<\/p>\n<p>Wsp\u00f3\u0142praca <strong>Venezia FC<\/strong> z <strong>Kapp\u0105<\/strong> w tym okresie by\u0142a szeroko doceniana za odwa\u017cne podej\u015bcie do projektowania koszulek, kt\u00f3re wykracza\u0142y poza standardowe schematy i zyska\u0142y popularno\u015b\u0107 r\u00f3wnie\u017c poza \u015brodowiskiem sportowym, staj\u0105c si\u0119 elementem kultury streetwearowej.<\/p>\n<p>Das T-Shirt ist aus leichtem und atmungsaktivem Material gefertigt und der Schnitt in Gr\u00f6\u00dfe XL entspricht den Standards der <strong>Kappy<\/strong>, und sorgt f\u00fcr eine Passform, die dem Design der Marke entspricht.<\/p>\n<p>Dies ist f\u00fcr Sammler und Fans, die das originale dritte Fu\u00dfballtrikot suchen <strong>Venezia FC<\/strong> aus der Saison <strong>2022\/23<\/strong>, stanowi\u0105cej czytelny zapis kolejnego etapu wyznaczania trend\u00f3w w designie koszulek pi\u0142karskich.<\/p>","protected":false},"featured_media":46266,"template":"","meta":{"_kad_blocks_custom_css":"","_kad_blocks_head_custom_js":"","_kad_blocks_body_custom_js":"","_kad_blocks_footer_custom_js":"","_kad_post_transparent":"default","_kad_post_title":"","_kad_post_layout":"default","_kad_post_sidebar_id":"","_kad_post_content_style":"default","_kad_post_vertical_padding":"default","_kad_post_feature":"","_kad_post_feature_position":"","_kad_post_header":false,"_kad_post_footer":false,"_kad_post_classname":""},"product_brand":[1290],"product_cat":[1480],"product_tag":[],"class_list":{"0":"post-45965","1":"product","2":"type-product","3":"status-publish","4":"has-post-thumbnail","6":"product_brand-kappa","7":"product_cat-pozostale-kluby-wloskie","8":"pa_homeawaythird-third","9":"pa_rozmiar-xl","11":"first","12":"instock","13":"taxable","14":"shipping-taxable","15":"purchasable","16":"product-type-simple","17":"entry","18":"content-bg","19":"loop-entry"},"taxonomy_info":{"product_brand":[{"value":1290,"label":"Kappa"}],"product_cat":[{"value":1480,"label":"Pozosta\u0142e kluby w\u0142oskie"}],"pa_homeawaythird":[{"value":1599,"label":"Third"}],"pa_rozmiar":[{"value":1818,"label":"XL"}]},"featured_image_src_large":["https:\/\/footballthrift.shop\/wp-content\/uploads\/2024\/07\/Photoroom_038_20240711_175755-1024x1024.png",1024,1024,true],"author_info":[],"comment_info":"","_links":{"self":[{"href":"https:\/\/footballthrift.shop\/de\/wp-json\/wp\/v2\/product\/45965","targetHints":{"allow":["GET"]}}],"collection":[{"href":"https:\/\/footballthrift.shop\/de\/wp-json\/wp\/v2\/product"}],"about":[{"href":"https:\/\/footballthrift.shop\/de\/wp-json\/wp\/v2\/types\/product"}],"wp:featuredmedia":[{"embeddable":true,"href":"https:\/\/footballthrift.shop\/de\/wp-json\/wp\/v2\/media\/46266"}],"wp:attachment":[{"href":"https:\/\/footballthrift.shop\/de\/wp-json\/wp\/v2\/media?parent=45965"}],"wp:term":[{"taxonomy":"product_brand","embeddable":true,"href":"https:\/\/footballthrift.shop\/de\/wp-json\/wp\/v2\/product_brand?post=45965"},{"taxonomy":"product_cat","embeddable":true,"href":"https:\/\/footballthrift.shop\/de\/wp-json\/wp\/v2\/product_cat?post=45965"},{"taxonomy":"product_tag","embeddable":true,"href":"https:\/\/footballthrift.shop\/de\/wp-json\/wp\/v2\/product_tag?post=45965"}],"curies":[{"name":"wp","href":"https:\/\/api.w.org\/{rel}","templated":true}]}}