{"id":45964,"date":"2024-07-14T15:28:24","date_gmt":"2024-07-14T13:28:24","guid":{"rendered":"https:\/\/footballthrift.shop\/?post_type=product&#038;p=45964"},"modified":"2026-03-29T13:04:14","modified_gmt":"2026-03-29T11:04:14","slug":"venezia-fc-2021-22-third-xl","status":"publish","type":"product","link":"https:\/\/footballthrift.shop\/de\/venezia-fc-2021-22-third-xl\/","title":{"rendered":"Koszulka pi\u0142karska Venezia FC 2021\/22 Third [XL]"},"content":{"rendered":"<p><strong>Verein:<\/strong> Venezia FC<\/p>\n<p><strong>Saison:<\/strong> 2021\/22 Dritter<\/p>\n<p><strong>Gr\u00f6\u00dfe: <\/strong>XL<\/p>\n<p><strong>Zustand:<\/strong> Ausgezeichnet<\/p>\n<p><strong>Ma\u00dfe (Achselbreite\/L\u00e4nge) in cm: <\/strong>57\/74<\/p>","protected":false},"excerpt":{"rendered":"<p><strong>Oryginalna trzecia koszulka pi\u0142karska Venezia FC z sezonu 2021\/22 produkcji Kappy.\u00a0<\/strong><\/p>\n<p>Das dritte Modell <strong>Venezia FC<\/strong> aus der Saison <strong>2021\/22<\/strong>hergestellt von <strong>Kappa<\/strong> w rozmiarze XL, pochodzi z okresu powrotu klubu do Serie A i jednocze\u015bnie jednego z najbardziej rozpoznawalnych moment\u00f3w w \u015bwiecie designu koszulek pi\u0142karskich. W tym czasie dru\u017cyna z Wenecji zwr\u00f3ci\u0142a na siebie uwag\u0119 nie tylko sportowo, ale przede wszystkim estetyk\u0105 swoich komplet\u00f3w.<\/p>\n<p>Koszulka zosta\u0142a wyprodukowana na b\u0142\u0119kitnej bazie, z czarnymi r\u0119kawkami, kt\u00f3re tworz\u0105 kontrastowy i elegancki uk\u0142ad kolorystyczny. Na r\u0119kawkach znajduj\u0105 si\u0119 z\u0142ote logotypy <strong>Kappy<\/strong>, a na froncie umieszczono trzy sko\u015bne prostok\u0105ty w barwach klubowych \u2013 pomara\u0144czowym, czarnym i zielonym \u2013 na kt\u00f3rych widnieje z\u0142oty napis <strong>Venezia<\/strong>, stanowi\u0105cy centralny punkt projektu i nadaj\u0105cy mu wyj\u0105tkowego charakteru.<\/p>\n<p><strong>Venezia FC<\/strong> w ostatnich latach sta\u0142a si\u0119 jednym z najbardziej wp\u0142ywowych klub\u00f3w w kontek\u015bcie designu koszulek, a wsp\u00f3\u0142praca z <strong>Kapp\u0105<\/strong> wyznaczy\u0142a nowe standardy w \u0142\u0105czeniu mody z pi\u0142k\u0105. Projekty klubu zacz\u0119\u0142y funkcjonowa\u0107 nie tylko jako stroje sportowe, ale r\u00f3wnie\u017c jako element stylu ulicznego i kolekcjonerskiego, zdobywaj\u0105c uznanie na ca\u0142ym \u015bwiecie.<\/p>\n<p>Das T-Shirt ist aus leichtem und atmungsaktivem Material gefertigt und der Schnitt in Gr\u00f6\u00dfe XL entspricht den Standards der <strong>Kappy<\/strong>, und sorgt f\u00fcr eine Passform, die dem Design der Marke entspricht.<\/p>\n<p>Dies ist f\u00fcr Sammler und Fans, die das originale dritte Fu\u00dfballtrikot suchen <strong>Venezia FC<\/strong> aus der Saison <strong>2021\/22<\/strong>, stanowi\u0105cej czytelny zapis jednego z najbardziej prze\u0142omowych moment\u00f3w w designie wsp\u00f3\u0142czesnych koszulek pi\u0142karskich.<\/p>","protected":false},"featured_media":46258,"template":"","meta":{"_kad_blocks_custom_css":"","_kad_blocks_head_custom_js":"","_kad_blocks_body_custom_js":"","_kad_blocks_footer_custom_js":"","_kad_post_transparent":"default","_kad_post_title":"","_kad_post_layout":"default","_kad_post_sidebar_id":"","_kad_post_content_style":"default","_kad_post_vertical_padding":"default","_kad_post_feature":"","_kad_post_feature_position":"","_kad_post_header":false,"_kad_post_footer":false,"_kad_post_classname":""},"product_brand":[1290],"product_cat":[1480],"product_tag":[],"class_list":{"0":"post-45964","1":"product","2":"type-product","3":"status-publish","4":"has-post-thumbnail","6":"product_brand-kappa","7":"product_cat-pozostale-kluby-wloskie","8":"pa_homeawaythird-third","9":"pa_rozmiar-xl","11":"first","12":"instock","13":"taxable","14":"shipping-taxable","15":"purchasable","16":"product-type-simple","17":"entry","18":"content-bg","19":"loop-entry"},"taxonomy_info":{"product_brand":[{"value":1290,"label":"Kappa"}],"product_cat":[{"value":1480,"label":"Pozosta\u0142e kluby w\u0142oskie"}],"pa_homeawaythird":[{"value":1599,"label":"Third"}],"pa_rozmiar":[{"value":1818,"label":"XL"}]},"featured_image_src_large":["https:\/\/footballthrift.shop\/wp-content\/uploads\/2024\/07\/Photoroom_036_20240711_175755-1024x1024.png",1024,1024,true],"author_info":[],"comment_info":"","_links":{"self":[{"href":"https:\/\/footballthrift.shop\/de\/wp-json\/wp\/v2\/product\/45964","targetHints":{"allow":["GET"]}}],"collection":[{"href":"https:\/\/footballthrift.shop\/de\/wp-json\/wp\/v2\/product"}],"about":[{"href":"https:\/\/footballthrift.shop\/de\/wp-json\/wp\/v2\/types\/product"}],"wp:featuredmedia":[{"embeddable":true,"href":"https:\/\/footballthrift.shop\/de\/wp-json\/wp\/v2\/media\/46258"}],"wp:attachment":[{"href":"https:\/\/footballthrift.shop\/de\/wp-json\/wp\/v2\/media?parent=45964"}],"wp:term":[{"taxonomy":"product_brand","embeddable":true,"href":"https:\/\/footballthrift.shop\/de\/wp-json\/wp\/v2\/product_brand?post=45964"},{"taxonomy":"product_cat","embeddable":true,"href":"https:\/\/footballthrift.shop\/de\/wp-json\/wp\/v2\/product_cat?post=45964"},{"taxonomy":"product_tag","embeddable":true,"href":"https:\/\/footballthrift.shop\/de\/wp-json\/wp\/v2\/product_tag?post=45964"}],"curies":[{"name":"wp","href":"https:\/\/api.w.org\/{rel}","templated":true}]}}