{"id":45961,"date":"2024-07-14T15:28:25","date_gmt":"2024-07-14T13:28:25","guid":{"rendered":"https:\/\/footballthrift.shop\/?post_type=product&#038;p=45961"},"modified":"2026-03-29T12:55:54","modified_gmt":"2026-03-29T10:55:54","slug":"atlanta-united-fc-2021-23-third-xl","status":"publish","type":"product","link":"https:\/\/footballthrift.shop\/de\/atlanta-united-fc-2021-23-third-xl\/","title":{"rendered":"Koszulka pi\u0142karska Atlanta United FC 2021\/23 Third [XL]"},"content":{"rendered":"<p><strong>Verein:<\/strong> Atlanta United FC<\/p>\n<p><strong>Saison:<\/strong> 2021\/23 Dritter<\/p>\n<p><strong>Gr\u00f6\u00dfe: <\/strong>XL<\/p>\n<p><strong>Zustand:<\/strong> Ausgezeichnet<\/p>\n<p><strong>Ma\u00dfe (Achselbreite\/L\u00e4nge) in cm: <\/strong>58\/81<\/p>","protected":false},"excerpt":{"rendered":"<p><strong>Original Atlanta United FC Heim-Fu\u00dfballtrikot von 2021\/23 von Adidas.\u00a0<\/strong><\/p>\n<p>Heimmodell <strong>Atlanta United FC<\/strong> im Laufe der Jahre <strong>2021\/23<\/strong>hergestellt von <strong>Adidas<\/strong> in Gr\u00f6\u00dfe XL, stammt aus der Zeit des Vereins in der MLS, wo das Team eine der bekanntesten Mannschaften der Liga blieb. Das Exemplar ist neu und mit Etiketten versehen, was seinen Sammlerwert unterstreicht.<\/p>\n<p>Das T-Shirt wurde auf kastanienbraunem Grund hergestellt, was auf die Identit\u00e4t des <strong>Atlanta United FC<\/strong>, erg\u00e4nzt durch orangefarbene Eins\u00e4tze, die dem Design einen dynamischen Look verleihen. Die Vorderseite zeigt das Vereinswappen und das Logo <strong>Adidas<\/strong>, Die Brust ist klassisch positioniert, und das Gesamtdesign ist modern und charakteristisch f\u00fcr die Designs der Marke.<\/p>\n<p>Das T-Shirt ist aus leichtem und atmungsaktivem Material gefertigt und der Schnitt in Gr\u00f6\u00dfe XL entspricht den Standards der <strong>Adidas<\/strong>, und sorgt f\u00fcr eine Passform, die dem Design der Marke entspricht.<\/p>\n<p>F\u00fcr Sammler und Fans, die ein originales Heimtrikot suchen <strong>Atlanta United FC<\/strong> im Laufe der Jahre <strong>2021\/23<\/strong>, die die Teilnahme des Vereins an MLS-Wettbewerben nachvollziehbar dokumentiert.<\/p>","protected":false},"featured_media":46235,"template":"","meta":{"_kad_blocks_custom_css":"","_kad_blocks_head_custom_js":"","_kad_blocks_body_custom_js":"","_kad_blocks_footer_custom_js":"","_kad_post_transparent":"default","_kad_post_title":"","_kad_post_layout":"default","_kad_post_sidebar_id":"","_kad_post_content_style":"default","_kad_post_vertical_padding":"default","_kad_post_feature":"","_kad_post_feature_position":"","_kad_post_header":false,"_kad_post_footer":false,"_kad_post_classname":""},"product_brand":[1283],"product_cat":[1415],"product_tag":[],"class_list":{"0":"post-45961","1":"product","2":"type-product","3":"status-publish","4":"has-post-thumbnail","6":"product_brand-adidas","7":"product_cat-ameryka-srodkowa-i-polnocna","8":"pa_homeawaythird-third","9":"pa_rozmiar-xl","11":"first","12":"instock","13":"taxable","14":"shipping-taxable","15":"purchasable","16":"product-type-simple","17":"entry","18":"content-bg","19":"loop-entry"},"taxonomy_info":{"product_brand":[{"value":1283,"label":"Adidas"}],"product_cat":[{"value":1415,"label":"Ameryka \u015arodkowa i P\u00f3\u0142nocna"}],"pa_homeawaythird":[{"value":1599,"label":"Third"}],"pa_rozmiar":[{"value":1818,"label":"XL"}]},"featured_image_src_large":["https:\/\/footballthrift.shop\/wp-content\/uploads\/2024\/07\/Photoroom_030_20240711_175755-1024x1024.png",1024,1024,true],"author_info":[],"comment_info":"","_links":{"self":[{"href":"https:\/\/footballthrift.shop\/de\/wp-json\/wp\/v2\/product\/45961","targetHints":{"allow":["GET"]}}],"collection":[{"href":"https:\/\/footballthrift.shop\/de\/wp-json\/wp\/v2\/product"}],"about":[{"href":"https:\/\/footballthrift.shop\/de\/wp-json\/wp\/v2\/types\/product"}],"wp:featuredmedia":[{"embeddable":true,"href":"https:\/\/footballthrift.shop\/de\/wp-json\/wp\/v2\/media\/46235"}],"wp:attachment":[{"href":"https:\/\/footballthrift.shop\/de\/wp-json\/wp\/v2\/media?parent=45961"}],"wp:term":[{"taxonomy":"product_brand","embeddable":true,"href":"https:\/\/footballthrift.shop\/de\/wp-json\/wp\/v2\/product_brand?post=45961"},{"taxonomy":"product_cat","embeddable":true,"href":"https:\/\/footballthrift.shop\/de\/wp-json\/wp\/v2\/product_cat?post=45961"},{"taxonomy":"product_tag","embeddable":true,"href":"https:\/\/footballthrift.shop\/de\/wp-json\/wp\/v2\/product_tag?post=45961"}],"curies":[{"name":"wp","href":"https:\/\/api.w.org\/{rel}","templated":true}]}}