{"id":45947,"date":"2024-07-14T15:28:33","date_gmt":"2024-07-14T13:28:33","guid":{"rendered":"https:\/\/footballthrift.shop\/?post_type=product&#038;p=45947"},"modified":"2026-03-28T17:00:15","modified_gmt":"2026-03-28T16:00:15","slug":"fc-bayern-monachium-2005-07-heim-xxl","status":"publish","type":"product","link":"https:\/\/footballthrift.shop\/de\/fc-bayern-monachium-2005-07-home-xxl\/","title":{"rendered":"Koszulka pi\u0142karska FC Bayern Monachium 2005\/06 Home [XXL]"},"content":{"rendered":"<p><strong>Verein:<\/strong> FC Bayern M\u00fcnchen<\/p>\n<p><strong>Saison:<\/strong> 2005\/06 Heim<\/p>\n<p><strong>Gr\u00f6\u00dfe: <\/strong>XXL<\/p>\n<p><strong>Zustand:<\/strong> Ausgezeichnet<\/p>\n<p><strong>Ma\u00dfe (Achselbreite\/L\u00e4nge) in cm: <\/strong>64\/75(vorne), 87(hinten)<\/p>","protected":false},"excerpt":{"rendered":"<p><strong>Original Bayern M\u00fcnchen Heim-Fu\u00dfballtrikot aus der Saison 2005\/06 von Adidas.\u00a0<\/strong><\/p>\n<p>Heimmodell <strong>Bayern M\u00fcnchen<\/strong> aus der Saison <strong>2005\/06<\/strong>hergestellt von <strong>Adidas<\/strong> w rozmiarze XXL, pochodzi z okresu pe\u0142nej dominacji klubu na krajowym podw\u00f3rku. Dru\u017cyna prowadzona przez Felixa Magatha si\u0119gn\u0119\u0142a w tym sezonie po mistrzostwo Niemiec oraz Puchar Niemiec, kompletuj\u0105c kolejny dublet w swojej historii.<\/p>\n<p>Koszulka zosta\u0142a wyprodukowana w jednolitej czerwonej kolorystyce, b\u0119d\u0105cej znakiem rozpoznawczym <strong>Bayern M\u00fcnchen<\/strong>, a ca\u0142o\u015b\u0107 uzupe\u0142nia bia\u0142y ko\u0142nierzyk, nadaj\u0105cy projektowi elegancki i minimalistyczny charakter. Na froncie centralnie umieszczony zosta\u0142 nadruk sponsora <strong>T-Com<\/strong>, a obok znajduj\u0105 si\u0119 herb klubu z trzema gwiazdkami oraz logo <strong>Adidas<\/strong>, tworz\u0105c klasyczn\u0105 i przejrzyst\u0105 kompozycj\u0119.<\/p>\n<p>W sezonie 2005\/06 barwy <strong>Bayern M\u00fcnchen<\/strong> vertreten u.a. durch. <strong>Michael Ballack<\/strong>, b\u0119d\u0105cy liderem \u015brodka pola, <strong>Roy Makaay<\/strong>, odpowiadaj\u0105cy za skuteczno\u015b\u0107 w ataku, a tak\u017ce <strong>Bastian Schweinsteiger<\/strong>, <strong>Oliver Kahn<\/strong>, <strong>Claudio Pizarro<\/strong> i <strong>Philipp Lahm<\/strong>, kt\u00f3rzy stanowili trzon jednej z najmocniejszych dru\u017cyn w Niemczech.<\/p>\n<p>Das T-Shirt ist aus einem leichten und luftigen Material gefertigt und der XXL-Schnitt entspricht den Standards der <strong>Adidas<\/strong>, und bietet die klassische Passform, die f\u00fcr die Designs der Marke charakteristisch ist.<\/p>\n<p>F\u00fcr Sammler und Fans, die ein originales Heimtrikot suchen <strong>Bayern M\u00fcnchen<\/strong> aus der Saison <strong>2005\/06<\/strong>, stanowi\u0105cej czytelny zapis jednego z dominuj\u0105cych okres\u00f3w w historii klubu.<\/p>","protected":false},"featured_media":46114,"template":"","meta":{"_kad_blocks_custom_css":"","_kad_blocks_head_custom_js":"","_kad_blocks_body_custom_js":"","_kad_blocks_footer_custom_js":"","_kad_post_transparent":"default","_kad_post_title":"","_kad_post_layout":"default","_kad_post_sidebar_id":"","_kad_post_content_style":"default","_kad_post_vertical_padding":"default","_kad_post_feature":"","_kad_post_feature_position":"","_kad_post_header":false,"_kad_post_footer":false,"_kad_post_classname":""},"product_brand":[1283],"product_cat":[1455],"product_tag":[],"class_list":{"0":"post-45947","1":"product","2":"type-product","3":"status-publish","4":"has-post-thumbnail","6":"product_brand-adidas","7":"product_cat-kluby-niemieckie-fcbayernmonachium","8":"pa_homeawaythird-home","9":"pa_rozmiar-xxl","11":"first","12":"instock","13":"taxable","14":"shipping-taxable","15":"purchasable","16":"product-type-simple","17":"entry","18":"content-bg","19":"loop-entry"},"taxonomy_info":{"product_brand":[{"value":1283,"label":"Adidas"}],"product_cat":[{"value":1455,"label":"FC Bayern Monachium"}],"pa_homeawaythird":[{"value":1597,"label":"Home"}],"pa_rozmiar":[{"value":1819,"label":"XXL"}]},"featured_image_src_large":["https:\/\/footballthrift.shop\/wp-content\/uploads\/2024\/07\/Photoroom_002_20240711_175755-1024x1024.png",1024,1024,true],"author_info":[],"comment_info":"","_links":{"self":[{"href":"https:\/\/footballthrift.shop\/de\/wp-json\/wp\/v2\/product\/45947","targetHints":{"allow":["GET"]}}],"collection":[{"href":"https:\/\/footballthrift.shop\/de\/wp-json\/wp\/v2\/product"}],"about":[{"href":"https:\/\/footballthrift.shop\/de\/wp-json\/wp\/v2\/types\/product"}],"wp:featuredmedia":[{"embeddable":true,"href":"https:\/\/footballthrift.shop\/de\/wp-json\/wp\/v2\/media\/46114"}],"wp:attachment":[{"href":"https:\/\/footballthrift.shop\/de\/wp-json\/wp\/v2\/media?parent=45947"}],"wp:term":[{"taxonomy":"product_brand","embeddable":true,"href":"https:\/\/footballthrift.shop\/de\/wp-json\/wp\/v2\/product_brand?post=45947"},{"taxonomy":"product_cat","embeddable":true,"href":"https:\/\/footballthrift.shop\/de\/wp-json\/wp\/v2\/product_cat?post=45947"},{"taxonomy":"product_tag","embeddable":true,"href":"https:\/\/footballthrift.shop\/de\/wp-json\/wp\/v2\/product_tag?post=45947"}],"curies":[{"name":"wp","href":"https:\/\/api.w.org\/{rel}","templated":true}]}}