{"id":45338,"date":"2024-07-07T15:47:52","date_gmt":"2024-07-07T13:47:52","guid":{"rendered":"https:\/\/footballthrift.shop\/?post_type=product&#038;p=45338"},"modified":"2026-04-03T12:23:40","modified_gmt":"2026-04-03T10:23:40","slug":"niemcy-1996-98-away-m","status":"publish","type":"product","link":"https:\/\/footballthrift.shop\/de\/niemcy-1996-98-away-m\/","title":{"rendered":"Koszulka pi\u0142karska Niemcy 1996\/98 Away [M]"},"content":{"rendered":"<p><strong>Verein:<\/strong> Deutschland<\/p>\n<p><strong>Saison:<\/strong> 1996\/98 Ausw\u00e4rts<\/p>\n<p><strong>Gr\u00f6\u00dfe: <\/strong>M<\/p>\n<p><strong>Zustand:<\/strong> Zufriedenstellend - ein gr\u00f6\u00dferer Zug auf der Vorderseite und mehrere kleinere auf der Vorder- und R\u00fcckseite des Hemdes.<\/p>\n<p><strong>Ma\u00dfe (Achselbreite\/L\u00e4nge) in cm: <\/strong>57\/72<\/p>","protected":false},"excerpt":{"rendered":"<p><strong>Oryginalna wyjazdowa koszulka pi\u0142karska reprezentacji Niemiec z lat 1996\/98 produkcji Adidasa.\u00a0<\/strong><\/p>\n<p>Ausw\u00e4rtsmodell <strong>die deutsche Nationalmannschaft<\/strong> im Laufe der Jahre <strong>1996\/98<\/strong>hergestellt von <strong>Adidas<\/strong> w rozmiarze M, pochodzi z jednego z najbardziej pami\u0119tnych okres\u00f3w w historii kadry, zwie\u0144czonego triumfem na Euro 1996. Dru\u017cyna prowadzona przez Bertiego Vogtsa si\u0119gn\u0119\u0142a po tytu\u0142 mistrz\u00f3w Europy, potwierdzaj\u0105c swoj\u0105 dominacj\u0119 na kontynencie.<\/p>\n<p>Koszulka zosta\u0142a wyprodukowana na ciemnozielonej bazie, opartej na kultowym wzorze <strong>Adidas<\/strong>, a jej charakterystycznym elementem s\u0105 d\u0142ugie bia\u0142e paski biegn\u0105ce wzd\u0142u\u017c r\u0119kawk\u00f3w oraz po boku frontu. Ca\u0142o\u015b\u0107 uzupe\u0142nia ko\u0142nierz z wyko\u0144czeniem w kolorach czarnym, \u017c\u00f3\u0142tym i czerwonym, nawi\u0105zuj\u0105cym do barw narodowych <strong>die deutsche Nationalmannschaft<\/strong>, co nadaje projektowi wyj\u0105tkowego charakteru.<\/p>\n<p>In diesem Zeitraum wurden die Farben <strong>die deutsche Nationalmannschaft<\/strong> vertreten u.a. durch. <strong>Matthias Sammer<\/strong>, jeden z kluczowych zawodnik\u00f3w turnieju i lider zespo\u0142u, <strong>J\u00fcrgen Klinsmann<\/strong>, kapitan dru\u017cyny, oraz <strong>Oliver Bierhoff<\/strong>, autor z\u0142otego gola w finale Euro 1996. Kadra imponowa\u0142a organizacj\u0105 gry, skuteczno\u015bci\u0105 i do\u015bwiadczeniem, co pozwoli\u0142o jej si\u0119gn\u0105\u0107 po mistrzostwo Europy.<\/p>\n<p>Das T-Shirt ist aus einem leichten und luftigen Material gefertigt und der Schnitt in Gr\u00f6\u00dfe M entspricht den Standards der <strong>Adidas<\/strong>, und bietet die klassische Passform, die f\u00fcr die Designs der Marke charakteristisch ist.<\/p>\n<p>Dies ist f\u00fcr Sammler und Fans, die ein originales Ausw\u00e4rtstrikot suchen <strong>die deutsche Nationalmannschaft<\/strong> im Laufe der Jahre <strong>1996\/98<\/strong>, stanowi\u0105cej czytelny zapis triumfu kadry na Euro 1996.<\/p>","protected":false},"featured_media":45443,"template":"","meta":{"_kad_blocks_custom_css":"","_kad_blocks_head_custom_js":"","_kad_blocks_body_custom_js":"","_kad_blocks_footer_custom_js":"","_kad_post_transparent":"default","_kad_post_title":"","_kad_post_layout":"default","_kad_post_sidebar_id":"","_kad_post_content_style":"default","_kad_post_vertical_padding":"default","_kad_post_feature":"","_kad_post_feature_position":"","_kad_post_header":false,"_kad_post_footer":false,"_kad_post_classname":""},"product_brand":[1283],"product_cat":[1477],"product_tag":[],"class_list":{"0":"post-45338","1":"product","2":"type-product","3":"status-publish","4":"has-post-thumbnail","6":"product_brand-adidas","7":"product_cat-reprezentacja-niemiec","8":"pa_homeawaythird-away","9":"pa_rozmiar-m","11":"first","12":"instock","13":"taxable","14":"shipping-taxable","15":"purchasable","16":"product-type-simple","17":"entry","18":"content-bg","19":"loop-entry"},"taxonomy_info":{"product_brand":[{"value":1283,"label":"Adidas"}],"product_cat":[{"value":1477,"label":"Niemcy"}],"pa_homeawaythird":[{"value":1598,"label":"Away"}],"pa_rozmiar":[{"value":1816,"label":"M"}]},"featured_image_src_large":["https:\/\/footballthrift.shop\/wp-content\/uploads\/2024\/07\/Photoroom_032_20240702_155531-1024x1024.png",1024,1024,true],"author_info":[],"comment_info":"","_links":{"self":[{"href":"https:\/\/footballthrift.shop\/de\/wp-json\/wp\/v2\/product\/45338","targetHints":{"allow":["GET"]}}],"collection":[{"href":"https:\/\/footballthrift.shop\/de\/wp-json\/wp\/v2\/product"}],"about":[{"href":"https:\/\/footballthrift.shop\/de\/wp-json\/wp\/v2\/types\/product"}],"wp:featuredmedia":[{"embeddable":true,"href":"https:\/\/footballthrift.shop\/de\/wp-json\/wp\/v2\/media\/45443"}],"wp:attachment":[{"href":"https:\/\/footballthrift.shop\/de\/wp-json\/wp\/v2\/media?parent=45338"}],"wp:term":[{"taxonomy":"product_brand","embeddable":true,"href":"https:\/\/footballthrift.shop\/de\/wp-json\/wp\/v2\/product_brand?post=45338"},{"taxonomy":"product_cat","embeddable":true,"href":"https:\/\/footballthrift.shop\/de\/wp-json\/wp\/v2\/product_cat?post=45338"},{"taxonomy":"product_tag","embeddable":true,"href":"https:\/\/footballthrift.shop\/de\/wp-json\/wp\/v2\/product_tag?post=45338"}],"curies":[{"name":"wp","href":"https:\/\/api.w.org\/{rel}","templated":true}]}}