{"id":45337,"date":"2024-07-07T15:47:52","date_gmt":"2024-07-07T13:47:52","guid":{"rendered":"https:\/\/footballthrift.shop\/?post_type=product&#038;p=45337"},"modified":"2026-04-02T16:42:18","modified_gmt":"2026-04-02T14:42:18","slug":"niemcy-1996-98-home-xxl","status":"publish","type":"product","link":"https:\/\/footballthrift.shop\/de\/niemcy-1996-98-home-xxl\/","title":{"rendered":"Koszulka pi\u0142karska Niemcy 1996\/98 Home [XXL]"},"content":{"rendered":"<p><strong>Verein:<\/strong> Deutschland<\/p>\n<p><strong>Saison:<\/strong> 1996\/98 Heim<\/p>\n<p><strong>Gr\u00f6\u00dfe: <\/strong>XXL<\/p>\n<p><strong>Zustand:<\/strong> Sehr gut - ein paar kleine Risse auf der R\u00fcckseite.<\/p>\n<p><strong>Ma\u00dfe (Achselbreite\/L\u00e4nge) in cm: <\/strong>65\/80<\/p>\n<p>&nbsp;<\/p>","protected":false},"excerpt":{"rendered":"<p><strong>Original Heimtrikot der deutschen Nationalmannschaft aus den Jahren 1996\/98, hergestellt von Adidas.\u00a0<\/strong><\/p>\n<p>Heimmodell <strong>die deutsche Nationalmannschaft<\/strong> im Laufe der Jahre <strong>1996\/98<\/strong>hergestellt von <strong>Adidas<\/strong> w rozmiarze XXL, pochodzi z okresu bezpo\u015brednio po triumfie na Euro 1996, kiedy kadra utrzymywa\u0142a status jednej z najmocniejszych dru\u017cyn w Europie. Zesp\u00f3\u0142 prowadzony przez Bertiego Vogtsa opiera\u0142 si\u0119 na stabilnym sk\u0142adzie i konsekwentnym stylu gry, charakterystycznym dla tamtej generacji.<\/p>\n<p>Koszulka zosta\u0142a wyprodukowana na klasycznej bia\u0142ej bazie, uzupe\u0142nionej czarno-\u017c\u00f3\u0142tymi akcentami na ko\u0142nierzyku oraz r\u0119kawkach, kt\u00f3re nawi\u0105zuj\u0105 do narodowych barw <strong>die deutsche Nationalmannschaft<\/strong>. Die Vorderseite zeigt ein minimalistisches Logo <strong>Adidas<\/strong>, a po lewej stronie klatki piersiowej umieszczono herb federacji z trzema gwiazdkami. Ca\u0142o\u015b\u0107 utrzymana jest w prostym, ponadczasowym stylu typowym dla projekt\u00f3w tej marki z ko\u0144c\u00f3wki lat 90. Koszulka posiada r\u00f3wnie\u017c charakterystyczny emblemat upami\u0119tniaj\u0105cy przyznanie Niemcom organizacji Mistrzostw \u015awiata 2006.<\/p>\n<p>In diesem Zeitraum wurden die Farben <strong>die deutsche Nationalmannschaft<\/strong> vertreten u.a. durch. <strong>J\u00fcrgen Klinsmann<\/strong>, einer der Anf\u00fchrer der Offensive, <strong>Matthias Sammer<\/strong>, eine Schl\u00fcsselfigur im Mittelfeld und im defensiven Mittelfeld, und <strong>Andreas K\u00f6pke<\/strong>, odpowiadaj\u0105cy za pewno\u015b\u0107 mi\u0119dzy s\u0142upkami. Kadra \u0142\u0105czy\u0142a do\u015bwiadczenie z jako\u015bci\u0105, utrzymuj\u0105c wysok\u0105 pozycj\u0119 w europejskiej pi\u0142ce.<\/p>\n<p>Das T-Shirt ist aus einem leichten und luftigen Material gefertigt und der XXL-Schnitt entspricht den Standards der <strong>Adidas<\/strong>, und bietet die klassische Passform, die f\u00fcr die Designs der Marke charakteristisch ist.<\/p>\n<p>F\u00fcr Sammler und Fans, die ein originales Heimtrikot suchen <strong>die deutsche Nationalmannschaft<\/strong> im Laufe der Jahre <strong>1996\/98<\/strong>, die eine klare Aufzeichnung der Meisterschaftsperiode in der Geschichte der Mannschaft bietet.<\/p>","protected":false},"featured_media":45434,"template":"","meta":{"_kad_blocks_custom_css":"","_kad_blocks_head_custom_js":"","_kad_blocks_body_custom_js":"","_kad_blocks_footer_custom_js":"","_kad_post_transparent":"default","_kad_post_title":"","_kad_post_layout":"default","_kad_post_sidebar_id":"","_kad_post_content_style":"default","_kad_post_vertical_padding":"default","_kad_post_feature":"","_kad_post_feature_position":"","_kad_post_header":false,"_kad_post_footer":false,"_kad_post_classname":""},"product_brand":[1283],"product_cat":[1477],"product_tag":[],"class_list":{"0":"post-45337","1":"product","2":"type-product","3":"status-publish","4":"has-post-thumbnail","6":"product_brand-adidas","7":"product_cat-reprezentacja-niemiec","8":"pa_homeawaythird-home","9":"pa_rozmiar-xxl","11":"first","12":"instock","13":"taxable","14":"shipping-taxable","15":"purchasable","16":"product-type-simple","17":"entry","18":"content-bg","19":"loop-entry"},"taxonomy_info":{"product_brand":[{"value":1283,"label":"Adidas"}],"product_cat":[{"value":1477,"label":"Niemcy"}],"pa_homeawaythird":[{"value":1597,"label":"Home"}],"pa_rozmiar":[{"value":1819,"label":"XXL"}]},"featured_image_src_large":["https:\/\/footballthrift.shop\/wp-content\/uploads\/2024\/07\/Photoroom_010_20240703_130829-1024x1024.png",1024,1024,true],"author_info":[],"comment_info":"","_links":{"self":[{"href":"https:\/\/footballthrift.shop\/de\/wp-json\/wp\/v2\/product\/45337","targetHints":{"allow":["GET"]}}],"collection":[{"href":"https:\/\/footballthrift.shop\/de\/wp-json\/wp\/v2\/product"}],"about":[{"href":"https:\/\/footballthrift.shop\/de\/wp-json\/wp\/v2\/types\/product"}],"wp:featuredmedia":[{"embeddable":true,"href":"https:\/\/footballthrift.shop\/de\/wp-json\/wp\/v2\/media\/45434"}],"wp:attachment":[{"href":"https:\/\/footballthrift.shop\/de\/wp-json\/wp\/v2\/media?parent=45337"}],"wp:term":[{"taxonomy":"product_brand","embeddable":true,"href":"https:\/\/footballthrift.shop\/de\/wp-json\/wp\/v2\/product_brand?post=45337"},{"taxonomy":"product_cat","embeddable":true,"href":"https:\/\/footballthrift.shop\/de\/wp-json\/wp\/v2\/product_cat?post=45337"},{"taxonomy":"product_tag","embeddable":true,"href":"https:\/\/footballthrift.shop\/de\/wp-json\/wp\/v2\/product_tag?post=45337"}],"curies":[{"name":"wp","href":"https:\/\/api.w.org\/{rel}","templated":true}]}}