{"id":45335,"date":"2024-07-07T15:47:53","date_gmt":"2024-07-07T13:47:53","guid":{"rendered":"https:\/\/footballthrift.shop\/?post_type=product&#038;p=45335"},"modified":"2026-04-02T16:17:21","modified_gmt":"2026-04-02T14:17:21","slug":"kurtka-niemcy-2013-s","status":"publish","type":"product","link":"https:\/\/footballthrift.shop\/de\/kurtka-niemcy-2013-s\/","title":{"rendered":"Kurtka pi\u0142karska Niemcy 2014\/16 [S]"},"content":{"rendered":"<p><strong>Verein:<\/strong> Deutschland<\/p>\n<p><strong>Saison:<\/strong> 2014\/16<\/p>\n<p><strong>Gr\u00f6\u00dfe: <\/strong>S<\/p>\n<p><strong>Zustand:<\/strong> Ausgezeichnet<\/p>\n<p><strong>Ma\u00dfe (Achselbreite\/L\u00e4nge) in cm: <\/strong>54\/75<\/p>","protected":false},"excerpt":{"rendered":"<p><strong>Original Fu\u00dfball-Trainingsjacke der deutschen Nationalmannschaft 2014\/16 von Adidas.\u00a0<\/strong><\/p>\n<p>Ausbildungsmodell <strong>die deutsche Nationalmannschaft<\/strong> im Laufe der Jahre <strong>2014\/16<\/strong>hergestellt von <strong>Adidas<\/strong> w rozmiarze S, pochodzi z okresu najwi\u0119kszego sukcesu w najnowszej historii kadry, zwie\u0144czonego zdobyciem mistrzostwa \u015bwiata w 2014 roku. By\u0142 to czas dominacji zespo\u0142u Joachima L\u00f6wa, kt\u00f3ry wyznacza\u0142 standardy nowoczesnej, ofensywnej gry.<\/p>\n<p>Kurtka zosta\u0142a wyprodukowana na czarnej bazie, a jej charakterystycznym elementem s\u0105 srebrne paski charakterystyczne dla projekt\u00f3w Adidasa umieszczone na r\u0119kawach oraz czerwone panele w g\u00f3rnych cz\u0119\u015bciach r\u0119kaw\u00f3w, nadaj\u0105ce ca\u0142o\u015bci dynamiczny wygl\u0105d. Model wyposa\u017cony jest w zamek b\u0142yskawiczny oraz kaptur, co podkre\u015bla jego funkcjonalny, treningowy charakter.<\/p>\n<p>In diesem Zeitraum wurden die Farben <strong>die deutsche Nationalmannschaft<\/strong> reprezentowali m.in. zawodnicy, kt\u00f3rzy si\u0119gn\u0119li po mistrzostwo \u015bwiata, tworz\u0105c jeden z najmocniejszych sk\u0142ad\u00f3w w historii kadry i dominuj\u0105c na arenie mi\u0119dzynarodowej.<\/p>\n<p>Kurtka zosta\u0142a wykonana z lekkiego materia\u0142u, a kr\u00f3j w rozmiarze S odpowiada standardom <strong>Adidas<\/strong>, Dadurch wird eine bequeme Nutzung sowohl w\u00e4hrend der Ausbildung als auch im Alltag gew\u00e4hrleistet.<\/p>\n<p>F\u00fcr Sammler und Fans, die eine originale Fu\u00dfballjacke suchen <strong>die deutsche Nationalmannschaft<\/strong> im Laufe der Jahre <strong>2014\/16<\/strong>, eine der erfolgreichsten Perioden in der Geschichte der Mannschaft.<\/p>","protected":false},"featured_media":45418,"template":"","meta":{"_kad_blocks_custom_css":"","_kad_blocks_head_custom_js":"","_kad_blocks_body_custom_js":"","_kad_blocks_footer_custom_js":"","_kad_post_transparent":"default","_kad_post_title":"","_kad_post_layout":"default","_kad_post_sidebar_id":"","_kad_post_content_style":"default","_kad_post_vertical_padding":"default","_kad_post_feature":"","_kad_post_feature_position":"","_kad_post_header":false,"_kad_post_footer":false,"_kad_post_classname":""},"product_brand":[1283],"product_cat":[1477,1423],"product_tag":[],"class_list":{"0":"post-45335","1":"product","2":"type-product","3":"status-publish","4":"has-post-thumbnail","6":"product_brand-adidas","7":"product_cat-reprezentacja-niemiec","8":"product_cat-kurtkibluzytrening","9":"pa_rozmiar-s","11":"first","12":"instock","13":"taxable","14":"shipping-taxable","15":"purchasable","16":"product-type-simple","17":"entry","18":"content-bg","19":"loop-entry"},"taxonomy_info":{"product_brand":[{"value":1283,"label":"Adidas"}],"product_cat":[{"value":1477,"label":"Niemcy"},{"value":1423,"label":"Kurtki\/bluzy\/trening"}],"pa_rozmiar":[{"value":1815,"label":"S"}]},"featured_image_src_large":["https:\/\/footballthrift.shop\/wp-content\/uploads\/2024\/07\/Photoroom_036_20240702_155531-1024x1024.png",1024,1024,true],"author_info":[],"comment_info":"","_links":{"self":[{"href":"https:\/\/footballthrift.shop\/de\/wp-json\/wp\/v2\/product\/45335","targetHints":{"allow":["GET"]}}],"collection":[{"href":"https:\/\/footballthrift.shop\/de\/wp-json\/wp\/v2\/product"}],"about":[{"href":"https:\/\/footballthrift.shop\/de\/wp-json\/wp\/v2\/types\/product"}],"wp:featuredmedia":[{"embeddable":true,"href":"https:\/\/footballthrift.shop\/de\/wp-json\/wp\/v2\/media\/45418"}],"wp:attachment":[{"href":"https:\/\/footballthrift.shop\/de\/wp-json\/wp\/v2\/media?parent=45335"}],"wp:term":[{"taxonomy":"product_brand","embeddable":true,"href":"https:\/\/footballthrift.shop\/de\/wp-json\/wp\/v2\/product_brand?post=45335"},{"taxonomy":"product_cat","embeddable":true,"href":"https:\/\/footballthrift.shop\/de\/wp-json\/wp\/v2\/product_cat?post=45335"},{"taxonomy":"product_tag","embeddable":true,"href":"https:\/\/footballthrift.shop\/de\/wp-json\/wp\/v2\/product_tag?post=45335"}],"curies":[{"name":"wp","href":"https:\/\/api.w.org\/{rel}","templated":true}]}}