{"id":45334,"date":"2024-07-07T15:47:54","date_gmt":"2024-07-07T13:47:54","guid":{"rendered":"https:\/\/footballthrift.shop\/?post_type=product&#038;p=45334"},"modified":"2026-04-02T16:14:58","modified_gmt":"2026-04-02T14:14:58","slug":"player-issue-niemcy-2010-12-home-l","status":"publish","type":"product","link":"https:\/\/footballthrift.shop\/de\/player-issue-niemcy-2010-12-home-l\/","title":{"rendered":"Koszulka pi\u0142karska AUTHENTIC Niemcy 2010\/12 Home [L]"},"content":{"rendered":"<p><strong>Verein:<\/strong> Deutschland<\/p>\n<p><strong>Saison:<\/strong> 2010\/12 Startseite<\/p>\n<p><strong>Gr\u00f6\u00dfe: <\/strong>L<\/p>\n<p><strong>Zustand:<\/strong> Ausgezeichnet<\/p>\n<p><strong>Ma\u00dfe (Achselbreite\/L\u00e4nge) in cm: <\/strong>54\/74(vorne), 79(hinten)<\/p>","protected":false},"excerpt":{"rendered":"<p><strong>Original Heimtrikot der deutschen Fu\u00dfballnationalmannschaft 2010\/12 von Adidas.\u00a0<\/strong><\/p>\n<p>Heimmodell <strong>die deutsche Nationalmannschaft<\/strong> im Laufe der Jahre <strong>2010\/12<\/strong>hergestellt von <strong>Adidas<\/strong> w rozmiarze L, pochodzi z okresu, w kt\u00f3rym kadra nale\u017ca\u0142a do \u015bcis\u0142ej \u015bwiatowej czo\u0142\u00f3wki. Dru\u017cyna prowadzona przez Joachima L\u00f6wa zachwyca\u0142a ofensywnym stylem gry i m\u0142odym, dynamicznym sk\u0142adem, a na Mistrzostwach \u015awiata 2010 dotar\u0142a do p\u00f3\u0142fina\u0142u, prezentuj\u0105c jeden z najbardziej efektownych futboli turnieju.<\/p>\n<p>Das T-Shirt wurde auf einem klassischen wei\u00dfen Untergrund hergestellt, einem Markenzeichen der <strong>die deutsche Nationalmannschaft<\/strong>, a ca\u0142o\u015b\u0107 uzupe\u0142niaj\u0105 czarne paski charakterystyczne dla projekt\u00f3w Adidasa umieszczone na r\u0119kawkach oraz z\u0142ote wyko\u0144czenia r\u0119kawk\u00f3w, nadaj\u0105ce projektowi elegancki charakter. Minimalistyczny uk\u0142ad kolorystyczny podkre\u015bla nowoczesn\u0105 estetyk\u0119 tej generacji koszulek.<\/p>\n<p>Koszulka oznaczona jest jako wersja <strong>AUTHENTISCH<\/strong>, was auf den Einsatz von Technologie zur\u00fcckzuf\u00fchren ist <strong>Formotion<\/strong>, wykorzystywanej w modelach przeznaczonych do gry na najwy\u017cszym poziomie. Rozwi\u0105zanie to wp\u0142ywa\u0142o na dopasowanie i funkcjonalno\u015b\u0107 koszulki w warunkach meczowych.<\/p>\n<p>Das T-Shirt ist aus einem leichten und luftigen Material gefertigt und der Schnitt in Gr\u00f6\u00dfe L entspricht den Standards der <strong>Adidas<\/strong>, und sorgt f\u00fcr eine Passform, die dem Design der Marke entspricht.<\/p>\n<p>F\u00fcr Sammler und Fans, die ein originales Heimtrikot suchen <strong>die deutsche Nationalmannschaft<\/strong> im Laufe der Jahre <strong>2010\/12<\/strong>, und zeichnet damit eine der eindrucksvollsten Perioden in der Geschichte des Kaders auf.<\/p>","protected":false},"featured_media":45410,"template":"","meta":{"_kad_blocks_custom_css":"","_kad_blocks_head_custom_js":"","_kad_blocks_body_custom_js":"","_kad_blocks_footer_custom_js":"","_kad_post_transparent":"default","_kad_post_title":"","_kad_post_layout":"default","_kad_post_sidebar_id":"","_kad_post_content_style":"default","_kad_post_vertical_padding":"default","_kad_post_feature":"","_kad_post_feature_position":"","_kad_post_header":false,"_kad_post_footer":false,"_kad_post_classname":""},"product_brand":[1283],"product_cat":[1477],"product_tag":[],"class_list":{"0":"post-45334","1":"product","2":"type-product","3":"status-publish","4":"has-post-thumbnail","6":"product_brand-adidas","7":"product_cat-reprezentacja-niemiec","8":"pa_homeawaythird-home","9":"pa_rozmiar-l","11":"first","12":"instock","13":"taxable","14":"shipping-taxable","15":"purchasable","16":"product-type-simple","17":"entry","18":"content-bg","19":"loop-entry"},"taxonomy_info":{"product_brand":[{"value":1283,"label":"Adidas"}],"product_cat":[{"value":1477,"label":"Niemcy"}],"pa_homeawaythird":[{"value":1597,"label":"Home"}],"pa_rozmiar":[{"value":1817,"label":"L"}]},"featured_image_src_large":["https:\/\/footballthrift.shop\/wp-content\/uploads\/2024\/07\/Photoroom_030_20240702_155531-1024x1024.png",1024,1024,true],"author_info":[],"comment_info":"","_links":{"self":[{"href":"https:\/\/footballthrift.shop\/de\/wp-json\/wp\/v2\/product\/45334","targetHints":{"allow":["GET"]}}],"collection":[{"href":"https:\/\/footballthrift.shop\/de\/wp-json\/wp\/v2\/product"}],"about":[{"href":"https:\/\/footballthrift.shop\/de\/wp-json\/wp\/v2\/types\/product"}],"wp:featuredmedia":[{"embeddable":true,"href":"https:\/\/footballthrift.shop\/de\/wp-json\/wp\/v2\/media\/45410"}],"wp:attachment":[{"href":"https:\/\/footballthrift.shop\/de\/wp-json\/wp\/v2\/media?parent=45334"}],"wp:term":[{"taxonomy":"product_brand","embeddable":true,"href":"https:\/\/footballthrift.shop\/de\/wp-json\/wp\/v2\/product_brand?post=45334"},{"taxonomy":"product_cat","embeddable":true,"href":"https:\/\/footballthrift.shop\/de\/wp-json\/wp\/v2\/product_cat?post=45334"},{"taxonomy":"product_tag","embeddable":true,"href":"https:\/\/footballthrift.shop\/de\/wp-json\/wp\/v2\/product_tag?post=45334"}],"curies":[{"name":"wp","href":"https:\/\/api.w.org\/{rel}","templated":true}]}}