{"id":45330,"date":"2024-07-07T15:47:56","date_gmt":"2024-07-07T13:47:56","guid":{"rendered":"https:\/\/footballthrift.shop\/?post_type=product&#038;p=45330"},"modified":"2026-04-02T15:56:33","modified_gmt":"2026-04-02T13:56:33","slug":"luksemburg-2006-07-home-8-xxl","status":"publish","type":"product","link":"https:\/\/footballthrift.shop\/de\/luksemburg-2006-07-home-8-xxl\/","title":{"rendered":"Koszulka pi\u0142karska Luksemburg 2006\/07 Home 8 [XXL]"},"content":{"rendered":"<p><strong>Verein:<\/strong> Luxemburg<\/p>\n<p><strong>Saison:<\/strong> 2006\/07 Startseite<\/p>\n<p><strong>Gr\u00f6\u00dfe: <\/strong>XXL<\/p>\n<p><strong>Zustand:<\/strong> Sehr gut - stark verbogene Figuren auf Vorder- und R\u00fcckseite.<\/p>\n<p><strong>Ma\u00dfe (Achselbreite\/L\u00e4nge) in cm: <\/strong>55\/77<\/p>","protected":false},"excerpt":{"rendered":"<p><strong>Original Heim-Fu\u00dfballtrikot der luxemburgischen Nationalmannschaft aus der Saison 2006\/07 von Erre\u00e0.\u00a0<\/strong><\/p>\n<p>Heimmodell <strong>die luxemburgische Nationalmannschaft<\/strong> aus der Saison <strong>2006\/07<\/strong>hergestellt von <strong>Erre\u00e0<\/strong> im XXL-Format, geht auf eine Zeit zur\u00fcck, in der die Nationalmannschaft in der Qualifikation f\u00fcr internationale Turniere wetteiferte, um ihre Position im europ\u00e4ischen Fu\u00dfball zu festigen. Es war eine Zeit der allm\u00e4hlichen Entwicklung der Nationalmannschaft, die sich trotz ihres begrenzten Potenzials regelm\u00e4\u00dfig mit st\u00e4rkeren Gegnern messen musste.<\/p>\n<p>Das T-Shirt wurde auf einem roten Untergrund hergestellt, dem Markenzeichen der <strong>die luxemburgische Nationalmannschaft<\/strong>, und wird durch eine lang\u00e4rmelige Version erg\u00e4nzt, die ihm eine klassische Note verleiht. Auf dem R\u00fccken und der Vorderseite ist die Nummer 8 zu sehen, ganz im Sinne der schlichten und funktionalen \u00c4sthetik der Designs. <strong>Erre\u00e0<\/strong> aus dieser Zeit.<\/p>\n<p><strong>Luxemburgische Nationalmannschaft<\/strong> ist im Laufe der Jahre eine der kleineren Fu\u00dfballnationen in Europa geblieben, aber ihre Geschichte reicht bis ins fr\u00fche 20. Jahrhundert zur\u00fcck, und ihr gr\u00f6\u00dfter Erfolg bleibt die Teilnahme an den Olympischen Spielen 1920. Einige der bekanntesten Spieler in der Geschichte der Mannschaft sind. <strong>Jeff Strasser<\/strong>, ein langj\u00e4hriger Verteidigungsleiter und nationaler Vertreter, und <strong>Louis Pilot<\/strong>, der als eine der gr\u00f6\u00dften Legenden des luxemburgischen Fu\u00dfballs gilt.<\/p>\n<p>Das T-Shirt ist aus leichtem und dehnbarem Material gefertigt und der XXL-Schnitt entspricht den Standards der <strong>Erre\u00e0<\/strong>, und bietet die klassische Passform, die f\u00fcr die Designs der Marke charakteristisch ist.<\/p>\n<p>F\u00fcr Sammler und Fans, die ein originales Heimtrikot suchen <strong>die luxemburgische Nationalmannschaft<\/strong> aus der Saison <strong>2006\/07<\/strong>, Damit wird die Entwicklung einer der unscheinbarsten Vertretungen Europas anschaulich dokumentiert.<\/p>","protected":false},"featured_media":45373,"template":"","meta":{"_kad_blocks_custom_css":"","_kad_blocks_head_custom_js":"","_kad_blocks_body_custom_js":"","_kad_blocks_footer_custom_js":"","_kad_post_transparent":"default","_kad_post_title":"","_kad_post_layout":"default","_kad_post_sidebar_id":"","_kad_post_content_style":"default","_kad_post_vertical_padding":"default","_kad_post_feature":"","_kad_post_feature_position":"","_kad_post_header":false,"_kad_post_footer":false,"_kad_post_classname":""},"product_brand":[1300],"product_cat":[1489],"product_tag":[],"class_list":{"0":"post-45330","1":"product","2":"type-product","3":"status-publish","4":"has-post-thumbnail","6":"product_brand-errea","7":"product_cat-pozostale-reprezentacje-europa","8":"pa_homeawaythird-home","9":"pa_rozmiar-xxl","11":"first","12":"instock","13":"taxable","14":"shipping-taxable","15":"purchasable","16":"product-type-simple","17":"entry","18":"content-bg","19":"loop-entry"},"taxonomy_info":{"product_brand":[{"value":1300,"label":"Errea"}],"product_cat":[{"value":1489,"label":"Pozosta\u0142e"}],"pa_homeawaythird":[{"value":1597,"label":"Home"}],"pa_rozmiar":[{"value":1819,"label":"XXL"}]},"featured_image_src_large":["https:\/\/footballthrift.shop\/wp-content\/uploads\/2024\/07\/Photoroom_064_20240702_155531-1024x1024.png",1024,1024,true],"author_info":[],"comment_info":"","_links":{"self":[{"href":"https:\/\/footballthrift.shop\/de\/wp-json\/wp\/v2\/product\/45330","targetHints":{"allow":["GET"]}}],"collection":[{"href":"https:\/\/footballthrift.shop\/de\/wp-json\/wp\/v2\/product"}],"about":[{"href":"https:\/\/footballthrift.shop\/de\/wp-json\/wp\/v2\/types\/product"}],"wp:featuredmedia":[{"embeddable":true,"href":"https:\/\/footballthrift.shop\/de\/wp-json\/wp\/v2\/media\/45373"}],"wp:attachment":[{"href":"https:\/\/footballthrift.shop\/de\/wp-json\/wp\/v2\/media?parent=45330"}],"wp:term":[{"taxonomy":"product_brand","embeddable":true,"href":"https:\/\/footballthrift.shop\/de\/wp-json\/wp\/v2\/product_brand?post=45330"},{"taxonomy":"product_cat","embeddable":true,"href":"https:\/\/footballthrift.shop\/de\/wp-json\/wp\/v2\/product_cat?post=45330"},{"taxonomy":"product_tag","embeddable":true,"href":"https:\/\/footballthrift.shop\/de\/wp-json\/wp\/v2\/product_tag?post=45330"}],"curies":[{"name":"wp","href":"https:\/\/api.w.org\/{rel}","templated":true}]}}