{"id":45322,"date":"2024-07-07T15:47:41","date_gmt":"2024-07-07T13:47:41","guid":{"rendered":"https:\/\/footballthrift.shop\/?post_type=product&#038;p=45322"},"modified":"2026-04-10T12:15:41","modified_gmt":"2026-04-10T10:15:41","slug":"francja-2015-away-s","status":"publish","type":"product","link":"https:\/\/footballthrift.shop\/de\/francja-2015-away-s\/","title":{"rendered":"Koszulka pi\u0142karska Francja 2015\/16 Away [S]"},"content":{"rendered":"<p><strong>Verein:<\/strong> Frankreich<\/p>\n<p><strong>Saison:<\/strong> 2015 Ausw\u00e4rts<\/p>\n<p><strong>Gr\u00f6\u00dfe: <\/strong>S<\/p>\n<p><strong>Zustand:<\/strong> Befriedigend - Verschmutzung im Schulterbereich und am \u00c4rmel auf dem R\u00fccken.<\/p>\n<p><strong>Ma\u00dfe (Achselbreite\/L\u00e4nge) in cm: <\/strong>48\/72<\/p>","protected":false},"excerpt":{"rendered":"<p><strong>Oryginalna wyjazdowa koszulka pi\u0142karska reprezentacji Francji z lat 2015\/16 produkcji Nike.\u00a0<\/strong><\/p>\n<p>Ausw\u00e4rtsmodell <strong>die franz\u00f6sische Nationalmannschaft<\/strong> im Laufe der Jahre <strong>2015\/16<\/strong>hergestellt von <strong>Nike<\/strong> w rozmiarze S, by\u0142 wykorzystywany w meczach towarzyskich poprzedzaj\u0105cych Euro 2016, kt\u00f3rego Francja by\u0142a gospodarzem. By\u0142 to okres budowy silnej kadry, kt\u00f3ra wkr\u00f3tce mia\u0142a odegra\u0107 kluczow\u0105 rol\u0119 na turnieju, docieraj\u0105c a\u017c do fina\u0142u.<\/p>\n<p>Koszulka zosta\u0142a wyprodukowana na bia\u0142ej bazie, z czerwonymi paskami biegn\u0105cymi po bokach oraz granatowym wyko\u0144czeniem ko\u0142nierza, co tworzy klasyczne zestawienie barw <strong>die franz\u00f6sische Nationalmannschaft<\/strong>. Projekt utrzymany jest w eleganckiej i minimalistycznej stylistyce charakterystycznej dla koszulek <strong>Nike<\/strong>.<\/p>\n<p>W\u00e4hrend dieses Zeitraums <strong>Franz\u00f6sische Nationalmannschaft<\/strong> opiera\u0142a swoj\u0105 gr\u0119 na takich zawodnikach jak <strong>Antoine Griezmann<\/strong>, kt\u00f3ry by\u0142 liderem ofensywy podczas Euro 2016, a tak\u017ce <strong>Paul Pogba<\/strong>, <strong>Olivier Giroud<\/strong>, <strong>Dimitri Payet<\/strong>, <strong>Blaise Matuidi<\/strong> oder <strong>Hugo Lloris<\/strong>, tworz\u0105c jedn\u0105 z najmocniejszych dru\u017cyn w Europie.<\/p>\n<p>Koszulka zosta\u0142a wykonana z lekkiego i przewiewnego materia\u0142u, a kr\u00f3j w rozmiarze S odpowiada standardom stosowanym przez <strong>Nike<\/strong>.<\/p>\n<p>Dies ist f\u00fcr Sammler und Fans, die ein originales Ausw\u00e4rtstrikot suchen <strong>die franz\u00f6sische Nationalmannschaft<\/strong> im Laufe der Jahre <strong>2015\/16<\/strong>, stanowi\u0105cej czytelny zapis przygotowa\u0144 do Euro 2016.<\/p>","protected":false},"featured_media":45627,"template":"","meta":{"_kad_blocks_custom_css":"","_kad_blocks_head_custom_js":"","_kad_blocks_body_custom_js":"","_kad_blocks_footer_custom_js":"","_kad_post_transparent":"default","_kad_post_title":"","_kad_post_layout":"default","_kad_post_sidebar_id":"","_kad_post_content_style":"default","_kad_post_vertical_padding":"default","_kad_post_feature":"","_kad_post_feature_position":"","_kad_post_header":false,"_kad_post_footer":false,"_kad_post_classname":""},"product_brand":[1284],"product_cat":[1454],"product_tag":[],"class_list":{"0":"post-45322","1":"product","2":"type-product","3":"status-publish","4":"has-post-thumbnail","6":"product_brand-nike","7":"product_cat-reprezentacja-francji","8":"pa_homeawaythird-away","9":"pa_rozmiar-s","11":"first","12":"instock","13":"taxable","14":"shipping-taxable","15":"purchasable","16":"product-type-simple","17":"entry","18":"content-bg","19":"loop-entry"},"taxonomy_info":{"product_brand":[{"value":1284,"label":"Nike"}],"product_cat":[{"value":1454,"label":"Francja"}],"pa_homeawaythird":[{"value":1598,"label":"Away"}],"pa_rozmiar":[{"value":1815,"label":"S"}]},"featured_image_src_large":["https:\/\/footballthrift.shop\/wp-content\/uploads\/2024\/07\/Photoroom_004_20240703_130829-1024x1024.png",1024,1024,true],"author_info":[],"comment_info":"","_links":{"self":[{"href":"https:\/\/footballthrift.shop\/de\/wp-json\/wp\/v2\/product\/45322","targetHints":{"allow":["GET"]}}],"collection":[{"href":"https:\/\/footballthrift.shop\/de\/wp-json\/wp\/v2\/product"}],"about":[{"href":"https:\/\/footballthrift.shop\/de\/wp-json\/wp\/v2\/types\/product"}],"wp:featuredmedia":[{"embeddable":true,"href":"https:\/\/footballthrift.shop\/de\/wp-json\/wp\/v2\/media\/45627"}],"wp:attachment":[{"href":"https:\/\/footballthrift.shop\/de\/wp-json\/wp\/v2\/media?parent=45322"}],"wp:term":[{"taxonomy":"product_brand","embeddable":true,"href":"https:\/\/footballthrift.shop\/de\/wp-json\/wp\/v2\/product_brand?post=45322"},{"taxonomy":"product_cat","embeddable":true,"href":"https:\/\/footballthrift.shop\/de\/wp-json\/wp\/v2\/product_cat?post=45322"},{"taxonomy":"product_tag","embeddable":true,"href":"https:\/\/footballthrift.shop\/de\/wp-json\/wp\/v2\/product_tag?post=45322"}],"curies":[{"name":"wp","href":"https:\/\/api.w.org\/{rel}","templated":true}]}}