{"id":45310,"date":"2024-07-07T15:47:46","date_gmt":"2024-07-07T13:47:46","guid":{"rendered":"https:\/\/footballthrift.shop\/?post_type=product&#038;p=45310"},"modified":"2026-04-10T11:48:38","modified_gmt":"2026-04-10T09:48:38","slug":"england-2006-08-auswarts-11-j-cole-xl","status":"publish","type":"product","link":"https:\/\/footballthrift.shop\/de\/anglia-2006-08-away-11-j-cole-xl\/","title":{"rendered":"Koszulka pi\u0142karska Anglia 2006\/08 Away 11 J. Cole [XL]"},"content":{"rendered":"<p><strong>Verein:<\/strong> England<\/p>\n<p><strong>Saison:<\/strong> 2006\/08 Ausw\u00e4rts<\/p>\n<p><strong>Gr\u00f6\u00dfe: <\/strong>XL<\/p>\n<p><strong>Zustand:<\/strong> Gut - Spuren eines gen\u00e4hten Lochs auf der R\u00fcckseite.<\/p>\n<p><strong>Ma\u00dfe (Achselbreite\/L\u00e4nge) in cm: <\/strong>58\/71<\/p>","protected":false},"excerpt":{"rendered":"<p><strong>Oryginalna wyjazdowa koszulka pi\u0142karska reprezentacji Anglii z lat 2006\/08 produkcji Umbro z nadrukiem Joe Cole\u2019a.\u00a0<\/strong><\/p>\n<p>Ausw\u00e4rtsmodell <strong>Englische Nationalmannschaft<\/strong> im Laufe der Jahre <strong>2006\/08<\/strong>hergestellt von <strong>Umbro<\/strong> w rozmiarze XL, pochodzi z okresu obejmuj\u0105cego mistrzostwa \u015bwiata 2006 oraz eliminacje do Euro 2008. Kadra prowadzona przez Svena-G\u00f6rana Erikssona, a nast\u0119pnie Steve\u2019a McClarena, dysponowa\u0142a szerokim wachlarzem utalentowanych zawodnik\u00f3w, cho\u0107 nie zdo\u0142a\u0142a prze\u0142o\u017cy\u0107 potencja\u0142u na sukces turniejowy.<\/p>\n<p>Koszulka zosta\u0142a wyprodukowana na czerwonej bazie, zachowuj\u0105c klasyczny i rozpoznawalny charakter wyjazdowych komplet\u00f3w <strong>Englische Nationalmannschaft<\/strong>. Projekt utrzymany jest w minimalistycznej stylistyce typowej dla <strong>Umbro<\/strong>, z naciskiem na prostot\u0119 i czytelno\u015b\u0107 formy.<\/p>\n<p>Auf der R\u00fcckseite befindet sich ein origineller Aufdruck. <strong>Joe Cole\u2019a<\/strong>, jednego z najbardziej kreatywnych zawodnik\u00f3w tamtej kadry. <strong>Joe Cole<\/strong> wyr\u00f3\u017cnia\u0142 si\u0119 technik\u0105 i odwag\u0105 w grze ofensywnej, a jego bramka przeciwko Szwecji na mundialu 2006 nale\u017cy do najbardziej pami\u0119tnych moment\u00f3w turnieju. W sk\u0142adzie znajdowali si\u0119 r\u00f3wnie\u017c m.in. <strong>Steven Gerrard<\/strong>, <strong>Frank Lampard<\/strong>, <strong>David Beckham<\/strong>, <strong>Wayne Rooney<\/strong> und <strong>John Terry<\/strong>, tworz\u0105c zesp\u00f3\u0142 pe\u0142en indywidualno\u015bci.<\/p>\n<p>Koszulka zosta\u0142a wykonana z lekkiego i przewiewnego materia\u0142u, a kr\u00f3j w rozmiarze XL odpowiada standardom stosowanym przez <strong>Umbro<\/strong>.<\/p>\n<p>Dies ist f\u00fcr Sammler und Fans, die ein originales Ausw\u00e4rtstrikot suchen <strong>Englische Nationalmannschaft<\/strong> im Laufe der Jahre <strong>2006\/08<\/strong>, stanowi\u0105cej czytelny zapis okresu pe\u0142nego gwiazd \u015bwiatowego formatu.<\/p>","protected":false},"featured_media":45532,"template":"","meta":{"_kad_blocks_custom_css":"","_kad_blocks_head_custom_js":"","_kad_blocks_body_custom_js":"","_kad_blocks_footer_custom_js":"","_kad_post_transparent":"default","_kad_post_title":"","_kad_post_layout":"default","_kad_post_sidebar_id":"","_kad_post_content_style":"default","_kad_post_vertical_padding":"default","_kad_post_feature":"","_kad_post_feature_position":"","_kad_post_header":false,"_kad_post_footer":false,"_kad_post_classname":""},"product_brand":[1285],"product_cat":[1447],"product_tag":[],"class_list":{"0":"post-45310","1":"product","2":"type-product","3":"status-publish","4":"has-post-thumbnail","6":"product_brand-umbro","7":"product_cat-reprezentacja-anglia","8":"pa_homeawaythird-away","9":"pa_rozmiar-xl","11":"first","12":"instock","13":"taxable","14":"shipping-taxable","15":"purchasable","16":"product-type-simple","17":"entry","18":"content-bg","19":"loop-entry"},"taxonomy_info":{"product_brand":[{"value":1285,"label":"Umbro"}],"product_cat":[{"value":1447,"label":"Anglia"}],"pa_homeawaythird":[{"value":1598,"label":"Away"}],"pa_rozmiar":[{"value":1818,"label":"XL"}]},"featured_image_src_large":["https:\/\/footballthrift.shop\/wp-content\/uploads\/2024\/07\/Photoroom_059_20240702_155531-1024x1024.png",1024,1024,true],"author_info":[],"comment_info":"","_links":{"self":[{"href":"https:\/\/footballthrift.shop\/de\/wp-json\/wp\/v2\/product\/45310","targetHints":{"allow":["GET"]}}],"collection":[{"href":"https:\/\/footballthrift.shop\/de\/wp-json\/wp\/v2\/product"}],"about":[{"href":"https:\/\/footballthrift.shop\/de\/wp-json\/wp\/v2\/types\/product"}],"wp:featuredmedia":[{"embeddable":true,"href":"https:\/\/footballthrift.shop\/de\/wp-json\/wp\/v2\/media\/45532"}],"wp:attachment":[{"href":"https:\/\/footballthrift.shop\/de\/wp-json\/wp\/v2\/media?parent=45310"}],"wp:term":[{"taxonomy":"product_brand","embeddable":true,"href":"https:\/\/footballthrift.shop\/de\/wp-json\/wp\/v2\/product_brand?post=45310"},{"taxonomy":"product_cat","embeddable":true,"href":"https:\/\/footballthrift.shop\/de\/wp-json\/wp\/v2\/product_cat?post=45310"},{"taxonomy":"product_tag","embeddable":true,"href":"https:\/\/footballthrift.shop\/de\/wp-json\/wp\/v2\/product_tag?post=45310"}],"curies":[{"name":"wp","href":"https:\/\/api.w.org\/{rel}","templated":true}]}}