{"id":45309,"date":"2024-07-07T15:47:47","date_gmt":"2024-07-07T13:47:47","guid":{"rendered":"https:\/\/footballthrift.shop\/?post_type=product&#038;p=45309"},"modified":"2026-04-08T17:32:33","modified_gmt":"2026-04-08T15:32:33","slug":"england-2018-20-auswarts-l","status":"publish","type":"product","link":"https:\/\/footballthrift.shop\/de\/anglia-2018-20-away-l\/","title":{"rendered":"Koszulka pi\u0142karska Anglia 2018\/20 Away [L]"},"content":{"rendered":"<p><strong>Verein:<\/strong> England<\/p>\n<p><strong>Saison:<\/strong> 2018\/20 Ausw\u00e4rts<\/p>\n<p><strong>Gr\u00f6\u00dfe: <\/strong>L<\/p>\n<p><strong>Zustand:<\/strong> Ausgezeichnet<\/p>\n<p><strong>Ma\u00dfe (Achselbreite\/L\u00e4nge) in cm: <\/strong>52\/72<\/p>","protected":false},"excerpt":{"rendered":"<p><strong>Oryginalna wyjazdowa koszulka pi\u0142karska reprezentacji Anglii z lat 2018\/20 produkcji Nike.\u00a0<\/strong><\/p>\n<p>Ausw\u00e4rtsmodell <strong>Englische Nationalmannschaft<\/strong> im Laufe der Jahre <strong>2018\/20<\/strong>hergestellt von <strong>Nike<\/strong> w rozmiarze L, pochodzi z bardzo udanego okresu dla kadry, obejmuj\u0105cego m.in. mistrzostwa \u015bwiata 2018, zako\u0144czone awansem do p\u00f3\u0142fina\u0142u. Zesp\u00f3\u0142 prowadzony przez Garetha Southgate\u2019a wyr\u00f3\u017cnia\u0142 si\u0119 nowoczesnym podej\u015bciem do gry oraz silnym, m\u0142odym sk\u0142adem, kt\u00f3ry szybko sta\u0142 si\u0119 jednym z najbardziej ekscytuj\u0105cych w Europie.<\/p>\n<p>Koszulka zosta\u0142a wyprodukowana na czerwonej bazie, z subtelnym motywem ciemnego krzy\u017ca widocznym na froncie, co stanowi nawi\u0105zanie do symboliki narodowej <strong>Englische Nationalmannschaft<\/strong>. Projekt utrzymany jest w minimalistycznej stylistyce, charakterystycznej dla koszulek <strong>Nike<\/strong>, z naciskiem na prostot\u0119 i wyrazisto\u015b\u0107 detali.<\/p>\n<p>W\u00e4hrend dieses Zeitraums <strong>Englische Nationalmannschaft<\/strong> opiera\u0142a swoj\u0105 gr\u0119 na takich zawodnikach jak <strong>Harry Kane<\/strong>, b\u0119d\u0105cy liderem ofensywy i kr\u00f3lem strzelc\u00f3w mundialu 2018, a tak\u017ce <strong>Raheem Sterling<\/strong>, <strong>Dele Alli<\/strong>, <strong>Jordanien Henderson<\/strong>, <strong>Harry Maguire<\/strong> oder <strong>Kieran Trippier<\/strong>, kt\u00f3rzy tworzyli trzon zespo\u0142u osi\u0105gaj\u0105cego jeden z najlepszych wynik\u00f3w w historii wsp\u00f3\u0142czesnej kadry.<\/p>\n<p>Koszulka zosta\u0142a wykonana z lekkiego i przewiewnego materia\u0142u, a kr\u00f3j w rozmiarze L odpowiada standardom stosowanym przez <strong>Nike<\/strong>.<\/p>\n<p>Dies ist f\u00fcr Sammler und Fans, die ein originales Ausw\u00e4rtstrikot suchen <strong>Englische Nationalmannschaft<\/strong> im Laufe der Jahre <strong>2018\/20<\/strong>, stanowi\u0105cej czytelny zapis jej powrotu do \u015bwiatowej czo\u0142\u00f3wki.<\/p>","protected":false},"featured_media":45524,"template":"","meta":{"_kad_blocks_custom_css":"","_kad_blocks_head_custom_js":"","_kad_blocks_body_custom_js":"","_kad_blocks_footer_custom_js":"","_kad_post_transparent":"default","_kad_post_title":"","_kad_post_layout":"default","_kad_post_sidebar_id":"","_kad_post_content_style":"default","_kad_post_vertical_padding":"default","_kad_post_feature":"","_kad_post_feature_position":"","_kad_post_header":false,"_kad_post_footer":false,"_kad_post_classname":""},"product_brand":[1284],"product_cat":[1447],"product_tag":[],"class_list":{"0":"post-45309","1":"product","2":"type-product","3":"status-publish","4":"has-post-thumbnail","6":"product_brand-nike","7":"product_cat-reprezentacja-anglia","8":"pa_homeawaythird-away","9":"pa_rozmiar-l","11":"first","12":"instock","13":"taxable","14":"shipping-taxable","15":"purchasable","16":"product-type-simple","17":"entry","18":"content-bg","19":"loop-entry"},"taxonomy_info":{"product_brand":[{"value":1284,"label":"Nike"}],"product_cat":[{"value":1447,"label":"Anglia"}],"pa_homeawaythird":[{"value":1598,"label":"Away"}],"pa_rozmiar":[{"value":1817,"label":"L"}]},"featured_image_src_large":["https:\/\/footballthrift.shop\/wp-content\/uploads\/2024\/07\/Photoroom_062_20240702_155531-1024x1024.png",1024,1024,true],"author_info":[],"comment_info":"","_links":{"self":[{"href":"https:\/\/footballthrift.shop\/de\/wp-json\/wp\/v2\/product\/45309","targetHints":{"allow":["GET"]}}],"collection":[{"href":"https:\/\/footballthrift.shop\/de\/wp-json\/wp\/v2\/product"}],"about":[{"href":"https:\/\/footballthrift.shop\/de\/wp-json\/wp\/v2\/types\/product"}],"wp:featuredmedia":[{"embeddable":true,"href":"https:\/\/footballthrift.shop\/de\/wp-json\/wp\/v2\/media\/45524"}],"wp:attachment":[{"href":"https:\/\/footballthrift.shop\/de\/wp-json\/wp\/v2\/media?parent=45309"}],"wp:term":[{"taxonomy":"product_brand","embeddable":true,"href":"https:\/\/footballthrift.shop\/de\/wp-json\/wp\/v2\/product_brand?post=45309"},{"taxonomy":"product_cat","embeddable":true,"href":"https:\/\/footballthrift.shop\/de\/wp-json\/wp\/v2\/product_cat?post=45309"},{"taxonomy":"product_tag","embeddable":true,"href":"https:\/\/footballthrift.shop\/de\/wp-json\/wp\/v2\/product_tag?post=45309"}],"curies":[{"name":"wp","href":"https:\/\/api.w.org\/{rel}","templated":true}]}}