{"id":44885,"date":"2024-06-30T16:56:50","date_gmt":"2024-06-30T14:56:50","guid":{"rendered":"https:\/\/footballthrift.shop\/?post_type=product&#038;p=44885"},"modified":"2026-04-10T15:07:09","modified_gmt":"2026-04-10T13:07:09","slug":"kamerun-2009-11-home-l","status":"publish","type":"product","link":"https:\/\/footballthrift.shop\/de\/kamerun-2009-11-home-l\/","title":{"rendered":"Koszulka pi\u0142karska Kamerun 2010\/12 Home [L]"},"content":{"rendered":"<p><strong>Verein:<\/strong> Kamerun<\/p>\n<p><strong>Saison:<\/strong> 2010\/12 Startseite<\/p>\n<p><strong>Gr\u00f6\u00dfe: <\/strong>L<\/p>\n<p><strong>Zustand:<\/strong> Sehr gut - ein paar Mikrostiche.<\/p>\n<p><strong>Ma\u00dfe (Achselbreite\/L\u00e4nge) in cm: <\/strong>55\/73<\/p>","protected":false},"excerpt":{"rendered":"<p><strong>Oryginalna domowa koszulka pi\u0142karska reprezentacji Kamerunu z lat 2010\/12 produkcji Pumy.\u00a0<\/strong><\/p>\n<p>Heimmodell <strong>Vertretung Kameruns<\/strong> im Laufe der Jahre <strong>2010\/12<\/strong>hergestellt von <strong>Puma<\/strong> w rozmiarze L, pochodzi z okresu wyst\u0119pu kadry na mistrzostwach \u015bwiata 2010 w Republice Po\u0142udniowej Afryki. Turniej okaza\u0142 si\u0119 dla zespo\u0142u rozczarowaniem, gdy\u017c jako jedna z pierwszych dru\u017cyn odpad\u0142 z rywalizacji, mimo obecno\u015bci do\u015bwiadczonych i uznanych zawodnik\u00f3w.<\/p>\n<p>Koszulka zosta\u0142a wyprodukowana na zielonej bazie, z czerwonymi wyko\u0144czeniami r\u0119kawk\u00f3w, kt\u00f3re nawi\u0105zuj\u0105 do narodowych barw <strong>Vertretung Kameruns<\/strong>. Projekt zachowuje prosty i klasyczny charakter, typowy dla koszulek <strong>Pumas<\/strong> aus dieser Zeit.<\/p>\n<p>W tym czasie <strong>reprezentacja Kamerunu<\/strong> opiera\u0142a swoj\u0105 gr\u0119 na takich zawodnikach jak <strong>Samuel Eto'o<\/strong>, b\u0119d\u0105cy liderem i kapitanem dru\u017cyny, a tak\u017ce <strong>Alex Song<\/strong>, <strong>Jean II Makoun<\/strong>, <strong>Beno\u00eet Assou-Ekotto<\/strong> oder <strong>Carlos Kameni<\/strong>, kt\u00f3rzy tworzyli trzon zespo\u0142u podczas mundialu 2010.<\/p>\n<p>Koszulka zosta\u0142a wykonana z lekkiego i przewiewnego materia\u0142u, a kr\u00f3j w rozmiarze L odpowiada standardom stosowanym przez <strong>Puma<\/strong>.<\/p>\n<p>F\u00fcr Sammler und Fans, die ein originales Heimtrikot suchen <strong>Vertretung Kameruns<\/strong> im Laufe der Jahre <strong>2010\/12<\/strong>, stanowi\u0105cej czytelny zapis jej wyst\u0119pu na mundialu 2010.<\/p>","protected":false},"featured_media":44944,"template":"","meta":{"_kad_blocks_custom_css":"","_kad_blocks_head_custom_js":"","_kad_blocks_body_custom_js":"","_kad_blocks_footer_custom_js":"","_kad_post_transparent":"default","_kad_post_title":"","_kad_post_layout":"default","_kad_post_sidebar_id":"","_kad_post_content_style":"default","_kad_post_vertical_padding":"default","_kad_post_feature":"","_kad_post_feature_position":"","_kad_post_header":false,"_kad_post_footer":false,"_kad_post_classname":""},"product_brand":[1287],"product_cat":[1414],"product_tag":[],"class_list":{"0":"post-44885","1":"product","2":"type-product","3":"status-publish","4":"has-post-thumbnail","6":"product_brand-puma","7":"product_cat-reprezentacje-afryka","8":"pa_homeawaythird-home","9":"pa_rozmiar-l","11":"first","12":"instock","13":"taxable","14":"shipping-taxable","15":"purchasable","16":"product-type-simple","17":"entry","18":"content-bg","19":"loop-entry"},"taxonomy_info":{"product_brand":[{"value":1287,"label":"Puma"}],"product_cat":[{"value":1414,"label":"Afryka"}],"pa_homeawaythird":[{"value":1597,"label":"Home"}],"pa_rozmiar":[{"value":1817,"label":"L"}]},"featured_image_src_large":["https:\/\/footballthrift.shop\/wp-content\/uploads\/2024\/06\/Photoroom_052_20240625_182121-1024x1024.png",1024,1024,true],"author_info":[],"comment_info":"","_links":{"self":[{"href":"https:\/\/footballthrift.shop\/de\/wp-json\/wp\/v2\/product\/44885","targetHints":{"allow":["GET"]}}],"collection":[{"href":"https:\/\/footballthrift.shop\/de\/wp-json\/wp\/v2\/product"}],"about":[{"href":"https:\/\/footballthrift.shop\/de\/wp-json\/wp\/v2\/types\/product"}],"wp:featuredmedia":[{"embeddable":true,"href":"https:\/\/footballthrift.shop\/de\/wp-json\/wp\/v2\/media\/44944"}],"wp:attachment":[{"href":"https:\/\/footballthrift.shop\/de\/wp-json\/wp\/v2\/media?parent=44885"}],"wp:term":[{"taxonomy":"product_brand","embeddable":true,"href":"https:\/\/footballthrift.shop\/de\/wp-json\/wp\/v2\/product_brand?post=44885"},{"taxonomy":"product_cat","embeddable":true,"href":"https:\/\/footballthrift.shop\/de\/wp-json\/wp\/v2\/product_cat?post=44885"},{"taxonomy":"product_tag","embeddable":true,"href":"https:\/\/footballthrift.shop\/de\/wp-json\/wp\/v2\/product_tag?post=44885"}],"curies":[{"name":"wp","href":"https:\/\/api.w.org\/{rel}","templated":true}]}}