{"id":44884,"date":"2024-06-30T16:56:51","date_gmt":"2024-06-30T14:56:51","guid":{"rendered":"https:\/\/footballthrift.shop\/?post_type=product&#038;p=44884"},"modified":"2026-04-10T14:58:25","modified_gmt":"2026-04-10T12:58:25","slug":"kamerun-2000-01-away-xl","status":"publish","type":"product","link":"https:\/\/footballthrift.shop\/de\/kamerun-2000-01-away-xl\/","title":{"rendered":"Koszulka pi\u0142karska Kamerun 2000\/02 Away [XL]"},"content":{"rendered":"<p><strong>Verein:<\/strong> Kamerun<\/p>\n<p><strong>Saison:<\/strong> 2000\/02 Ausw\u00e4rts<\/p>\n<p><strong>Gr\u00f6\u00dfe: <\/strong>XL<\/p>\n<p><strong>Zustand:<\/strong> Befriedigend - gerissene Fahnen auf den \u00c4rmeln, Aufkleber auf der Vorderseite und ein paar kleine und mittlere Flecken.<\/p>\n<p><strong>Ma\u00dfe (Achselbreite\/L\u00e4nge) in cm: <\/strong>58\/73 (vorne), 80 (hinten)<\/p>","protected":false},"excerpt":{"rendered":"<p><strong>Oryginalna wyjazdowa koszulka pi\u0142karska reprezentacji Kamerunu z lat 2000\/02 produkcji Pumy.\u00a0<\/strong><\/p>\n<p>Ausw\u00e4rtsmodell <strong>Vertretung Kameruns<\/strong> im Laufe der Jahre <strong>2000\/02<\/strong>hergestellt von <strong>Puma<\/strong> w rozmiarze XL, pochodzi z okresu jednego z najwi\u0119kszych sukces\u00f3w w historii tej kadry, zako\u0144czonego zdobyciem Pucharu Narod\u00f3w Afryki oraz udanymi eliminacjami do mistrzostw \u015bwiata 2002. Zesp\u00f3\u0142 nale\u017ca\u0142 w\u00f3wczas do \u015bcis\u0142ej czo\u0142\u00f3wki afryka\u0144skiego futbolu, imponuj\u0105c si\u0142\u0105 fizyczn\u0105 i skuteczno\u015bci\u0105.<\/p>\n<p>Koszulka zosta\u0142a wyprodukowana na \u017c\u00f3\u0142tej bazie, z zielonymi i czerwonymi wyko\u0144czeniami, kt\u00f3re nawi\u0105zuj\u0105 do narodowych barw <strong>Vertretung Kameruns<\/strong>. Projekt utrzymany jest w charakterystycznej stylistyce koszulek <strong>Pumas<\/strong> z pocz\u0105tku lat 2000, z wyra\u017anym akcentem na prostot\u0119 i kontrast kolorystyczny.<\/p>\n<p>W\u00e4hrend dieses Zeitraums <strong>reprezentacja Kamerunu<\/strong> opiera\u0142a swoj\u0105 gr\u0119 na takich zawodnikach jak <strong>Samuel Eto'o<\/strong>, kt\u00f3ry by\u0142 jednym z lider\u00f3w ofensywy, a tak\u017ce <strong>Patrick Mboma<\/strong>, <strong>Rigobert Song<\/strong>, <strong>Marc-Vivien Fo\u00e9<\/strong> oder <strong>Geremi Njitap<\/strong>, tworz\u0105c dru\u017cyn\u0119 zdoln\u0105 do rywalizacji na najwy\u017cszym poziomie mi\u0119dzynarodowym.<\/p>\n<p>Koszulka zosta\u0142a wykonana z lekkiego i przewiewnego materia\u0142u, a kr\u00f3j w rozmiarze XL odpowiada standardom stosowanym przez <strong>Puma<\/strong>.<\/p>\n<p>Dies ist f\u00fcr Sammler und Fans, die ein originales Ausw\u00e4rtstrikot suchen <strong>Vertretung Kameruns<\/strong> im Laufe der Jahre <strong>2000\/02<\/strong>, stanowi\u0105cej czytelny zapis jej drogi do mundialu 2002.<\/p>","protected":false},"featured_media":44932,"template":"","meta":{"_kad_blocks_custom_css":"","_kad_blocks_head_custom_js":"","_kad_blocks_body_custom_js":"","_kad_blocks_footer_custom_js":"","_kad_post_transparent":"default","_kad_post_title":"","_kad_post_layout":"default","_kad_post_sidebar_id":"","_kad_post_content_style":"default","_kad_post_vertical_padding":"default","_kad_post_feature":"","_kad_post_feature_position":"","_kad_post_header":false,"_kad_post_footer":false,"_kad_post_classname":""},"product_brand":[1287],"product_cat":[1414],"product_tag":[],"class_list":{"0":"post-44884","1":"product","2":"type-product","3":"status-publish","4":"has-post-thumbnail","6":"product_brand-puma","7":"product_cat-reprezentacje-afryka","8":"pa_homeawaythird-away","9":"pa_rozmiar-xl","11":"first","12":"instock","13":"taxable","14":"shipping-taxable","15":"purchasable","16":"product-type-simple","17":"entry","18":"content-bg","19":"loop-entry"},"taxonomy_info":{"product_brand":[{"value":1287,"label":"Puma"}],"product_cat":[{"value":1414,"label":"Afryka"}],"pa_homeawaythird":[{"value":1598,"label":"Away"}],"pa_rozmiar":[{"value":1818,"label":"XL"}]},"featured_image_src_large":["https:\/\/footballthrift.shop\/wp-content\/uploads\/2024\/06\/Photoroom_050_20240625_182121-1024x1024.png",1024,1024,true],"author_info":[],"comment_info":"","_links":{"self":[{"href":"https:\/\/footballthrift.shop\/de\/wp-json\/wp\/v2\/product\/44884","targetHints":{"allow":["GET"]}}],"collection":[{"href":"https:\/\/footballthrift.shop\/de\/wp-json\/wp\/v2\/product"}],"about":[{"href":"https:\/\/footballthrift.shop\/de\/wp-json\/wp\/v2\/types\/product"}],"wp:featuredmedia":[{"embeddable":true,"href":"https:\/\/footballthrift.shop\/de\/wp-json\/wp\/v2\/media\/44932"}],"wp:attachment":[{"href":"https:\/\/footballthrift.shop\/de\/wp-json\/wp\/v2\/media?parent=44884"}],"wp:term":[{"taxonomy":"product_brand","embeddable":true,"href":"https:\/\/footballthrift.shop\/de\/wp-json\/wp\/v2\/product_brand?post=44884"},{"taxonomy":"product_cat","embeddable":true,"href":"https:\/\/footballthrift.shop\/de\/wp-json\/wp\/v2\/product_cat?post=44884"},{"taxonomy":"product_tag","embeddable":true,"href":"https:\/\/footballthrift.shop\/de\/wp-json\/wp\/v2\/product_tag?post=44884"}],"curies":[{"name":"wp","href":"https:\/\/api.w.org\/{rel}","templated":true}]}}