{"id":44882,"date":"2024-06-30T16:56:52","date_gmt":"2024-06-30T14:56:52","guid":{"rendered":"https:\/\/footballthrift.shop\/?post_type=product&#038;p=44882"},"modified":"2026-04-10T14:38:04","modified_gmt":"2026-04-10T12:38:04","slug":"match-issue-reprezentacja-kobiet-nrd-1987-88-away-2-l","status":"publish","type":"product","link":"https:\/\/footballthrift.shop\/de\/match-issue-reprezentacja-kobiet-nrd-1987-88-away-2-l\/","title":{"rendered":"Koszulka pi\u0142karska MATCH ISSUE Reprezentacja Kobiet NRD 1987\/88 Away 2 [L]"},"content":{"rendered":"<p><strong>Verein:<\/strong> Deutsche Demokratische Republik<\/p>\n<p><strong>Saison:<\/strong> 1987\/88 Ausw\u00e4rts<\/p>\n<p><strong>Gr\u00f6\u00dfe: <\/strong>L<\/p>\n<p><strong>Zustand:<\/strong> Ausgezeichnet<\/p>\n<p><strong>Ma\u00dfe (Achselbreite\/L\u00e4nge) in cm: <\/strong>53\/85<\/p>","protected":false},"excerpt":{"rendered":"<p><strong>Oryginalna wyjazdowa koszulka pi\u0142karska reprezentacji NRD z sezonu 1987\/88 produkcji Adidasa.\u00a0<\/strong><\/p>\n<p>Ausw\u00e4rtsmodell <strong>reprezentacji NRD<\/strong> aus der Saison <strong>1987\/88<\/strong>hergestellt von <strong>Adidas<\/strong> w rozmiarze L, pochodzi z ko\u0144cowego okresu istnienia wschodnioniemieckiej federacji, kiedy funkcjonowa\u0142a r\u00f3wnie\u017c kobieca kadra narodowa. Koszulka by\u0142a wykorzystywana przez <strong>reprezentacj\u0119 kobiet NRD<\/strong>, stanowi\u0105c dzi\u015b rzadki i ciekawy element historii futbolu z tamtego okresu.<\/p>\n<p>Koszulka zosta\u0142a wyprodukowana na niebieskiej bazie, z subtelnymi, poziomymi pasami widocznymi na froncie, kt\u00f3re nadaj\u0105 projektowi charakterystyczn\u0105 struktur\u0119. Ca\u0142o\u015b\u0107 uzupe\u0142nia bia\u0142e wyko\u0144czenie ko\u0142nierza oraz paski charakterystyczne dla projekt\u00f3w <strong>Adidas<\/strong> umieszczone na r\u0119kawkach, tworz\u0105c klasyczny i czytelny uk\u0142ad wizualny.<\/p>\n<p>Na plecach znajduje si\u0119 numer 2, zgodny z oznaczeniami stosowanymi w meczowych kompletach <strong>reprezentacji NRD kobiet<\/strong>, co podkre\u015bla u\u017cytkowy charakter tej koszulki i jej bezpo\u015brednie powi\u0105zanie z wyst\u0119pami na boisku.<\/p>\n<p>Koszulka zosta\u0142a wykonana z lekkiego i przewiewnego materia\u0142u, a kr\u00f3j w rozmiarze L odpowiada standardom stosowanym przez <strong>Adidas<\/strong>.<\/p>\n<p>Dies ist f\u00fcr Sammler und Fans, die ein originales Ausw\u00e4rtstrikot suchen <strong>reprezentacji NRD<\/strong> aus der Saison <strong>1987\/88<\/strong>, stanowi\u0105cej czytelny zapis ko\u0144cowego etapu istnienia tej kadry.<\/p>","protected":false},"featured_media":44915,"template":"","meta":{"_kad_blocks_custom_css":"","_kad_blocks_head_custom_js":"","_kad_blocks_body_custom_js":"","_kad_blocks_footer_custom_js":"","_kad_post_transparent":"default","_kad_post_title":"","_kad_post_layout":"default","_kad_post_sidebar_id":"","_kad_post_content_style":"default","_kad_post_vertical_padding":"default","_kad_post_feature":"","_kad_post_feature_position":"","_kad_post_header":false,"_kad_post_footer":false,"_kad_post_classname":""},"product_brand":[1283],"product_cat":[1477,1409],"product_tag":[],"class_list":{"0":"post-44882","1":"product","2":"type-product","3":"status-publish","4":"has-post-thumbnail","6":"product_brand-adidas","7":"product_cat-reprezentacja-niemiec","8":"product_cat-match-worn-issue","9":"pa_homeawaythird-away","10":"pa_rozmiar-l","12":"first","13":"instock","14":"taxable","15":"shipping-taxable","16":"purchasable","17":"product-type-simple","18":"entry","19":"content-bg","20":"loop-entry"},"taxonomy_info":{"product_brand":[{"value":1283,"label":"Adidas"}],"product_cat":[{"value":1477,"label":"Niemcy"},{"value":1409,"label":"MATCH WORN &amp; ISSUE"}],"pa_homeawaythird":[{"value":1598,"label":"Away"}],"pa_rozmiar":[{"value":1817,"label":"L"}]},"featured_image_src_large":["https:\/\/footballthrift.shop\/wp-content\/uploads\/2024\/06\/Photoroom_046_20240625_182121-1024x1024.png",1024,1024,true],"author_info":[],"comment_info":"","_links":{"self":[{"href":"https:\/\/footballthrift.shop\/de\/wp-json\/wp\/v2\/product\/44882","targetHints":{"allow":["GET"]}}],"collection":[{"href":"https:\/\/footballthrift.shop\/de\/wp-json\/wp\/v2\/product"}],"about":[{"href":"https:\/\/footballthrift.shop\/de\/wp-json\/wp\/v2\/types\/product"}],"wp:featuredmedia":[{"embeddable":true,"href":"https:\/\/footballthrift.shop\/de\/wp-json\/wp\/v2\/media\/44915"}],"wp:attachment":[{"href":"https:\/\/footballthrift.shop\/de\/wp-json\/wp\/v2\/media?parent=44882"}],"wp:term":[{"taxonomy":"product_brand","embeddable":true,"href":"https:\/\/footballthrift.shop\/de\/wp-json\/wp\/v2\/product_brand?post=44882"},{"taxonomy":"product_cat","embeddable":true,"href":"https:\/\/footballthrift.shop\/de\/wp-json\/wp\/v2\/product_cat?post=44882"},{"taxonomy":"product_tag","embeddable":true,"href":"https:\/\/footballthrift.shop\/de\/wp-json\/wp\/v2\/product_tag?post=44882"}],"curies":[{"name":"wp","href":"https:\/\/api.w.org\/{rel}","templated":true}]}}